{"id":122,"date":"2009-07-08T17:41:58","date_gmt":"2009-07-08T15:41:58","guid":{"rendered":"http:\/\/www.preukaz.sk\/?page_id=122"},"modified":"2019-07-07T09:38:03","modified_gmt":"2019-07-07T07:38:03","slug":"zdravotna-sposobilost","status":"publish","type":"page","link":"https:\/\/preukaz.sk\/index.php\/vodicsky-preukaz\/zdravotna-sposobilost\/","title":{"rendered":"Zdravotn\u00e1 sp\u00f4sobilos\u0165 | Vodi\u010dsk\u00fd preukaz"},"content":{"rendered":"<p>Zdravotnou sp\u00f4sobilos\u0165ou sa rozumie telesn\u00e1 a du\u0161evn\u00e1 schopnos\u0165 vies\u0165 motorov\u00e9 vozidlo. Posudzuje sa lek\u00e1rskou prehliadkou, pri\u010dom n\u00e1klady s t\u00fdm spojen\u00e9 uhr\u00e1dza ten, koho zdravotn\u00e1 sp\u00f4sobilos\u0165 sa posudzuje.<\/p>\n<p>Zdravotn\u00e1 sp\u00f4sobilos\u0165 m\u00f4\u017ee by\u0165 na z\u00e1klade zdravotn\u00e9ho stavu osoby podmienen\u00e1:<br \/>\n \u2022 pou\u017eit\u00edm zdravotn\u00edckej pom\u00f4cky pri veden\u00ed motorov\u00e9ho vozidla,<br \/>\n \u2022 mo\u017enos\u0165ou vies\u0165 len technicky upraven\u00e9 vozidlo,<br \/>\n \u2022 pravideln\u00fdm podrobovan\u00edm sa lek\u00e1rskej prehliadke,<br \/>\n \u2022 in\u00fdmi obmedzeniami pod\u013ea z\u00e1verov lek\u00e1rskej prehliadky.<\/p>\n<p>Lek\u00e1rskej prehliadke je povinn\u00fd podrobi\u0165 sa:<br \/>\n \u2022 \u017eiadate\u013e o udelenie vodi\u010dsk\u00e9ho opr\u00e1vnenia a<br \/>\n \u2022 in\u00e1 osoba, ktorej tak\u00e1 povinnos\u0165 vypl\u00fdva zo z\u00e1kona.<\/p>\n<p><strong>Pravideln\u00e9 lek\u00e1rske prehliadky<\/strong><br \/>\nPravideln\u00fdm lek\u00e1rskym prehliadkam ka\u017ed\u00fdch p\u00e4\u0165 rokov a po dosiahnut\u00ed veku 65 rokov ka\u017ed\u00e9 dva roky s\u00fa povinn\u00ed podrobi\u0165 sa vodi\u010di, ktor\u00ed:<br \/>\n \u2022 ved\u00fa motorov\u00e9 vozidlo skupiny C, C+E, D, D + E a podskupiny C1, C1 + E, D1, D1 + E,<br \/>\n \u2022 ved\u00fa vozidlo s pr\u00e1vom prednostnej jazdy, motorov\u00e9 vozidlo vyu\u017e\u00edvan\u00e9 na zasielate\u013estvo a taxislu\u017ebu a na poskytovanie po\u0161tov\u00fdch slu\u017eieb.<\/p>\n<p>Ostatn\u00ed vodi\u010di s\u00fa povinn\u00ed podrobi\u0165 sa pravidelnej lek\u00e1rskej prehliadke najsk\u00f4r dva mesiace pred dosiahnut\u00edm veku 65 rokov a najnesk\u00f4r do dvoch mesiacov po dosiahnut\u00ed veku 65 rokov a n\u00e1sledne ka\u017ed\u00e9 dva roky.<\/p>\n<p>Vodi\u010di, ktor\u00ed sa musia podrobova\u0165 pravideln\u00fdm lek\u00e1rskym prehliadkam, musia ma\u0165 pri veden\u00ed motorov\u00e9ho vozidla pri sebe doklad o zdravotnej sp\u00f4sobilosti a na v\u00fdzvu policajta s\u00fa povinn\u00ed sa tak\u00fdmto dokladom preuk\u00e1za\u0165. Doklad nesmie by\u0165 star\u0161\u00ed ako p\u00e4\u0165 rokov, a ak ide o vodi\u010dov star\u0161\u00edch ako 65 rokov, nesmie by\u0165 star\u0161\u00ed ako dva roky.<\/p>\n","protected":false},"excerpt":{"rendered":"<p>Zdravotnou sp\u00f4sobilos\u0165ou sa rozumie telesn\u00e1 a du\u0161evn\u00e1 schopnos\u0165 vies\u0165 motorov\u00e9 vozidlo. Posudzuje sa lek\u00e1rskou prehliadkou, pri\u010dom n\u00e1klady s t\u00fdm spojen\u00e9 uhr\u00e1dza ten, koho zdravotn\u00e1 sp\u00f4sobilos\u0165 sa posudzuje. Zdravotn\u00e1 sp\u00f4sobilos\u0165 m\u00f4\u017ee by\u0165 na z\u00e1klade zdravotn\u00e9ho stavu osoby podmienen\u00e1: \u2022 pou\u017eit\u00edm zdravotn\u00edckej pom\u00f4cky pri veden\u00ed motorov\u00e9ho vozidla, \u2022 mo\u017enos\u0165ou vies\u0165 len technicky upraven\u00e9 vozidlo, \u2022 pravideln\u00fdm podrobovan\u00edm [&hellip;]<\/p>\n","protected":false},"author":1,"featured_media":0,"parent":62,"menu_order":30,"comment_status":"closed","ping_status":"closed","template":"","meta":{"spay_email":"","footnotes":""},"_links":{"self":[{"href":"https:\/\/preukaz.sk\/index.php\/wp-json\/wp\/v2\/pages\/122"}],"collection":[{"href":"https:\/\/preukaz.sk\/index.php\/wp-json\/wp\/v2\/pages"}],"about":[{"href":"https:\/\/preukaz.sk\/index.php\/wp-json\/wp\/v2\/types\/page"}],"author":[{"embeddable":true,"href":"https:\/\/preukaz.sk\/index.php\/wp-json\/wp\/v2\/users\/1"}],"replies":[{"embeddable":true,"href":"https:\/\/preukaz.sk\/index.php\/wp-json\/wp\/v2\/comments?post=122"}],"version-history":[{"count":1,"href":"https:\/\/preukaz.sk\/index.php\/wp-json\/wp\/v2\/pages\/122\/revisions"}],"predecessor-version":[{"id":628,"href":"https:\/\/preukaz.sk\/index.php\/wp-json\/wp\/v2\/pages\/122\/revisions\/628"}],"up":[{"embeddable":true,"href":"https:\/\/preukaz.sk\/index.php\/wp-json\/wp\/v2\/pages\/62"}],"wp:attachment":[{"href":"https:\/\/preukaz.sk\/index.php\/wp-json\/wp\/v2\/media?parent=122"}],"curies":[{"name":"wp","href":"https:\/\/api.w.org\/{rel}","templated":true}]}}