{"id":126,"date":"2009-07-08T17:45:08","date_gmt":"2009-07-08T15:45:08","guid":{"rendered":"http:\/\/www.preukaz.sk\/?page_id=126"},"modified":"2019-07-07T09:37:58","modified_gmt":"2019-07-07T07:37:58","slug":"preskusanie-a-preskumanie-sposobilosti","status":"publish","type":"page","link":"https:\/\/preukaz.sk\/index.php\/vodicsky-preukaz\/preskusanie-a-preskumanie-sposobilosti\/","title":{"rendered":"Presk\u00fa\u0161anie a presk\u00famanie sp\u00f4sobilosti | Vodi\u010dsk\u00fd preukaz"},"content":{"rendered":"<p>Org\u00e1n Policajn\u00e9ho zboru rozhodne o presk\u00fa\u0161an\u00ed odbornej sp\u00f4sobilosti dr\u017eite\u013ea vodi\u010dsk\u00e9ho opr\u00e1vnenia, ak mo\u017eno d\u00f4vodne predpoklada\u0165, \u017ee u neho nastala zmena tejto sp\u00f4sobilosti, najm\u00e4 ak preuk\u00e1zate\u013ene nevykon\u00e1val alebo nemohol vykon\u00e1va\u0165 \u010dinnos\u0165 vedenia vozidla viac ako dva roky.<\/p>\n<p>Ak dr\u017eite\u013e vodi\u010dsk\u00e9ho opr\u00e1vnenia v posledn\u00fdch dvan\u00e1stich mesiacoch ako vodi\u010d motorov\u00e9ho vozidla trikr\u00e1t z\u00e1va\u017en\u00fdm sp\u00f4sobom poru\u0161\u00ed pravidl\u00e1 cestnej prem\u00e1vky, org\u00e1n Policajn\u00e9ho zboru rozhodne o presk\u00fa\u0161an\u00ed jeho odbornej sp\u00f4sobilosti sk\u00fa\u0161kou z predpisov o cestnej prem\u00e1vke a tie\u017e o presk\u00faman\u00ed jeho zdravotnej a psychickej sp\u00f4sobilosti.<\/p>\n<p>Ak mo\u017eno d\u00f4vodne predpoklada\u0165, \u017ee nastala zmena zdravotnej alebo psychickej sp\u00f4sobilosti dr\u017eite\u013ea vodi\u010dsk\u00e9ho opr\u00e1vnenia, najm\u00e4 na z\u00e1klade ozn\u00e1menia poskytovate\u013ea zdravotnej starostlivosti, ktor\u00fd zistil skuto\u010dnosti podmie\u0148uj\u00face alebo vylu\u010duj\u00face zdravotn\u00fa sp\u00f4sobilos\u0165 na vedenie motorov\u00e9ho vozidla, org\u00e1n Policajn\u00e9ho zboru rozhodne o presk\u00faman\u00ed jeho zdravotnej alebo psychickej sp\u00f4sobilosti a ur\u010d\u00ed lehotu na jej presk\u00famanie.<\/p>\n<p>Org\u00e1n Policajn\u00e9ho zboru m\u00f4\u017ee rozhodn\u00fa\u0165 o presk\u00faman\u00ed zdravotnej a psychickej sp\u00f4sobilosti aj vtedy, ak dr\u017eite\u013e vodi\u010dsk\u00e9ho opr\u00e1vnenia poru\u0161\u00ed pravidl\u00e1 cestnej prem\u00e1vky po\u017eit\u00edm alkoholu alebo inej n\u00e1vykovej l\u00e1tky alebo sa odmietne podrobi\u0165 vy\u0161etreniu na ich zistenie.<\/p>\n<p>Ten, kto na z\u00e1klade rozhodnutia pr\u00edslu\u0161n\u00e9ho org\u00e1nu nesmel vykon\u00e1va\u0165 \u010dinnos\u0165 vedenia motorov\u00e9ho vozidla, sa mus\u00ed pred vr\u00e1ten\u00edm vodi\u010dsk\u00e9ho preukazu, pred vr\u00e1ten\u00edm vodi\u010dsk\u00e9ho opr\u00e1vnenia alebo obnoven\u00edm jeho rozsahu podrobi\u0165 presk\u00fa\u0161aniu odbornej sp\u00f4sobilosti na vedenie motorov\u00e9ho vozidla sk\u00fa\u0161kou z predpisov o cestnej prem\u00e1vke. Ak z\u00e1kaz vedenia motorov\u00e9ho vozidla trval viac ako dva roky, mus\u00ed sa podrobi\u0165 presk\u00famaniu zdravotnej a psychickej sp\u00f4sobilosti a presk\u00fa\u0161aniu odbornej sp\u00f4sobilosti v celom rozsahu.<\/p>\n<p>N\u00e1klady spojen\u00e9 s presk\u00faman\u00edm alebo s presk\u00fa\u0161an\u00edm sp\u00f4sobilosti uhr\u00e1dza ten, kto je povinn\u00fd sa mu podrobi\u0165.<\/p>\n","protected":false},"excerpt":{"rendered":"<p>Org\u00e1n Policajn\u00e9ho zboru rozhodne o presk\u00fa\u0161an\u00ed odbornej sp\u00f4sobilosti dr\u017eite\u013ea vodi\u010dsk\u00e9ho opr\u00e1vnenia, ak mo\u017eno d\u00f4vodne predpoklada\u0165, \u017ee u neho nastala zmena tejto sp\u00f4sobilosti, najm\u00e4 ak preuk\u00e1zate\u013ene nevykon\u00e1val alebo nemohol vykon\u00e1va\u0165 \u010dinnos\u0165 vedenia vozidla viac ako dva roky. Ak dr\u017eite\u013e vodi\u010dsk\u00e9ho opr\u00e1vnenia v posledn\u00fdch dvan\u00e1stich mesiacoch ako vodi\u010d motorov\u00e9ho vozidla trikr\u00e1t z\u00e1va\u017en\u00fdm sp\u00f4sobom poru\u0161\u00ed pravidl\u00e1 cestnej prem\u00e1vky, [&hellip;]<\/p>\n","protected":false},"author":1,"featured_media":0,"parent":62,"menu_order":31,"comment_status":"closed","ping_status":"closed","template":"","meta":{"spay_email":"","footnotes":""},"_links":{"self":[{"href":"https:\/\/preukaz.sk\/index.php\/wp-json\/wp\/v2\/pages\/126"}],"collection":[{"href":"https:\/\/preukaz.sk\/index.php\/wp-json\/wp\/v2\/pages"}],"about":[{"href":"https:\/\/preukaz.sk\/index.php\/wp-json\/wp\/v2\/types\/page"}],"author":[{"embeddable":true,"href":"https:\/\/preukaz.sk\/index.php\/wp-json\/wp\/v2\/users\/1"}],"replies":[{"embeddable":true,"href":"https:\/\/preukaz.sk\/index.php\/wp-json\/wp\/v2\/comments?post=126"}],"version-history":[{"count":1,"href":"https:\/\/preukaz.sk\/index.php\/wp-json\/wp\/v2\/pages\/126\/revisions"}],"predecessor-version":[{"id":627,"href":"https:\/\/preukaz.sk\/index.php\/wp-json\/wp\/v2\/pages\/126\/revisions\/627"}],"up":[{"embeddable":true,"href":"https:\/\/preukaz.sk\/index.php\/wp-json\/wp\/v2\/pages\/62"}],"wp:attachment":[{"href":"https:\/\/preukaz.sk\/index.php\/wp-json\/wp\/v2\/media?parent=126"}],"curies":[{"name":"wp","href":"https:\/\/api.w.org\/{rel}","templated":true}]}}