{"id":128,"date":"2009-07-08T17:46:17","date_gmt":"2009-07-08T15:46:17","guid":{"rendered":"http:\/\/www.preukaz.sk\/?page_id=128"},"modified":"2019-07-07T09:37:52","modified_gmt":"2019-07-07T07:37:52","slug":"obmedzenie-a-odobratie-vodicskeho-opravnenia","status":"publish","type":"page","link":"https:\/\/preukaz.sk\/index.php\/vodicsky-preukaz\/obmedzenie-a-odobratie-vodicskeho-opravnenia\/","title":{"rendered":"Obmedzenie a odobratie vodi\u010dsk\u00e9ho opr\u00e1vnenia | Vodi\u010dsk\u00fd preukaz"},"content":{"rendered":"<p>Ak sa lek\u00e1rskou prehliadkou, psychologick\u00fdm vy\u0161etren\u00edm alebo presk\u00fa\u0161an\u00edm odbornej sp\u00f4sobilosti zistilo, \u017ee dr\u017eite\u013e vodi\u010dsk\u00e9ho opr\u00e1vnenia je sp\u00f4sobil\u00fd vies\u0165 len niektor\u00e9 skupiny a podskupiny motorov\u00fdch vozidiel alebo len niektor\u00e9 motorov\u00e9 vozidl\u00e1, alebo len motorov\u00e9 vozidlo osobitne technicky upraven\u00e9, org\u00e1n Policajn\u00e9ho zboru obmedz\u00ed dr\u017eite\u013eovi vodi\u010dsk\u00e9 opr\u00e1vnenie tak, aby zodpovedalo jeho zdravotnej, psychickej alebo odbornej sp\u00f4sobilosti.<\/p>\n<p>Vodi\u010dsk\u00e9 opr\u00e1vnenie sa odoberie tomu, kto:<br \/>\n \u2022 nie je sp\u00f4sobil\u00fd vies\u0165 motorov\u00e9 vozidlo pre stratu odbornej sp\u00f4sobilosti,<br \/>\n \u2022 nie je sp\u00f4sobil\u00fd vies\u0165 motorov\u00e9 vozidlo pre stratu zdravotnej alebo psychickej sp\u00f4sobilosti,<br \/>\n \u2022 nepreuk\u00e1zal, \u017ee sa v ur\u010denom rozsahu a v ur\u010denej lehote podrobil nariaden\u00e9mu presk\u00fa\u0161aniu odbornej sp\u00f4sobilosti alebo presk\u00famaniu zdravotnej a psychickej sp\u00f4sobilosti,<br \/>\n \u2022 v \u010dase jeho udelenia nesp\u013a\u0148al niektor\u00fa z podmienok na jeho udelenie.<\/p>\n<p>Vr\u00e1ti\u0165 odobrat\u00e9 vodi\u010dsk\u00e9 opr\u00e1vnenie alebo obnovi\u0165 jeho p\u00f4vodn\u00fd rozsah mo\u017eno len po presk\u00faman\u00ed zdravotnej alebo psychickej sp\u00f4sobilosti, po presk\u00fa\u0161an\u00ed odbornej sp\u00f4sobilosti a po splnen\u00ed ostatn\u00fdch podmienok uveden\u00fdch v rozhodnut\u00ed o odobrat\u00ed vodi\u010dsk\u00e9ho opr\u00e1vnenia alebo obmedzen\u00ed rozsahu vodi\u010dsk\u00e9ho opr\u00e1vnenia.<\/p>\n<p>Odobra\u0165 alebo obmedzi\u0165 mo\u017eno len vodi\u010dsk\u00e9 opr\u00e1vnenie zaznamenan\u00e9 vo vodi\u010dskom preukaze Slovenskej republiky.<\/p>\n","protected":false},"excerpt":{"rendered":"<p>Ak sa lek\u00e1rskou prehliadkou, psychologick\u00fdm vy\u0161etren\u00edm alebo presk\u00fa\u0161an\u00edm odbornej sp\u00f4sobilosti zistilo, \u017ee dr\u017eite\u013e vodi\u010dsk\u00e9ho opr\u00e1vnenia je sp\u00f4sobil\u00fd vies\u0165 len niektor\u00e9 skupiny a podskupiny motorov\u00fdch vozidiel alebo len niektor\u00e9 motorov\u00e9 vozidl\u00e1, alebo len motorov\u00e9 vozidlo osobitne technicky upraven\u00e9, org\u00e1n Policajn\u00e9ho zboru obmedz\u00ed dr\u017eite\u013eovi vodi\u010dsk\u00e9 opr\u00e1vnenie tak, aby zodpovedalo jeho zdravotnej, psychickej alebo odbornej sp\u00f4sobilosti. Vodi\u010dsk\u00e9 opr\u00e1vnenie [&hellip;]<\/p>\n","protected":false},"author":1,"featured_media":0,"parent":62,"menu_order":33,"comment_status":"closed","ping_status":"closed","template":"","meta":{"spay_email":"","footnotes":""},"_links":{"self":[{"href":"https:\/\/preukaz.sk\/index.php\/wp-json\/wp\/v2\/pages\/128"}],"collection":[{"href":"https:\/\/preukaz.sk\/index.php\/wp-json\/wp\/v2\/pages"}],"about":[{"href":"https:\/\/preukaz.sk\/index.php\/wp-json\/wp\/v2\/types\/page"}],"author":[{"embeddable":true,"href":"https:\/\/preukaz.sk\/index.php\/wp-json\/wp\/v2\/users\/1"}],"replies":[{"embeddable":true,"href":"https:\/\/preukaz.sk\/index.php\/wp-json\/wp\/v2\/comments?post=128"}],"version-history":[{"count":1,"href":"https:\/\/preukaz.sk\/index.php\/wp-json\/wp\/v2\/pages\/128\/revisions"}],"predecessor-version":[{"id":626,"href":"https:\/\/preukaz.sk\/index.php\/wp-json\/wp\/v2\/pages\/128\/revisions\/626"}],"up":[{"embeddable":true,"href":"https:\/\/preukaz.sk\/index.php\/wp-json\/wp\/v2\/pages\/62"}],"wp:attachment":[{"href":"https:\/\/preukaz.sk\/index.php\/wp-json\/wp\/v2\/media?parent=128"}],"curies":[{"name":"wp","href":"https:\/\/api.w.org\/{rel}","templated":true}]}}