{"id":215,"date":"2010-09-23T01:48:13","date_gmt":"2010-09-22T23:48:13","guid":{"rendered":"http:\/\/www.preukaz.sk\/"},"modified":"2010-09-23T01:48:13","modified_gmt":"2010-09-22T23:48:13","slug":"zbrojny-preukaz","status":"publish","type":"page","link":"https:\/\/preukaz.sk\/index.php\/zbrojny-preukaz\/","title":{"rendered":"Zbrojn\u00fd preukaz"},"content":{"rendered":"<p><strong>Zbrojn\u00fd preukaz<\/strong> je verejn\u00e1 listina, ktor\u00e1 fyzick\u00fa osobu opr\u00e1v\u0148uje dr\u017ea\u0165 alebo nosi\u0165 zbra\u0148 a strelivo v rozsahu ustanovenom pre jednotliv\u00e9 skupiny zbrojn\u00e9ho preukazu.<\/p>\n<p><strong>Zbrojn\u00fd preukaz sa rozde\u013euje<\/strong> pod\u013ea \u00fa\u010delu pou\u017e\u00edvania zbrane alebo streliva a pod\u013ea rozsahu opr\u00e1vnenia nosi\u0165 alebo dr\u017ea\u0165 zbra\u0148 <strong>do skup\u00edn<\/strong>:<\/p>\n<ol style=\"list-style-type: upper-alpha;\">\n<li>nosenie zbrane a streliva na ochranu osoby a majetku,<\/li>\n<li>dr\u017eanie zbrane a streliva na ochranu osoby a majetku,<\/li>\n<li>dr\u017eanie zbrane a streliva na v\u00fdkon zamestnania alebo opr\u00e1vnenia pod\u013ea osobitn\u00e9ho predpisu,<\/li>\n<li>dr\u017eanie zbrane a streliva na po\u013eovn\u00e9 \u00fa\u010dely,<\/li>\n<li>dr\u017eanie zbrane a streliva na \u0161portov\u00e9 \u00fa\u010dely,<\/li>\n<li>dr\u017eanie zbrane a streliva na m\u00fazejn\u00e9 alebo zberate\u013esk\u00e9 \u00fa\u010dely.<\/li>\n<\/ol>\n","protected":false},"excerpt":{"rendered":"<p>Zbrojn\u00fd preukaz je verejn\u00e1 listina, ktor\u00e1 fyzick\u00fa osobu opr\u00e1v\u0148uje dr\u017ea\u0165 alebo nosi\u0165 zbra\u0148 a strelivo v rozsahu ustanovenom pre jednotliv\u00e9 skupiny zbrojn\u00e9ho preukazu. Zbrojn\u00fd preukaz sa rozde\u013euje pod\u013ea \u00fa\u010delu pou\u017e\u00edvania zbrane alebo streliva a pod\u013ea rozsahu opr\u00e1vnenia nosi\u0165 alebo dr\u017ea\u0165 zbra\u0148 do skup\u00edn: nosenie zbrane a streliva na ochranu osoby a majetku, dr\u017eanie zbrane a [&hellip;]<\/p>\n","protected":false},"author":1,"featured_media":353,"parent":0,"menu_order":30,"comment_status":"closed","ping_status":"closed","template":"","meta":{"spay_email":"","footnotes":""},"_links":{"self":[{"href":"https:\/\/preukaz.sk\/index.php\/wp-json\/wp\/v2\/pages\/215"}],"collection":[{"href":"https:\/\/preukaz.sk\/index.php\/wp-json\/wp\/v2\/pages"}],"about":[{"href":"https:\/\/preukaz.sk\/index.php\/wp-json\/wp\/v2\/types\/page"}],"author":[{"embeddable":true,"href":"https:\/\/preukaz.sk\/index.php\/wp-json\/wp\/v2\/users\/1"}],"replies":[{"embeddable":true,"href":"https:\/\/preukaz.sk\/index.php\/wp-json\/wp\/v2\/comments?post=215"}],"version-history":[{"count":0,"href":"https:\/\/preukaz.sk\/index.php\/wp-json\/wp\/v2\/pages\/215\/revisions"}],"wp:featuredmedia":[{"embeddable":true,"href":"https:\/\/preukaz.sk\/index.php\/wp-json\/"}],"wp:attachment":[{"href":"https:\/\/preukaz.sk\/index.php\/wp-json\/wp\/v2\/media?parent=215"}],"curies":[{"name":"wp","href":"https:\/\/api.w.org\/{rel}","templated":true}]}}