{"id":219,"date":"2010-09-23T01:51:48","date_gmt":"2010-09-22T23:51:48","guid":{"rendered":"http:\/\/www.preukaz.sk\/"},"modified":"2019-07-07T09:37:17","modified_gmt":"2019-07-07T07:37:17","slug":"podanie-ziadosti-podklady","status":"publish","type":"page","link":"https:\/\/preukaz.sk\/index.php\/zbrojny-preukaz\/podanie-ziadosti-podklady\/","title":{"rendered":"Podanie \u017eiadosti, podklady | Zbrojn\u00fd preukaz"},"content":{"rendered":"<p><strong>V \u017eiadosti o vydanie zbrojn\u00e9ho preukazu \u017eiadate\u013e uvedie:<\/strong><\/p>\n<ol>\n<li>osobn\u00e9 \u00fadaje (meno a priezvisko, rodn\u00e9 \u010d\u00edslo, d\u00e1tum narodenia, miesto pobytu),<\/li>\n<li>\u010d\u00edslo dokladu toto\u017enosti, cudzinec \u010d\u00edslo cestovn\u00e9ho dokladu alebo dokladu nahr\u00e1dzaj\u00faceho cestovn\u00fd doklad,<\/li>\n<li>skupinu zbrojn\u00e9ho preukazu, o vydanie ktorej \u017eiada,<\/li>\n<li>od\u00f4vodnenie \u017eiadosti o vydanie zbrojn\u00e9ho preukazu.<\/li>\n<\/ol>\n<p><strong>K \u017eiadosti o vydanie zbrojn\u00e9ho preukazu \u017eiadate\u013e pripoj\u00ed<\/strong><\/p>\n<ul>\n<li>dve fotografie s rozmermi 30 x 35 mm, ktor\u00e9 zodpovedaj\u00fa s\u00fa\u010dasnej podobe \u017eiadate\u013ea, zobrazuj\u00face \u017eiadate\u013ea v \u010delnom poh\u013eade s v\u00fd\u0161kou tv\u00e1rovej \u010dasti hlavy od o\u010d\u00ed k brade najmenej 13 mm, v ob\u010dianskom odeve, bez okuliarov s tmav\u00fdmi sklami a bez prikr\u00fdvky hlavy, ak jej pou\u017eitie nie je od\u00f4vodnen\u00e9 n\u00e1bo\u017eensk\u00fdmi alebo zdravotn\u00fdmi d\u00f4vodmi; v tomto pr\u00edpade nesmie prikr\u00fdvka hlavy zakry\u0165 tv\u00e1rov\u00fa \u010das\u0165 sp\u00f4sobom znemo\u017e\u0148uj\u00facim identifik\u00e1ciu \u017eiadate\u013ea,<\/li>\n<li>lek\u00e1rsky posudok o zdravotnej sp\u00f4sobilosti dr\u017ea\u0165 alebo nosi\u0165 zbra\u0148 a strelivo,<\/li>\n<li>potvrdenie org\u00e1nu \u0161t\u00e1tnej spr\u00e1vy, \u017ee m\u00e1 opr\u00e1vnenie pod\u013ea osobitn\u00e9ho predpisu, ak \u017eiada o vydanie zbrojn\u00e9ho preukazu na v\u00fdkon tohto opr\u00e1vnenia,<\/li>\n<li>potvrdenie pr\u00e1vnickej osoby zaoberaj\u00facej sa \u0161portovou \u010dinnos\u0165ou, ktorej s\u00fa\u010das\u0165ou je \u0161portov\u00e1 stre\u013eba pod\u013ea pravidiel platn\u00fdch na \u00fazem\u00ed Slovenskej republiky alebo medzin\u00e1rodn\u00fdch pravidiel\u00a0o \u010dlenstve, ak \u017eiada o vydanie skupiny E zbrojn\u00e9ho preukazu,<\/li>\n<li>potvrdenie o \u010dlenstve v po\u013eovn\u00edckej organiz\u00e1cii, v ktorej je registrovan\u00fd, ak \u017eiada o vydanie skupiny D zbrojn\u00e9ho preukazu,<\/li>\n<li>\u00faradne osved\u010den\u00fa k\u00f3piu dokladu, na z\u00e1klade ktor\u00e9ho mo\u017eno zapo\u010d\u00edta\u0165 sk\u00fa\u0161ku odbornej sp\u00f4sobilosti alebo jej \u010das\u0165.<\/li>\n<\/ul>\n<p>\u017diadate\u013e o vydanie zbrojn\u00e9ho preukazu, ktor\u00fd sa za posledn\u00fdch desa\u0165 rokov pred podan\u00edm \u017eiadosti nepretr\u017eite zdr\u017eiaval viac ako \u0161es\u0165 mesiacov mimo \u00fazemia Slovenskej republiky, predlo\u017e\u00ed tie\u017e doklad obdobn\u00fd odpisu z registra trestov zo \u0161t\u00e1tu, v ktorom sa trvale zdr\u017eiaval, a jeho preklad do \u0161t\u00e1tneho jazyka vyhotoven\u00fd tlmo\u010dn\u00edkom zap\u00edsan\u00fdm v zozname znalcov a tlmo\u010dn\u00edkov; ak nem\u00f4\u017ee tak\u00fdto doklad predlo\u017ei\u0165, preto\u017ee mu ho \u0161t\u00e1t nevyd\u00e1, predlo\u017e\u00ed \u010destn\u00e9 vyhl\u00e1senie o tom, \u017ee nebol v cudzine uznan\u00fd vinn\u00fdm z trestn\u00e9ho \u010dinu, pre ktor\u00fd nem\u00f4\u017ee by\u0165 pova\u017eovan\u00fd za bez\u00fahonn\u00e9ho, alebo nebol uznan\u00fd vinn\u00fdm z priestupku, pre ktor\u00fd nem\u00f4\u017ee by\u0165 pova\u017eovan\u00fd za spo\u013eahliv\u00e9ho.<\/p>\n<p>\u017diadate\u013e, ktor\u00fd je v \u010dase podania \u017eiadosti pr\u00edslu\u0161n\u00edkom ozbrojen\u00fdch s\u00edl Slovenskej republiky vykon\u00e1vaj\u00facim profesion\u00e1lnu slu\u017ebu, pr\u00edslu\u0161n\u00edkom ozbrojen\u00e9ho bezpe\u010dnostn\u00e9ho zboru, ozbrojen\u00e9ho zboru, Slovenskej informa\u010dnej slu\u017eby alebo N\u00e1rodn\u00e9ho bezpe\u010dnostn\u00e9ho \u00faradu, predklad\u00e1 p\u00edsomn\u00e9 potvrdenie nadriaden\u00e9ho s person\u00e1lnou pr\u00e1vomocou, ktor\u00fdm sa osved\u010duje bez\u00fahonnos\u0165 a spo\u013eahlivos\u0165 \u017eiadate\u013ea a jeho zdravotn\u00e1 sp\u00f4sobilos\u0165 pou\u017e\u00edva\u0165 slu\u017eobn\u00fa zbra\u0148. Nadriaden\u00fd je povinn\u00fd bezodkladne ozn\u00e1mi\u0165 policajn\u00e9mu \u00fatvaru, ktor\u00fd zbrojn\u00fd preukaz vydal, zmeny, ktor\u00e9 maj\u00fa za n\u00e1sledok stratu bez\u00fahonnosti, spo\u013eahlivosti alebo zdravotnej sp\u00f4sobilosti dr\u017eite\u013ea zbrojn\u00e9ho preukazu.<\/p>\n<p>Predlo\u017een\u00e9 doklady nesm\u00fa by\u0165 v \u010dase podania \u017eiadosti o vydanie zbrojn\u00e9ho preukazu star\u0161ie ako tri mesiace.<\/p>\n","protected":false},"excerpt":{"rendered":"<p>V \u017eiadosti o vydanie zbrojn\u00e9ho preukazu \u017eiadate\u013e uvedie: osobn\u00e9 \u00fadaje (meno a priezvisko, rodn\u00e9 \u010d\u00edslo, d\u00e1tum narodenia, miesto pobytu), \u010d\u00edslo dokladu toto\u017enosti, cudzinec \u010d\u00edslo cestovn\u00e9ho dokladu alebo dokladu nahr\u00e1dzaj\u00faceho cestovn\u00fd doklad, skupinu zbrojn\u00e9ho preukazu, o vydanie ktorej \u017eiada, od\u00f4vodnenie \u017eiadosti o vydanie zbrojn\u00e9ho preukazu. K \u017eiadosti o vydanie zbrojn\u00e9ho preukazu \u017eiadate\u013e pripoj\u00ed dve fotografie s [&hellip;]<\/p>\n","protected":false},"author":1,"featured_media":0,"parent":215,"menu_order":0,"comment_status":"closed","ping_status":"closed","template":"","meta":{"spay_email":"","footnotes":""},"_links":{"self":[{"href":"https:\/\/preukaz.sk\/index.php\/wp-json\/wp\/v2\/pages\/219"}],"collection":[{"href":"https:\/\/preukaz.sk\/index.php\/wp-json\/wp\/v2\/pages"}],"about":[{"href":"https:\/\/preukaz.sk\/index.php\/wp-json\/wp\/v2\/types\/page"}],"author":[{"embeddable":true,"href":"https:\/\/preukaz.sk\/index.php\/wp-json\/wp\/v2\/users\/1"}],"replies":[{"embeddable":true,"href":"https:\/\/preukaz.sk\/index.php\/wp-json\/wp\/v2\/comments?post=219"}],"version-history":[{"count":1,"href":"https:\/\/preukaz.sk\/index.php\/wp-json\/wp\/v2\/pages\/219\/revisions"}],"predecessor-version":[{"id":623,"href":"https:\/\/preukaz.sk\/index.php\/wp-json\/wp\/v2\/pages\/219\/revisions\/623"}],"up":[{"embeddable":true,"href":"https:\/\/preukaz.sk\/index.php\/wp-json\/wp\/v2\/pages\/215"}],"wp:attachment":[{"href":"https:\/\/preukaz.sk\/index.php\/wp-json\/wp\/v2\/media?parent=219"}],"curies":[{"name":"wp","href":"https:\/\/api.w.org\/{rel}","templated":true}]}}