{"id":221,"date":"2010-09-23T01:53:05","date_gmt":"2010-09-22T23:53:05","guid":{"rendered":"http:\/\/www.preukaz.sk\/"},"modified":"2019-07-07T09:37:29","modified_gmt":"2019-07-07T07:37:29","slug":"bezuhonnost-a-spolahlivost","status":"publish","type":"page","link":"https:\/\/preukaz.sk\/index.php\/zbrojny-preukaz\/bezuhonnost-a-spolahlivost\/","title":{"rendered":"Bez\u00fahonnos\u0165 a spo\u013eahlivos\u0165 | Zbrojn\u00fd preukaz"},"content":{"rendered":"<p><strong>Za bez\u00fahonn\u00fa osobu sa na \u00fa\u010dely z\u00e1kona nepova\u017euje ten, kto bol:<\/strong><\/p>\n<ul>\n<li>pr\u00e1voplatne ods\u00faden\u00fd za obzvl\u00e1\u0161\u0165 z\u00e1va\u017en\u00fd \u00famyseln\u00fd trestn\u00fd \u010din alebo \u00famyseln\u00fd trestn\u00fd \u010din sp\u00e1chan\u00fd so zbra\u0148ou,<\/li>\n<li>pr\u00e1voplatne ods\u00faden\u00fd za \u00famyseln\u00fd trestn\u00fd \u010din na nepodmiene\u010dn\u00fd trest od\u0148atia slobody a od zahladenia ods\u00fadenia neuplynulo desa\u0165 rokov alebo<\/li>\n<li>pr\u00e1voplatne ods\u00faden\u00fd za \u00famyseln\u00fd trestn\u00fd \u010din, za ktor\u00fd mu nebol ulo\u017een\u00fd nepodmiene\u010dn\u00fd trest od\u0148atia slobody, alebo bol pr\u00e1voplatne ods\u00faden\u00fd za trestn\u00fd \u010din sp\u00e1chan\u00fd z nedbanlivosti so zbra\u0148ou a od zahladenia ods\u00fadenia neuplynulo p\u00e4\u0165 rokov.<\/li>\n<\/ul>\n<p><strong>Za spo\u013eahliv\u00fa osobu sa na \u00fa\u010dely z\u00e1kona nepova\u017euje ten,<\/strong><\/p>\n<ul>\n<li>koho trestn\u00e9 st\u00edhanie za trestn\u00e9 \u010diny uveden\u00e9 v predch\u00e1dzaj\u00facom odseku bolo pr\u00e1voplatne podmiene\u010dne zastaven\u00e9 do troch rokov odo d\u0148a uplynutia sk\u00fa\u0161obnej doby,<\/li>\n<li>koho trestn\u00e9 st\u00edhanie za trestn\u00e9 \u010diny uveden\u00e9 v predch\u00e1dzaj\u00facom odseku bolo zastaven\u00e9 rozhodnut\u00edm s\u00fadu alebo rozhodnut\u00edm prokur\u00e1tora o schv\u00e1len\u00ed zmieru, ak od pr\u00e1voplatnosti tohto rozhodnutia neuplynuli tri roky,<\/li>\n<li>kto preuk\u00e1zate\u013ene nadmerne po\u017e\u00edva alkoholick\u00e9 n\u00e1poje,<\/li>\n<li>kto preuk\u00e1zate\u013ene po\u017e\u00edva omamn\u00e9 l\u00e1tky, psychotropn\u00e9 l\u00e1tky alebo pr\u00edpravky, ktor\u00fdch po\u017e\u00edvanie m\u00f4\u017ee vyvola\u0165 z\u00e1vislos\u0165 os\u00f4b od nich,<\/li>\n<li>kto bol v posledn\u00fdch dvoch rokoch uznan\u00fd vinn\u00fdm z priestupku na \u00faseku zbran\u00ed a streliva a bola mu ulo\u017een\u00e1 pokuta nad\u00a099,50 \u20ac\u00a0(3 000 Sk) alebo mu bol z tohto d\u00f4vodu v posledn\u00fdch dvoch rokoch od\u0148at\u00fd zbrojn\u00fd preukaz,<\/li>\n<li>kto bol v posledn\u00fdch dvoch rokoch opakovane uznan\u00fd vinn\u00fdm z priestupku<\/li>\n<li>na \u00faseku ochrany pred alkoholizmom a in\u00fdmi toxikom\u00e1niami,<\/li>\n<li>na \u00faseku obrany \u0161t\u00e1tu,<\/li>\n<li>proti majetku alebo<\/li>\n<li>na \u00faseku po\u013enohospod\u00e1rstva, po\u013eovn\u00edctva a ryb\u00e1rstva t\u00fdm, \u017ee neopr\u00e1vnene \u00famyselne zasiahol do v\u00fdkonu pr\u00e1va po\u013eovn\u00edctva alebo v\u00fdkonu ryb\u00e1rskeho pr\u00e1va, alebo<\/li>\n<li>kto pod\u013ea zisten\u00ed \u00fatvaru Policajn\u00e9ho zboru ned\u00e1va z\u00e1ruku, \u017ee zbra\u0148 nezneu\u017eije.<\/li>\n<\/ul>\n","protected":false},"excerpt":{"rendered":"<p>Za bez\u00fahonn\u00fa osobu sa na \u00fa\u010dely z\u00e1kona nepova\u017euje ten, kto bol: pr\u00e1voplatne ods\u00faden\u00fd za obzvl\u00e1\u0161\u0165 z\u00e1va\u017en\u00fd \u00famyseln\u00fd trestn\u00fd \u010din alebo \u00famyseln\u00fd trestn\u00fd \u010din sp\u00e1chan\u00fd so zbra\u0148ou, pr\u00e1voplatne ods\u00faden\u00fd za \u00famyseln\u00fd trestn\u00fd \u010din na nepodmiene\u010dn\u00fd trest od\u0148atia slobody a od zahladenia ods\u00fadenia neuplynulo desa\u0165 rokov alebo pr\u00e1voplatne ods\u00faden\u00fd za \u00famyseln\u00fd trestn\u00fd \u010din, za ktor\u00fd mu nebol [&hellip;]<\/p>\n","protected":false},"author":1,"featured_media":0,"parent":215,"menu_order":0,"comment_status":"closed","ping_status":"closed","template":"","meta":{"spay_email":"","footnotes":""},"_links":{"self":[{"href":"https:\/\/preukaz.sk\/index.php\/wp-json\/wp\/v2\/pages\/221"}],"collection":[{"href":"https:\/\/preukaz.sk\/index.php\/wp-json\/wp\/v2\/pages"}],"about":[{"href":"https:\/\/preukaz.sk\/index.php\/wp-json\/wp\/v2\/types\/page"}],"author":[{"embeddable":true,"href":"https:\/\/preukaz.sk\/index.php\/wp-json\/wp\/v2\/users\/1"}],"replies":[{"embeddable":true,"href":"https:\/\/preukaz.sk\/index.php\/wp-json\/wp\/v2\/comments?post=221"}],"version-history":[{"count":1,"href":"https:\/\/preukaz.sk\/index.php\/wp-json\/wp\/v2\/pages\/221\/revisions"}],"predecessor-version":[{"id":625,"href":"https:\/\/preukaz.sk\/index.php\/wp-json\/wp\/v2\/pages\/221\/revisions\/625"}],"up":[{"embeddable":true,"href":"https:\/\/preukaz.sk\/index.php\/wp-json\/wp\/v2\/pages\/215"}],"wp:attachment":[{"href":"https:\/\/preukaz.sk\/index.php\/wp-json\/wp\/v2\/media?parent=221"}],"curies":[{"name":"wp","href":"https:\/\/api.w.org\/{rel}","templated":true}]}}