{"id":231,"date":"2010-09-23T02:04:33","date_gmt":"2010-09-23T00:04:33","guid":{"rendered":"http:\/\/www.preukaz.sk\/"},"modified":"2010-09-23T02:04:33","modified_gmt":"2010-09-23T00:04:33","slug":"zbrojna-licencia","status":"publish","type":"page","link":"https:\/\/preukaz.sk\/index.php\/zbrojny-preukaz\/zbrojna-licencia\/","title":{"rendered":"Zbrojn\u00e1 licencia"},"content":{"rendered":"<p>Zbrojn\u00e1 licencia je verejn\u00e1 listina, ktor\u00e1 fyzick\u00fa osobu podnikate\u013ea alebo pr\u00e1vnick\u00fa osobu opr\u00e1v\u0148uje nadobudn\u00fa\u0165 do vlastn\u00edctva zbrane alebo strelivo a dr\u017ea\u0165 ich v rozsahu ustanovenom pre jednotliv\u00e9 skupiny zbrojnej licencie.<\/p>\n<p><strong>Zbrojn\u00e1 licencia sa rozde\u013euje<\/strong> pod\u013ea \u00fa\u010delu pou\u017e\u00edvania zbran\u00ed alebo streliva na tieto <strong>skupiny<\/strong>:<\/p>\n<ul style=\"list-style-type: upper-alpha;\">\n<li>v\u00fdvoj a v\u00fdroba zbran\u00ed alebo streliva,<\/li>\n<li>opravy, \u00fapravy, ni\u010denie, znehodnotenie alebo v\u00fdroba rezu zbran\u00ed a streliva,<\/li>\n<li>n\u00e1kup, predaj alebo preprava zbran\u00ed a streliva,<\/li>\n<li>vypo\u017ei\u010diavanie,  pren\u00e1jom a \u00faschova zbran\u00ed a streliva,<\/li>\n<li>uskuto\u010d\u0148ovanie \u0161portovej, kult\u00farnej alebo z\u00e1ujmovej \u010dinnosti,<\/li>\n<li>v\u00fdkon zamestnania alebo opr\u00e1vnenia pod\u013ea osobitn\u00e9ho predpisu,<\/li>\n<li>prev\u00e1dzkovanie m\u00fazejnej a zberate\u013eskej \u010dinnosti.<\/li>\n<\/ul>\n<h3>Vydanie zbrojnej licencie<\/h3>\n<p>Zbrojn\u00fa licenciu vyd\u00e1 policajn\u00fd \u00fatvar pr\u00edslu\u0161n\u00fd pod\u013ea miesta podnikania fyzickej osoby podnikate\u013ea alebo s\u00eddla pr\u00e1vnickej osoby fyzickej osobe podnikate\u013eovi alebo pr\u00e1vnickej osobe, ktor\u00e1<\/p>\n<ul>\n<li>je dr\u017eite\u013eom pr\u00edslu\u0161nej koncesnej listiny a \u017eiada o vydanie skupiny A, B, C alebo D zbrojnej licencie,<\/li>\n<li>p\u00edsomne po\u017eiada o jej vydanie,<\/li>\n<li>od\u00f4vodn\u00ed potrebu vydania zbrojnej licencie,<\/li>\n<li>preuk\u00e1\u017ee, \u017ee m\u00e1 vhodn\u00e9 priestory na zabezpe\u010denie zbran\u00ed a streliva pod\u013ea z\u00e1kona,<\/li>\n<li>preuk\u00e1\u017ee, \u017ee m\u00f4\u017ee vykon\u00e1va\u0165 \u010dinnosti, pre ktor\u00e9 \u017eiada o vydanie skupiny E, F alebo G zbrojnej licencie.<\/li>\n<\/ul>\n<p>Policajn\u00fd \u00fatvar vyd\u00e1 zbrojn\u00fa licenciu, len ak \u017eiadate\u013e o vydanie zbrojnej licencie, ktor\u00fd je fyzickou osobou podnikate\u013eom, alebo \u010dlenovia \u0161tatut\u00e1rneho org\u00e1nu pr\u00e1vnickej osoby, ktor\u00e1 \u017eiada o vydanie zbrojnej licencie,<\/p>\n<ul>\n<li>maj\u00fa pln\u00fa sp\u00f4sobilos\u0165 na pr\u00e1vne \u00fakony,<\/li>\n<li>sp\u013a\u0148aj\u00fa podmienku bez\u00fahonnosti a spo\u013eahlivosti (pozri \u010das\u0165 zbrojn\u00e9 preukazy).<\/li>\n<\/ul>\n<h3>Podanie \u017eiadosti o vydanie zbrojnej licencie<\/h3>\n<p>\u017diados\u0165 o vydanie zbrojnej licencie mus\u00ed obsahova\u0165<\/p>\n<ul>\n<li>osobn\u00e9 \u00fadaje (meno a priezvisko, rodn\u00e9 \u010d\u00edslo, d\u00e1tum narodenia, miesto pobytu), obchodn\u00e9 meno, miesto podnikania a identifika\u010dn\u00e9 \u010d\u00edslo fyzickej osoby  podnikate\u013ea, u pr\u00e1vnickej osoby n\u00e1zov, s\u00eddlo, identifika\u010dn\u00e9 \u010d\u00edslo a osobn\u00e9 \u00fadaje \u010dlenov \u0161tatut\u00e1rneho org\u00e1nu,<\/li>\n<li>d\u00f4vod \u017eiadosti o vydanie zbrojnej licencie,<\/li>\n<li>miesto ulo\u017eenia zbran\u00ed,<\/li>\n<li>skupinu zbrojnej licencie, o ktor\u00fa \u017eiadate\u013e \u017eiada,<\/li>\n<li>osobn\u00e9 \u00fadaje o zodpovednej osobe dr\u017eite\u013ea zbrojnej licencie vr\u00e1tane \u010d\u00edsla jej zbrojn\u00e9ho preukazu a n\u00e1zvu policajn\u00e9ho \u00fatvaru, ktor\u00fd ho vydal.<\/li>\n<\/ul>\n<p>\u017diadate\u013e k \u017eiadosti pripoj\u00ed \u00faradne osved\u010den\u00fa k\u00f3piu koncesnej listiny, ak \u017eiada o vydanie skupiny A, B, C alebo D zbrojnej licencie.<\/p>\n<p>Policajn\u00fd \u00fatvar v priebehu konania o vydanie zbrojnej licencie vykon\u00e1 obhliadku priestorov uveden\u00fdch v \u017eiadosti o vydanie zbrojnej licencie.<\/p>\n","protected":false},"excerpt":{"rendered":"<p>Zbrojn\u00e1 licencia je verejn\u00e1 listina, ktor\u00e1 fyzick\u00fa osobu podnikate\u013ea alebo pr\u00e1vnick\u00fa osobu opr\u00e1v\u0148uje nadobudn\u00fa\u0165 do vlastn\u00edctva zbrane alebo strelivo a dr\u017ea\u0165 ich v rozsahu ustanovenom pre jednotliv\u00e9 skupiny zbrojnej licencie. Zbrojn\u00e1 licencia sa rozde\u013euje pod\u013ea \u00fa\u010delu pou\u017e\u00edvania zbran\u00ed alebo streliva na tieto skupiny: v\u00fdvoj a v\u00fdroba zbran\u00ed alebo streliva, opravy, \u00fapravy, ni\u010denie, znehodnotenie alebo v\u00fdroba [&hellip;]<\/p>\n","protected":false},"author":1,"featured_media":0,"parent":215,"menu_order":0,"comment_status":"closed","ping_status":"open","template":"template-page-fullwidth.php","meta":{"spay_email":"","footnotes":""},"_links":{"self":[{"href":"https:\/\/preukaz.sk\/index.php\/wp-json\/wp\/v2\/pages\/231"}],"collection":[{"href":"https:\/\/preukaz.sk\/index.php\/wp-json\/wp\/v2\/pages"}],"about":[{"href":"https:\/\/preukaz.sk\/index.php\/wp-json\/wp\/v2\/types\/page"}],"author":[{"embeddable":true,"href":"https:\/\/preukaz.sk\/index.php\/wp-json\/wp\/v2\/users\/1"}],"replies":[{"embeddable":true,"href":"https:\/\/preukaz.sk\/index.php\/wp-json\/wp\/v2\/comments?post=231"}],"version-history":[{"count":0,"href":"https:\/\/preukaz.sk\/index.php\/wp-json\/wp\/v2\/pages\/231\/revisions"}],"up":[{"embeddable":true,"href":"https:\/\/preukaz.sk\/index.php\/wp-json\/wp\/v2\/pages\/215"}],"wp:attachment":[{"href":"https:\/\/preukaz.sk\/index.php\/wp-json\/wp\/v2\/media?parent=231"}],"curies":[{"name":"wp","href":"https:\/\/api.w.org\/{rel}","templated":true}]}}