{"id":235,"date":"2010-09-23T02:08:14","date_gmt":"2010-09-23T00:08:14","guid":{"rendered":"http:\/\/www.preukaz.sk\/"},"modified":"2010-09-23T02:08:14","modified_gmt":"2010-09-23T00:08:14","slug":"predchadzajuci-suhlas","status":"publish","type":"page","link":"https:\/\/preukaz.sk\/index.php\/zbrojny-preukaz\/predchadzajuci-suhlas\/","title":{"rendered":"Predch\u00e1dzaj\u00faci s\u00fahlas"},"content":{"rendered":"<p><strong>Podmienka na vydanie zbrojn\u00e9ho preukazu v inom \u010dlenskom \u0161t\u00e1te Eur\u00f3pskej \u00fanie<\/strong><\/p>\n<p>Pod\u013ea \u010dl. 7 Smernice rady z 18. j\u00fana 1991 o kontrole nadob\u00fadania a dr\u017eby zbran\u00ed nikto nesmie nadobudn\u00fa\u0165 streln\u00fa zbra\u0148 pokia\u013e ho tento \u010dlensk\u00fd \u0161t\u00e1t Eur\u00f3pskej \u00fanie na to neopr\u00e1vni. \u017diadne tak\u00e9to opr\u00e1vnenie sa nesmie vyda\u0165 ob\u010danovi s trval\u00fdm pobytom v inom \u010dlenskom \u0161t\u00e1te  bez predch\u00e1dzaj\u00faceho s\u00fahlasu tohto \u010dlensk\u00e9ho \u0161t\u00e1tu.<\/p>\n<p><strong>Podanie \u017eiadosti<\/strong><\/p>\n<p>\u017diados\u0165 o predch\u00e1dzaj\u00faci s\u00fahlas na vydanie zbrojn\u00e9ho dokladu (alebo predch\u00e1dzaj\u00faci s\u00fahlas na nadobudnutie strelnej zbrane) v inom \u010dlenskom \u0161t\u00e1te mus\u00ed obsahova\u0165:<br \/>\nosobn\u00e9 \u00fadaje \u017eiadate\u013ea (meno a priezvisko, rodn\u00e9 \u010d\u00edslo, d\u00e1tum narodenia, miesto pobytu na \u00fazem\u00ed Slovenskej republiky),<br \/>\nkontaktn\u00fa adresa \u017eiadate\u013ea.<\/p>\n<p>\u017diados\u0165 sa pod\u00e1va na odbore dokladov a evidenci\u00ed, Prez\u00eddia Policajn\u00e9ho zboru<\/p>\n<p><strong>Vydanie predch\u00e1dzaj\u00faceho s\u00fahlasu<\/strong><\/p>\n<p>Predch\u00e1dzaj\u00faci s\u00fahlas na vydanie zbrojn\u00e9ho dokladu (alebo predch\u00e1dzaj\u00faci s\u00fahlas na nadobudnutie strelnej zbrane) sa zasiela na kontatktn\u00fa adresu \u017eiadate\u013ea.<\/p>\n","protected":false},"excerpt":{"rendered":"<p>Podmienka na vydanie zbrojn\u00e9ho preukazu v inom \u010dlenskom \u0161t\u00e1te Eur\u00f3pskej \u00fanie Pod\u013ea \u010dl. 7 Smernice rady z 18. j\u00fana 1991 o kontrole nadob\u00fadania a dr\u017eby zbran\u00ed nikto nesmie nadobudn\u00fa\u0165 streln\u00fa zbra\u0148 pokia\u013e ho tento \u010dlensk\u00fd \u0161t\u00e1t Eur\u00f3pskej \u00fanie na to neopr\u00e1vni. \u017diadne tak\u00e9to opr\u00e1vnenie sa nesmie vyda\u0165 ob\u010danovi s trval\u00fdm pobytom v inom \u010dlenskom \u0161t\u00e1te [&hellip;]<\/p>\n","protected":false},"author":1,"featured_media":0,"parent":215,"menu_order":0,"comment_status":"closed","ping_status":"open","template":"template-page-fullwidth.php","meta":{"spay_email":"","footnotes":""},"_links":{"self":[{"href":"https:\/\/preukaz.sk\/index.php\/wp-json\/wp\/v2\/pages\/235"}],"collection":[{"href":"https:\/\/preukaz.sk\/index.php\/wp-json\/wp\/v2\/pages"}],"about":[{"href":"https:\/\/preukaz.sk\/index.php\/wp-json\/wp\/v2\/types\/page"}],"author":[{"embeddable":true,"href":"https:\/\/preukaz.sk\/index.php\/wp-json\/wp\/v2\/users\/1"}],"replies":[{"embeddable":true,"href":"https:\/\/preukaz.sk\/index.php\/wp-json\/wp\/v2\/comments?post=235"}],"version-history":[{"count":0,"href":"https:\/\/preukaz.sk\/index.php\/wp-json\/wp\/v2\/pages\/235\/revisions"}],"up":[{"embeddable":true,"href":"https:\/\/preukaz.sk\/index.php\/wp-json\/wp\/v2\/pages\/215"}],"wp:attachment":[{"href":"https:\/\/preukaz.sk\/index.php\/wp-json\/wp\/v2\/media?parent=235"}],"curies":[{"name":"wp","href":"https:\/\/api.w.org\/{rel}","templated":true}]}}