{"id":237,"date":"2010-09-23T02:10:39","date_gmt":"2010-09-23T00:10:39","guid":{"rendered":"http:\/\/www.preukaz.sk\/"},"modified":"2019-07-07T09:37:11","modified_gmt":"2019-07-07T07:37:11","slug":"povinnosti-a-priestupky","status":"publish","type":"page","link":"https:\/\/preukaz.sk\/index.php\/zbrojny-preukaz\/povinnosti-a-priestupky\/","title":{"rendered":"Povinnosti a priestupky | Zbrojn\u00fd preukaz"},"content":{"rendered":"<p><strong>Dr\u017eite\u013e zbrojn\u00e9ho preukazu je povinn\u00fd<\/strong><\/p>\n<ul>\n<li>dba\u0165 na zv\u00fd\u0161en\u00fa opatrnos\u0165 pri manipul\u00e1cii so zbra\u0148ou, strelivom, streln\u00fdm prachom a so z\u00e1palkami,<\/li>\n<li>zabezpe\u010di\u0165 zbra\u0148, na ktor\u00fa mu bol vydan\u00fd preukaz zbrane, strelivo do tejto zbrane, streln\u00fd prach a z\u00e1palky proti strate, odcudzeniu alebo zneu\u017eitiu,<\/li>\n<li>zabezpe\u010di\u0165 zbrojn\u00fd preukaz a preukaz zbrane proti strate, odcudzeniu alebo zneu\u017eitiu,<\/li>\n<li>predlo\u017ei\u0165 na v\u00fdzvu org\u00e1nu, ktor\u00fd vykon\u00e1va dozor, zbrojn\u00fd preukaz,zbra\u0148,na ktor\u00fa mu bol vydan\u00fd preukaz zbrane, strelivo do tejto zbrane alebo preukaz zbrane,<\/li>\n<li>bezodkladne ozn\u00e1mi\u0165 najbli\u017e\u0161iemu policajn\u00e9mu \u00fatvaru stratu alebo odcudzenie zbrane, streliva, streln\u00e9ho prachu, zbrojn\u00e9ho preukazu alebo preukazu zbrane,<\/li>\n<li>ma\u0165 pri manipul\u00e1cii so zbra\u0148ou pri sebe zbrojn\u00fd preukaz a preukaz zbrane,<\/li>\n<li>odovzda\u0165 zbrojn\u00fd preukaz, zbra\u0148, strelivo a preukaz zbrane, ak bolo proti nemu za\u010dat\u00e9 trestn\u00e9 st\u00edhanie za trestn\u00fd \u010din (vymenovan\u00e9 s\u00fa v sekcii zbrojn\u00fd preukaz), ihne\u010f po doru\u010den\u00ed rozhodnutia o zaisten\u00ed zbrane,<\/li>\n<li>ozn\u00e1mi\u0165 policajn\u00e9mu \u00fatvaru, ktor\u00fd vydal preukaz zbrane, zmenu kalibru zbrane, v\u00fdrobn\u00e9ho \u010d\u00edsla zbrane alebo opravu, ktor\u00e1 m\u00e1 za n\u00e1sledok zmenu kateg\u00f3rie zbrane, do siedmich dn\u00ed od tejto zmeny; pred vykonan\u00edm takejto zmeny alebo opravy je povinn\u00fd predlo\u017ei\u0165 zbra\u0148 policajn\u00e9mu \u00fatvaru na vykonanie jej kriminalisticko-expert\u00edzneho sk\u00famania,<\/li>\n<li>pri manipul\u00e1cii so zbra\u0148ou alebo strelivom podrobi\u0165 sa na v\u00fdzvu pr\u00edslu\u0161n\u00edka Policajn\u00e9ho zboru orienta\u010dnej dychovej sk\u00fa\u0161ke, pr\u00edpadne lek\u00e1rskemu vy\u0161etreniu, na \u00fa\u010del zistenia, \u010di pri manipul\u00e1cii so zbra\u0148ou nie je pod vplyvom alkoholu alebo n\u00e1vykovej l\u00e1tky,<\/li>\n<li>bezodkladne ozn\u00e1mi\u0165 najbli\u017e\u0161iemu policajn\u00e9mu \u00fatvaru ka\u017ed\u00e9 pou\u017eitie zbrane v nutnej obrane alebo v krajnej n\u00fadzi alebo stre\u013ebu zo zbrane mimo na to ur\u010den\u00fdch priestorov,<\/li>\n<li>vies\u0165 z\u00e1znamov\u00fa knihu streliva, ak je dr\u017eite\u013eom skupiny F zbrojn\u00e9ho preukazu; n\u00e1le\u017eitosti a sp\u00f4sob vedenia z\u00e1znamovej knihy ustanov\u00ed v\u0161eobecne z\u00e1v\u00e4zn\u00fd pr\u00e1vny predpis, ktor\u00fd vyd\u00e1 ministerstvo,<\/li>\n<li>ozn\u00e1mi\u0165 policajn\u00e9mu \u00fatvaru, ktor\u00fd vydal zbrojn\u00fd preukaz, stratu podmienky bez\u00fahonnosti, spo\u013eahlivosti alebo zdravotnej sp\u00f4sobilosti, ukon\u010denie miesta pobytu na \u00fazem\u00ed Slovenskej republiky, z\u00e1nik opr\u00e1vnenia pod\u013ea osobitn\u00e9ho predpisu pri skupine C zbrojn\u00e9ho preukazu, z\u00e1nik \u010dlenstva v po\u013eovn\u00edckej organiz\u00e1cii pri skupine D zbrojn\u00e9ho preukazu alebo z\u00e1nik \u010dlenstva v streleckej organiz\u00e1cii pri skupine E zbrojn\u00e9ho preukazu do siedmich dn\u00ed odo d\u0148a, ke\u010f t\u00e1to zmena nastala,<\/li>\n<li>prepravova\u0165 zbra\u0148 do miest, kde je opr\u00e1vnen\u00fd t\u00fato zbra\u0148 pou\u017e\u00edva\u0165, len v stave, pri ktorom nie je strelivo v hlavni, n\u00e1bojovej komore hlavne, n\u00e1bojovej komore valca revolvera, n\u00e1bojovej schr\u00e1nke zbrane a v z\u00e1sobn\u00edku zbrane, ak je z\u00e1sobn\u00edk v zbrani, ulo\u017een\u00fa v puzdre alebo v bato\u017einovom priestore motorov\u00e9ho vozidla; to sa nevz\u0165ahuje na dr\u017eite\u013ea skupiny A zbrojn\u00e9ho preukazu,<\/li>\n<li>strie\u013ea\u0165 zo zbrane, ktor\u00fa je opr\u00e1vnen\u00fd dr\u017ea\u0165 alebo nosi\u0165, len v miestach, kde je na to opr\u00e1vnen\u00fd pod\u013ea z\u00e1kona o streln\u00fdch zbraniach alebo pod\u013ea osobitn\u00e9ho predpisu alebo na strelniciach, ak nejde o pou\u017eitie zbrane na ochranu \u017eivota, zdravia alebo majetku.<\/li>\n<\/ul>\n<p><strong>Dr\u017eite\u013e skupiny B, C, D, E a F zbrojn\u00e9ho preukazu m\u00f4\u017ee prepravova\u0165 zbra\u0148 a strelivo len na \u00fa\u010dely<\/strong><\/p>\n<ul>\n<li>opravy, \u00fapravy, znehodnotenia, zni\u010denia alebo v\u00fdroby rezu zbrane alebo streliva,<\/li>\n<li>overenia zbrane autorizovanou osobou,<\/li>\n<li>v\u00fdkonu zamestnania alebo opr\u00e1vnenia pod\u013ea osobitn\u00e9ho predpisu,<\/li>\n<li>cvi\u010dnej alebo \u0161portovej stre\u013eby,<\/li>\n<li>vystavovania zbrane alebo streliva,<\/li>\n<li>prepravy zbrane alebo streliva medzi ur\u010den\u00fdmi objektmi alebo miestami ur\u010den\u00fdmi v preukaze zbrane alebo<\/li>\n<li>odovzdania zbrane alebo streliva do \u00faschovy.<\/li>\n<\/ul>\n<p>Prepravova\u0165 zbra\u0148 a strelivo v in\u00fdch pr\u00edpadoch ako s\u00fa uveden\u00e9 v predch\u00e1daj\u00facom odseku je mo\u017en\u00e9 len na z\u00e1klade p\u00edsomn\u00e9ho s\u00fahlasu Okresn\u00e9ho riadite\u013estva Policajn\u00e9ho zboru.<\/p>\n<p><strong>Dr\u017eite\u013e zbrojn\u00e9ho preukazu nesmie<\/strong><\/p>\n<ul>\n<li>previes\u0165 vlastn\u00edctvo zbrane a streliva na osobu, ktor\u00e1 nie je opr\u00e1vnen\u00e1 na jej dr\u017eanie,<\/li>\n<li>ma\u0165 pri sebe zbra\u0148 alebo strelivo alebo manipulova\u0165 so zbra\u0148ou, ak je jeho schopnos\u0165 na t\u00fato \u010dinnos\u0165 zn\u00ed\u017een\u00e1 po\u017eit\u00edm alkoholick\u00fdch n\u00e1pojov, omamn\u00fdch l\u00e1tok, psychotropn\u00fdch l\u00e1tok, pr\u00edpravkov alebo v d\u00f4sledku choroby,<\/li>\n<li>ma\u0165 zbra\u0148 ur\u010den\u00fa na zberate\u013esk\u00e9 \u00fa\u010dely v stave umo\u017e\u0148uj\u00facom okam\u017eit\u00e9 pou\u017eitie tejto zbrane,<\/li>\n<li>dr\u017ea\u0165 alebo nosi\u0165 zbra\u0148, na ktor\u00fa nebol vydan\u00fd preukaz zbrane,<\/li>\n<li>vidite\u013ene nosi\u0165 zbra\u0148, ak mu bol vydan\u00fd zbrojn\u00fd preukaz s vyzna\u010denou skupinou A,<\/li>\n<li>ponecha\u0165 zbra\u0148 a strelivo v motorovom vozidle, ak sa vzdiali mimo doh\u013eadu na motorov\u00e9 vozidlo.<\/li>\n<\/ul>\n<h3>Priestupky<\/h3>\n<p>Priestupku na \u00faseku zbran\u00ed a streliva sa dopust\u00ed ten, kto<\/p>\n<ul>\n<li>bez povolenia vyrob\u00ed alebo zadov\u00e1\u017ei sebe alebo in\u00e9mu zbra\u0148 alebo strelivo podliehaj\u00face povo\u013eovaciemu konaniu, ohl\u00e1seniu a eviden\u010dnej povinnosti, alebo ich bez povolenia prechov\u00e1va, alebo vykon\u00e1va \u010dinnos\u0165, na ktor\u00fa je potrebn\u00e9 povolenie pod\u013ea z\u00e1kona o streln\u00fdch zbraniach,<\/li>\n<li>poru\u0161\u00ed povinnos\u0165 pod\u013ea \u00a7 11 ods. 6 a 7, \u00a7 12 ods. 2 a 3, \u00a7 28 ods. 1 p\u00edsm. b), m), n) a \u00a7 28 ods. 4 p\u00edsm. b) a f) z\u00e1kona o streln\u00fdch zbraniach,<\/li>\n<li>urob\u00ed \u010destn\u00e9 vyhl\u00e1senie pod\u013ea tohto z\u00e1kona, ktor\u00e9 sa nezaklad\u00e1 na pravde, alebo<\/li>\n<li>poru\u0161\u00ed in\u00fa povinnos\u0165 ustanoven\u00fa z\u00e1konom o streln\u00fdch zbraniach.<\/li>\n<\/ul>\n<p><strong>Prejednanie priestupku<\/strong><\/p>\n<p>Priestupky na \u00faseku streln\u00fdch zbran\u00ed prejedn\u00e1va Okresn\u00e9 riadite\u013estvo Policajn\u00e9ho zboru. Za priestupok pod\u013ea predch\u00e1dzaj\u00faceho odseku a to p\u00edsm. a) a b) mo\u017eno ulo\u017ei\u0165 pokutu do 1650,50 \u20ac (50 000,- Sk) a za poru\u0161enie p\u00edsm. c) a d) mo\u017eno ulo\u017ei\u0165 pokutu a\u017e do 663,50 \u20ac (20 000,- Sk).<\/p>\n","protected":false},"excerpt":{"rendered":"<p>Dr\u017eite\u013e zbrojn\u00e9ho preukazu je povinn\u00fd dba\u0165 na zv\u00fd\u0161en\u00fa opatrnos\u0165 pri manipul\u00e1cii so zbra\u0148ou, strelivom, streln\u00fdm prachom a so z\u00e1palkami, zabezpe\u010di\u0165 zbra\u0148, na ktor\u00fa mu bol vydan\u00fd preukaz zbrane, strelivo do tejto zbrane, streln\u00fd prach a z\u00e1palky proti strate, odcudzeniu alebo zneu\u017eitiu, zabezpe\u010di\u0165 zbrojn\u00fd preukaz a preukaz zbrane proti strate, odcudzeniu alebo zneu\u017eitiu, predlo\u017ei\u0165 na v\u00fdzvu [&hellip;]<\/p>\n","protected":false},"author":1,"featured_media":0,"parent":215,"menu_order":0,"comment_status":"closed","ping_status":"closed","template":"","meta":{"spay_email":"","footnotes":""},"_links":{"self":[{"href":"https:\/\/preukaz.sk\/index.php\/wp-json\/wp\/v2\/pages\/237"}],"collection":[{"href":"https:\/\/preukaz.sk\/index.php\/wp-json\/wp\/v2\/pages"}],"about":[{"href":"https:\/\/preukaz.sk\/index.php\/wp-json\/wp\/v2\/types\/page"}],"author":[{"embeddable":true,"href":"https:\/\/preukaz.sk\/index.php\/wp-json\/wp\/v2\/users\/1"}],"replies":[{"embeddable":true,"href":"https:\/\/preukaz.sk\/index.php\/wp-json\/wp\/v2\/comments?post=237"}],"version-history":[{"count":1,"href":"https:\/\/preukaz.sk\/index.php\/wp-json\/wp\/v2\/pages\/237\/revisions"}],"predecessor-version":[{"id":622,"href":"https:\/\/preukaz.sk\/index.php\/wp-json\/wp\/v2\/pages\/237\/revisions\/622"}],"up":[{"embeddable":true,"href":"https:\/\/preukaz.sk\/index.php\/wp-json\/wp\/v2\/pages\/215"}],"wp:attachment":[{"href":"https:\/\/preukaz.sk\/index.php\/wp-json\/wp\/v2\/media?parent=237"}],"curies":[{"name":"wp","href":"https:\/\/api.w.org\/{rel}","templated":true}]}}