{"id":490,"date":"2016-11-12T12:18:27","date_gmt":"2016-11-12T11:18:27","guid":{"rendered":"http:\/\/www.preukaz.sk\/?page_id=490"},"modified":"2019-07-07T09:39:31","modified_gmt":"2019-07-07T07:39:31","slug":"prevzatie-vyhotoveneho-obcianskeho-preukazu","status":"publish","type":"page","link":"https:\/\/preukaz.sk\/index.php\/obciansky-preukaz\/prevzatie-vyhotoveneho-obcianskeho-preukazu\/","title":{"rendered":"Prevzatie vyhotoven\u00e9ho ob\u010dianskeho preukazu | Ob\u010diansky preukaz"},"content":{"rendered":"<ul>\n<li>ob\u010dan, ktor\u00fd po\u017eiada o vydanie ob\u010dianskeho preukazu, si m\u00f4\u017ee ob\u010diansky preukaz prevzia\u0165 osobne po jeho vyhotoven\u00ed; je v\u0161ak povinn\u00fd prevzia\u0165 si ho najnesk\u00f4r do 90 dn\u00ed od podania \u017eiadosti,<\/li>\n<li>ob\u010dan je povinn\u00fd prevzatie potvrdi\u0165 svoj\u00edm podpisom. Ak ob\u010dan nie je sp\u00f4sobil\u00fd podp\u00edsa\u0165 sa, uvedie sa t\u00e1to skuto\u010dnos\u0165 na \u017eiadosti,<\/li>\n<li>za ob\u010dana m\u00f4\u017ee ob\u010diansky preukaz prevzia\u0165 aj osoba jemu bl\u00edzka (rodi\u010d, prarodi\u010d, s\u00farodenec, man\u017eel\/ka, plnolet\u00e9 die\u0165a) po predlo\u017een\u00ed svojho dokladu toto\u017enosti,<\/li>\n<li>za osobu malolet\u00fa a mladistv\u00fa m\u00f4\u017ee ob\u010diansky preukaz prevzia\u0165 aj z\u00e1konn\u00fd z\u00e1stupca,<\/li>\n<li>ob\u010diansky preukaz m\u00f4\u017ee prevzia\u0165 aj in\u00e1 osoba po predlo\u017een\u00ed svojho dokladu toto\u017enosti a plnomocenstva na zastupovanie s osved\u010den\u00fdm podpisom; plnomocenstvo nie je potrebn\u00e9 v pr\u00edpade, \u017ee ob\u010dan star\u0161\u00ed ako 15 rokov pri podan\u00ed \u017eiadosti o vydanie ob\u010dianskeho preukazu splnomocn\u00ed in\u00fa osobu a t\u00fato skuto\u010dnos\u0165 uvedie do \u017eiadosti a podp\u00ed\u0161e pred org\u00e1nom, ktor\u00fd ob\u010diansky preukaz vyd\u00e1va.\u00a0Za ob\u010dana pozbaven\u00e9ho sp\u00f4sobilosti na pr\u00e1vne \u00fakony prevezme ob\u010diansky preukaz jeho opatrovn\u00edk po predlo\u017een\u00ed svojho dokladu toto\u017enosti.<\/li>\n<\/ul>\n<p>&nbsp;<\/p>\n","protected":false},"excerpt":{"rendered":"<p>ob\u010dan, ktor\u00fd po\u017eiada o vydanie ob\u010dianskeho preukazu, si m\u00f4\u017ee ob\u010diansky preukaz prevzia\u0165 osobne po jeho vyhotoven\u00ed; je v\u0161ak povinn\u00fd prevzia\u0165 si ho najnesk\u00f4r do 90 dn\u00ed od podania \u017eiadosti, ob\u010dan je povinn\u00fd prevzatie potvrdi\u0165 svoj\u00edm podpisom. Ak ob\u010dan nie je sp\u00f4sobil\u00fd podp\u00edsa\u0165 sa, uvedie sa t\u00e1to skuto\u010dnos\u0165 na \u017eiadosti, za ob\u010dana m\u00f4\u017ee ob\u010diansky preukaz prevzia\u0165 [&hellip;]<\/p>\n","protected":false},"author":1,"featured_media":0,"parent":8,"menu_order":0,"comment_status":"closed","ping_status":"closed","template":"","meta":{"spay_email":"","footnotes":""},"_links":{"self":[{"href":"https:\/\/preukaz.sk\/index.php\/wp-json\/wp\/v2\/pages\/490"}],"collection":[{"href":"https:\/\/preukaz.sk\/index.php\/wp-json\/wp\/v2\/pages"}],"about":[{"href":"https:\/\/preukaz.sk\/index.php\/wp-json\/wp\/v2\/types\/page"}],"author":[{"embeddable":true,"href":"https:\/\/preukaz.sk\/index.php\/wp-json\/wp\/v2\/users\/1"}],"replies":[{"embeddable":true,"href":"https:\/\/preukaz.sk\/index.php\/wp-json\/wp\/v2\/comments?post=490"}],"version-history":[{"count":1,"href":"https:\/\/preukaz.sk\/index.php\/wp-json\/wp\/v2\/pages\/490\/revisions"}],"predecessor-version":[{"id":640,"href":"https:\/\/preukaz.sk\/index.php\/wp-json\/wp\/v2\/pages\/490\/revisions\/640"}],"up":[{"embeddable":true,"href":"https:\/\/preukaz.sk\/index.php\/wp-json\/wp\/v2\/pages\/8"}],"wp:attachment":[{"href":"https:\/\/preukaz.sk\/index.php\/wp-json\/wp\/v2\/media?parent=490"}],"curies":[{"name":"wp","href":"https:\/\/api.w.org\/{rel}","templated":true}]}}