{"id":513,"date":"2016-11-12T12:49:42","date_gmt":"2016-11-12T11:49:42","guid":{"rendered":"http:\/\/www.preukaz.sk\/?page_id=513"},"modified":"2019-07-07T09:39:44","modified_gmt":"2019-07-07T07:39:44","slug":"softver-pre-pouzivatelov-elektronickych-obcianskych-preukazov","status":"publish","type":"page","link":"https:\/\/preukaz.sk\/index.php\/obciansky-preukaz\/softver-pre-pouzivatelov-elektronickych-obcianskych-preukazov\/","title":{"rendered":"Softv\u00e9r pre pou\u017e\u00edvate\u013eov elektronick\u00fdch ob\u010dianskych preukazov | Ob\u010diansky preukaz"},"content":{"rendered":"<h1><\/h1>\n<h2>eID\u00a0klient<\/h2>\n<div class=\"box\">\n<table>\n<tbody>\n<tr>\n<th class=\"column1\">N\u00e1zov<\/th>\n<th class=\"column2\">Platforma<\/th>\n<th class=\"column3\">In\u0161tal\u00e1tor<\/th>\n<th>Pou\u017e\u00edvate\u013esk\u00e1\u00a0pr\u00edru\u010dka<\/th>\n<\/tr>\n<tr>\n<td>eID\u00a0klient 1.9.3<br \/>\npre Windows<\/td>\n<td>Windows\u00a0XP\/7\/8\/10<\/td>\n<td>\n<div><a title=\"eID\u00a0klient pre\u00a0Windows \u2013\u00a0in\u0161tal\u00e1tor\" href=\"https:\/\/eidas.minv.sk\/TCTokenService\/download\/eID_klient.msi\">Stiahnu\u0165\u00a0in\u0161tal\u00e1tor<\/a><\/div>\n<div>Typ s\u00faboru: msi<\/div>\n<div>Ve\u013ekos\u0165: 25,2\u00a0MB<\/div>\n<\/td>\n<td>\n<div><a title=\"eID\u00a0klient pre\u00a0Windows \u2013\u00a0pou\u017e\u00edvate\u013esk\u00e1 pr\u00edru\u010dka\" href=\"https:\/\/eidas.minv.sk\/TCTokenService\/download\/Prirucka_eID_klient.pdf\">Stiahnu\u0165\u00a0pr\u00edru\u010dku<\/a><\/div>\n<div>Typ s\u00faboru: pdf<\/div>\n<div>Ve\u013ekos\u0165: 2,2\u00a0MB<\/div>\n<\/td>\n<\/tr>\n<tr>\n<td>eID\u00a0klient 1.9.1<br \/>\npre Mac OS X<\/td>\n<td>\n<div>Mac\u00a0OS\u00a0X\u00a010.8\/10.9\/<br \/>\n10.10.2\/10.10.3\/<br \/>\n10.11<\/div>\n<div class=\"warning\">Verzie 10.10 a 10.10.1 nie s\u00fa podporovan\u00e9. Viac info v\u00a0pr\u00edru\u010dke.<\/div>\n<\/td>\n<td>\n<div><a title=\"eID\u00a0klient pre\u00a0Mac OS X \u2013\u00a0in\u0161tal\u00e1tor\" href=\"https:\/\/eidas.minv.sk\/TCTokenService\/download\/mac\/eIDklient.dmg\">Stiahnu\u0165\u00a0in\u0161tal\u00e1tor<\/a><\/div>\n<div>Typ s\u00faboru: dmg<\/div>\n<div>Ve\u013ekos\u0165: 30,3\u00a0MB<\/div>\n<\/td>\n<td>\n<div><a title=\"eID\u00a0klient pre\u00a0Mac OS X \u2013\u00a0pou\u017e\u00edvate\u013esk\u00e1 pr\u00edru\u010dka\" href=\"https:\/\/eidas.minv.sk\/TCTokenService\/download\/mac\/Prirucka_eID_klient_MacOSX.pdf\">Stiahnu\u0165\u00a0pr\u00edru\u010dku<\/a><\/div>\n<div>Typ s\u00faboru: pdf<\/div>\n<div>Ve\u013ekos\u0165: 2,1\u00a0MB<\/div>\n<\/td>\n<\/tr>\n<tr>\n<td>eID\u00a0klient 1.9.1<br \/>\npre Linux<\/td>\n<td>Mint\u00a013\/17\u00a032-bit<\/td>\n<td>\n<div><a title=\"eID\u00a0klient pre\u00a0Mint 32-bit \u2013\u00a0in\u0161tal\u00e1tor\" href=\"https:\/\/eidas.minv.sk\/TCTokenService\/download\/linux\/mint\/eidklient_i386_mint.tar.gz\">Stiahnu\u0165\u00a0in\u0161tal\u00e1tor<\/a><\/div>\n<div>Typ s\u00faboru: gz<\/div>\n<div>Ve\u013ekos\u0165: 12,0\u00a0MB<\/div>\n<\/td>\n<td>\n<div><a title=\"eID\u00a0klient pre\u00a0Linux \u2013\u00a0pou\u017e\u00edvate\u013esk\u00e1 pr\u00edru\u010dka\" href=\"https:\/\/eidas.minv.sk\/TCTokenService\/download\/linux\/Prirucka_eID_klient_Linux.pdf\">Stiahnu\u0165\u00a0pr\u00edru\u010dku<\/a><\/div>\n<div>Typ s\u00faboru: pdf<\/div>\n<div>Ve\u013ekos\u0165: 1,9\u00a0MB<\/div>\n<\/td>\n<\/tr>\n<tr>\n<td><\/td>\n<td>Mint\u00a013\/17\u00a064-bit<\/td>\n<td>\n<div><a title=\"eID\u00a0klient pre\u00a0Mint 64-bit \u2013\u00a0in\u0161tal\u00e1tor\" href=\"https:\/\/eidas.minv.sk\/TCTokenService\/download\/linux\/mint\/eidklient_amd64_mint.tar.gz\">Stiahnu\u0165\u00a0in\u0161tal\u00e1tor<\/a><\/div>\n<div>Typ s\u00faboru: gz<\/div>\n<div>Ve\u013ekos\u0165: 11,8\u00a0MB<\/div>\n<\/td>\n<td>\n<div><a title=\"eID\u00a0klient pre\u00a0Linux \u2013\u00a0pou\u017e\u00edvate\u013esk\u00e1 pr\u00edru\u010dka\" href=\"https:\/\/eidas.minv.sk\/TCTokenService\/download\/linux\/Prirucka_eID_klient_Linux.pdf\">Stiahnu\u0165\u00a0pr\u00edru\u010dku<\/a><\/div>\n<div>Typ s\u00faboru: pdf<\/div>\n<div>Ve\u013ekos\u0165: 1,9\u00a0MB<\/div>\n<\/td>\n<\/tr>\n<tr>\n<td><\/td>\n<td>Ubuntu\u00a012.04\/14.04<br \/>\n32-bit<\/td>\n<td>\n<div><a title=\"eID\u00a0klient pre\u00a0Ubuntu 32-bit \u2013\u00a0in\u0161tal\u00e1tor\" href=\"https:\/\/eidas.minv.sk\/TCTokenService\/download\/linux\/ubuntu\/eidklient_i386_ubuntu.tar.gz\">Stiahnu\u0165\u00a0in\u0161tal\u00e1tor<\/a><\/div>\n<div>Typ s\u00faboru: gz<\/div>\n<div>Ve\u013ekos\u0165: 12,0\u00a0MB<\/div>\n<\/td>\n<td>\n<div><a title=\"eID\u00a0klient pre\u00a0Linux \u2013\u00a0pou\u017e\u00edvate\u013esk\u00e1 pr\u00edru\u010dka\" href=\"https:\/\/eidas.minv.sk\/TCTokenService\/download\/linux\/Prirucka_eID_klient_Linux.pdf\">Stiahnu\u0165\u00a0pr\u00edru\u010dku<\/a><\/div>\n<div>Typ s\u00faboru: pdf<\/div>\n<div>Ve\u013ekos\u0165: 1,9\u00a0MB<\/div>\n<\/td>\n<\/tr>\n<tr>\n<td><\/td>\n<td>Ubuntu\u00a012.04\/14.04<br \/>\n64-bit<\/td>\n<td>\n<div><a title=\"eID\u00a0klient pre\u00a0Ubuntu 64-bit \u2013\u00a0in\u0161tal\u00e1tor\" href=\"https:\/\/eidas.minv.sk\/TCTokenService\/download\/linux\/ubuntu\/eidklient_amd64_ubuntu.tar.gz\">Stiahnu\u0165\u00a0in\u0161tal\u00e1tor<\/a><\/div>\n<div>Typ s\u00faboru: gz<\/div>\n<div>Ve\u013ekos\u0165: 11,8\u00a0MB<\/div>\n<\/td>\n<td>\n<div><a title=\"eID\u00a0klient pre\u00a0Linux \u2013\u00a0pou\u017e\u00edvate\u013esk\u00e1 pr\u00edru\u010dka\" href=\"https:\/\/eidas.minv.sk\/TCTokenService\/download\/linux\/Prirucka_eID_klient_Linux.pdf\">Stiahnu\u0165\u00a0pr\u00edru\u010dku<\/a><\/div>\n<div>Typ s\u00faboru: pdf<\/div>\n<div>Ve\u013ekos\u0165: 1,9\u00a0MB<\/div>\n<\/td>\n<\/tr>\n<tr>\n<td><\/td>\n<td>Debian\u00a07.0\u00a032-bit<\/td>\n<td>\n<div><a title=\"eID\u00a0klient pre\u00a0Debian 32-bit \u2013\u00a0in\u0161tal\u00e1tor\" href=\"https:\/\/eidas.minv.sk\/TCTokenService\/download\/linux\/debian\/eidklient_i386_debian.tar.gz\">Stiahnu\u0165\u00a0in\u0161tal\u00e1tor<\/a><\/div>\n<div>Typ s\u00faboru: gz<\/div>\n<div>Ve\u013ekos\u0165: 12,4\u00a0MB<\/div>\n<\/td>\n<td>\n<div><a title=\"eID\u00a0klient pre\u00a0Linux \u2013\u00a0pou\u017e\u00edvate\u013esk\u00e1 pr\u00edru\u010dka\" href=\"https:\/\/eidas.minv.sk\/TCTokenService\/download\/linux\/Prirucka_eID_klient_Linux.pdf\">Stiahnu\u0165\u00a0pr\u00edru\u010dku<\/a><\/div>\n<div>Typ s\u00faboru: pdf<\/div>\n<div>Ve\u013ekos\u0165: 1,9\u00a0MB<\/div>\n<\/td>\n<\/tr>\n<tr>\n<td><\/td>\n<td>Debian\u00a07.0\u00a064-bit<\/td>\n<td>\n<div><a title=\"eID\u00a0klient pre\u00a0Debian 64-bit \u2013\u00a0in\u0161tal\u00e1tor\" href=\"https:\/\/eidas.minv.sk\/TCTokenService\/download\/linux\/debian\/eidklient_amd64_debian.tar.gz\">Stiahnu\u0165\u00a0in\u0161tal\u00e1tor<\/a><\/div>\n<div>Typ s\u00faboru: gz<\/div>\n<div>Ve\u013ekos\u0165: 12,1\u00a0MB<\/div>\n<\/td>\n<td>\n<div><a title=\"eID\u00a0klient pre\u00a0Linux \u2013\u00a0pou\u017e\u00edvate\u013esk\u00e1 pr\u00edru\u010dka\" href=\"https:\/\/eidas.minv.sk\/TCTokenService\/download\/linux\/Prirucka_eID_klient_Linux.pdf\">Stiahnu\u0165\u00a0pr\u00edru\u010dku<\/a><\/div>\n<div>Typ s\u00faboru: pdf<\/div>\n<div>Ve\u013ekos\u0165: 1,9\u00a0MB<\/div>\n<\/td>\n<\/tr>\n<\/tbody>\n<\/table>\n<\/div>\n<h2>\u010c\u00edta\u010dky \u010dipov\u00fdch kariet<\/h2>\n<div class=\"box\">\n<table>\n<tbody>\n<tr>\n<th class=\"column1\">N\u00e1zov<\/th>\n<th class=\"column2\">Platforma<\/th>\n<th class=\"column3\">Ovl\u00e1da\u010de<\/th>\n<th>Pou\u017e\u00edvate\u013esk\u00e1\u00a0pr\u00edru\u010dka<\/th>\n<\/tr>\n<tr>\n<td>IDBridge\u00a0CT30<\/td>\n<td>Windows\u00a0XP\/7\/8\u00a032-bit<\/td>\n<td>\n<div><a title=\"IDBridge CT30 - ovl\u00e1da\u010de pre Windows (32-bit)\" href=\"https:\/\/eidas.minv.sk\/TCTokenService\/download\/IDBridge_CT30_32bit.msi\">Stiahnu\u0165\u00a0ovl\u00e1da\u010de<\/a><\/div>\n<div>Typ s\u00faboru: msi<\/div>\n<div>Ve\u013ekos\u0165: 1,2\u00a0MB<\/div>\n<\/td>\n<td>\n<div><a title=\"IDBridge CT30 - pou\u017e\u00edvate\u013esk\u00e1 pr\u00edru\u010dka\" href=\"https:\/\/eidas.minv.sk\/TCTokenService\/download\/Prirucka_citacka_cipovych_kariet_IDBridge_CT30.pdf\">Stiahnu\u0165\u00a0pr\u00edru\u010dku<\/a><\/div>\n<div>Typ s\u00faboru: pdf<\/div>\n<div>Ve\u013ekos\u0165: 941\u00a0kB<\/div>\n<\/td>\n<\/tr>\n<tr>\n<td><\/td>\n<td>Windows\u00a0XP\/7\/8\u00a064-bit<\/td>\n<td>\n<div><a title=\"IDBridge CT30 - ovl\u00e1da\u010de pre Windows (64-bit)\" href=\"https:\/\/eidas.minv.sk\/TCTokenService\/download\/IDBridge_CT30_64bit.msi\">Stiahnu\u0165\u00a0ovl\u00e1da\u010de<\/a><\/div>\n<div>Typ s\u00faboru: msi<\/div>\n<div>Ve\u013ekos\u0165: 1,5\u00a0MB<\/div>\n<\/td>\n<td>\n<div><a title=\"IDBridge CT30 - pou\u017e\u00edvate\u013esk\u00e1 pr\u00edru\u010dka\" href=\"https:\/\/eidas.minv.sk\/TCTokenService\/download\/Prirucka_citacka_cipovych_kariet_IDBridge_CT30.pdf\">Stiahnu\u0165\u00a0pr\u00edru\u010dku<\/a><\/div>\n<div>Typ s\u00faboru: pdf<\/div>\n<div>Ve\u013ekos\u0165: 941\u00a0kB<\/div>\n<\/td>\n<\/tr>\n<tr>\n<td><\/td>\n<td>Linux\u00a0\/\u00a0Mac\u00a0OS\u00a0X<\/td>\n<td><\/td>\n<td>\n<div><a title=\"IDBridge CT30 - pou\u017e\u00edvate\u013esk\u00e1 pr\u00edru\u010dka\" href=\"https:\/\/eidas.minv.sk\/TCTokenService\/download\/Prirucka_citacka_cipovych_kariet_IDBridge_CT30.pdf\">Stiahnu\u0165\u00a0pr\u00edru\u010dku<\/a><\/div>\n<div>Typ s\u00faboru: pdf<\/div>\n<div>Ve\u013ekos\u0165: 941\u00a0kB<\/div>\n<\/td>\n<\/tr>\n<\/tbody>\n<\/table>\n<div class=\"notes\">\n<div class=\"heading\">Pozn\u00e1mky:<\/div>\n<div>\n<ul>\n<li>\u010c\u00edta\u010dka IDBridge CT30 nie je podporovan\u00e1 vo virtualizovanom prostred\u00ed pre OS Linux.<\/li>\n<\/ul>\n<\/div>\n<\/div>\n<\/div>\n<h2>Aplik\u00e1cie pre pr\u00e1cu so zaru\u010den\u00fdm elektronick\u00fdm podpisom<\/h2>\n<div class=\"box\">\n<p>Aplik\u00e1cie na vytv\u00e1ranie zaru\u010den\u00e9ho elektronick\u00e9ho podpisu s\u00fa k dispoz\u00edcii na <a title=\"https:\/\/www.slovensko.sk\/sk\/na-stiahnutie\" href=\"https:\/\/www.slovensko.sk\/sk\/na-stiahnutie\">https:\/\/www.slovensko.sk\/sk\/na-stiahnutie<\/a>.<\/p>\n<\/div>\n","protected":false},"excerpt":{"rendered":"<p>eID\u00a0klient N\u00e1zov Platforma In\u0161tal\u00e1tor Pou\u017e\u00edvate\u013esk\u00e1\u00a0pr\u00edru\u010dka eID\u00a0klient 1.9.3 pre Windows Windows\u00a0XP\/7\/8\/10 Stiahnu\u0165\u00a0in\u0161tal\u00e1tor Typ s\u00faboru: msi Ve\u013ekos\u0165: 25,2\u00a0MB Stiahnu\u0165\u00a0pr\u00edru\u010dku Typ s\u00faboru: pdf Ve\u013ekos\u0165: 2,2\u00a0MB eID\u00a0klient 1.9.1 pre Mac OS X Mac\u00a0OS\u00a0X\u00a010.8\/10.9\/ 10.10.2\/10.10.3\/ 10.11 Verzie 10.10 a 10.10.1 nie s\u00fa podporovan\u00e9. Viac info v\u00a0pr\u00edru\u010dke. Stiahnu\u0165\u00a0in\u0161tal\u00e1tor Typ s\u00faboru: dmg Ve\u013ekos\u0165: 30,3\u00a0MB Stiahnu\u0165\u00a0pr\u00edru\u010dku Typ s\u00faboru: pdf Ve\u013ekos\u0165: 2,1\u00a0MB eID\u00a0klient 1.9.1 [&hellip;]<\/p>\n","protected":false},"author":1,"featured_media":0,"parent":8,"menu_order":0,"comment_status":"closed","ping_status":"closed","template":"","meta":{"spay_email":"","footnotes":""},"_links":{"self":[{"href":"https:\/\/preukaz.sk\/index.php\/wp-json\/wp\/v2\/pages\/513"}],"collection":[{"href":"https:\/\/preukaz.sk\/index.php\/wp-json\/wp\/v2\/pages"}],"about":[{"href":"https:\/\/preukaz.sk\/index.php\/wp-json\/wp\/v2\/types\/page"}],"author":[{"embeddable":true,"href":"https:\/\/preukaz.sk\/index.php\/wp-json\/wp\/v2\/users\/1"}],"replies":[{"embeddable":true,"href":"https:\/\/preukaz.sk\/index.php\/wp-json\/wp\/v2\/comments?post=513"}],"version-history":[{"count":1,"href":"https:\/\/preukaz.sk\/index.php\/wp-json\/wp\/v2\/pages\/513\/revisions"}],"predecessor-version":[{"id":642,"href":"https:\/\/preukaz.sk\/index.php\/wp-json\/wp\/v2\/pages\/513\/revisions\/642"}],"up":[{"embeddable":true,"href":"https:\/\/preukaz.sk\/index.php\/wp-json\/wp\/v2\/pages\/8"}],"wp:attachment":[{"href":"https:\/\/preukaz.sk\/index.php\/wp-json\/wp\/v2\/media?parent=513"}],"curies":[{"name":"wp","href":"https:\/\/api.w.org\/{rel}","templated":true}]}}