{"id":516,"date":"2016-11-12T12:58:33","date_gmt":"2016-11-12T11:58:33","guid":{"rendered":"http:\/\/www.preukaz.sk\/?page_id=516"},"modified":"2019-07-07T09:39:50","modified_gmt":"2019-07-07T07:39:50","slug":"vydanie-noveho-obcianskeho-preukazu-prostrednictvom-zastupitelskych-uradov-sr-v-zahranici","status":"publish","type":"page","link":"https:\/\/preukaz.sk\/index.php\/obciansky-preukaz\/vydanie-noveho-obcianskeho-preukazu-prostrednictvom-zastupitelskych-uradov-sr-v-zahranici\/","title":{"rendered":"Vydanie nov\u00e9ho ob\u010dianskeho preukazu v zahrani\u010d\u00ed | Ob\u010diansky preukaz"},"content":{"rendered":"<p>Ob\u010dania, ktor\u00ed maj\u00fa vydan\u00fd ob\u010diansky preukaz form\u00e1tu Eur\u00f3pskej \u00fanie (vyd\u00e1van\u00fd od 1. j\u00fala 2008) m\u00f4\u017eu z d\u00f4vodu straty, odcudzenia, zni\u010denia a po\u0161kodenia ob\u010dianskeho preukazu, ako aj z d\u00f4vodu zmeny mena, \u010di priezviska po\u017eiada\u0165 o vydanie nov\u00e9ho ob\u010dianskeho preukazu aj prostredn\u00edctvom zastupite\u013esk\u00fdch \u00faradov Slovenskej republiky v zahrani\u010d\u00ed (\u010falej len \u201ezastupite\u013esk\u00fd \u00farad\u201c).<\/p>\n<p>Od 1. decembra 2013 vyd\u00e1va Ministerstvo vn\u00fatra Slovenskej republiky ob\u010dianske preukazy so zabudovan\u00fdm elektronick\u00fdm \u010dipom. V pr\u00edpade, ak m\u00e1 ob\u010dan z\u00e1ujem vyu\u017e\u00edva\u0165 ob\u010diansky preukaz na elektronick\u00fa komunik\u00e1ciu, mus\u00ed si ob\u010diansky preukaz aktivova\u0165 zadan\u00edm bezpe\u010dnostn\u00e9ho osobn\u00e9ho k\u00f3du tzv. BOK.<\/p>\n<p>V pr\u00edpade, ak m\u00e1 ob\u010dan, ktor\u00fd \u017eiada o vydanie nov\u00e9ho ob\u010dianskeho preukazu prostredn\u00edctvom zastupite\u013esk\u00e9ho \u00faradu z\u00e1ujem vyu\u017e\u00edva\u0165 svoj ob\u010diansky preukaz na tak\u00fato komunik\u00e1ciu, mus\u00ed si ob\u010diansky preukaz zadan\u00edm predmetn\u00e9ho k\u00f3du aktivova\u0165 u\u017e v r\u00e1mci prijatia \u017eiadosti o jeho vydanie.<\/p>\n<p>V r\u00e1mci zastupite\u013esk\u00fdch \u00faradov zatia\u013e nie je mo\u017en\u00e9 \u017eiada\u0165 o vydanie kvalifikovan\u00e9ho certifik\u00e1tu potrebn\u00e9ho na vytvorenie zaru\u010den\u00e9ho elektronick\u00e9ho podpisu, ktor\u00fd sa generuje do \u010dipu ob\u010dianskeho preukazu.<\/p>\n<h3>Potrebn\u00e9 doklady:<\/h3>\n<ul>\n<li>pri \u017eiadosti o vydanie nov\u00e9ho ob\u010dianskeho preukazu je ob\u010dan povinn\u00fd predlo\u017ei\u0165 svoj doteraj\u0161\u00ed ob\u010diansky preukaz alebo potvrdenie o ob\u010dianskom preukaze, ak mu bolo vydan\u00e9; ak ob\u010dan nem\u00f4\u017ee predlo\u017ei\u0165 svoj doteraj\u0161\u00ed ob\u010diansky preukaz (napr. z d\u00f4vodu straty, odcudzenia OP), je povinn\u00fd predlo\u017ei\u0165 doklad preukazuj\u00faci jeho rodn\u00e9 \u010d\u00edslo (rodn\u00fd list alebo cestovn\u00fd doklad),<\/li>\n<li>ak je d\u00f4vodom na vydanie nov\u00e9ho ob\u010dianskeho preukazu zmena mena, priezviska ob\u010dan je povinn\u00fd predlo\u017ei\u0165 aj doklad o tejto zmene.<\/li>\n<\/ul>\n<h3>Prevzatie dokladu:<\/h3>\n<ul>\n<li>ob\u010dan, ktor\u00fd po\u017eiada o vydanie ob\u010dianskeho preukazu, si m\u00f4\u017ee ob\u010diansky preukaz prevzia\u0165 osobne po jeho vyhotoven\u00ed,<\/li>\n<li>ob\u010dan je povinn\u00fd prevzatie potvrdi\u0165 svoj\u00edm podpisom. Ak ob\u010dan nie je sp\u00f4sobil\u00fd podp\u00edsa\u0165 sa, uvedie sa t\u00e1to skuto\u010dnos\u0165 na \u017eiadosti,<\/li>\n<li>za osobu malolet\u00fa a mladistv\u00fa m\u00f4\u017ee ob\u010diansky preukaz prevzia\u0165 aj z\u00e1konn\u00fd z\u00e1stupca,<\/li>\n<li>ob\u010diansky preukaz m\u00f4\u017ee prevzia\u0165 aj in\u00fd ob\u010dan po predlo\u017een\u00ed svojho ob\u010dianskeho preukazu a plnomocenstva na zastupovanie s osved\u010den\u00fdm podpisom, ktor\u00e9 je povinn\u00fd odovzda\u0165 pr\u00edslu\u0161n\u00e9mu \u00faradu.<\/li>\n<li>Ob\u010dan, ktor\u00fd po\u017eiadal o vydanie nov\u00e9ho ob\u010dianskeho preukazu na zastupite\u013eskom \u00farade, si vyhotoven\u00fd doklad m\u00f4\u017ee prevzia\u0165 len na predmetnom zastupite\u013eskom \u00farade; tak\u00e9to ob\u010dianske preukazy nie je mo\u017en\u00e9 prevzia\u0165 na okresnom riadite\u013estve, pr\u00edpadne na inom zastupite\u013eskom \u00farade.<\/li>\n<\/ul>\n<h3>Spr\u00e1vne poplatky:<\/h3>\n<ul>\n<li>Podanie \u017eiadosti o vydanie ob\u010dianskeho preukazu (zmena mena alebo priezviska) 15 eur,<\/li>\n<li>Podanie \u017eiadosti o vydanie ob\u010dianskeho preukazu ako n\u00e1hrady za zni\u010den\u00fd, straten\u00fd, odcudzen\u00fd alebo po\u0161koden\u00fd ob\u010diansky preukaz 30 eur,<\/li>\n<li>Podanie \u017eiadosti o vydanie ob\u010dianskeho preukazu ako n\u00e1hrady za zni\u010den\u00fd, straten\u00fd, odcudzen\u00fd alebo po\u0161koden\u00fd ob\u010diansky preukaz v priebehu dvoch po sebe nasleduj\u00facich rokoch 50 eur.<\/li>\n<\/ul>\n<h3>Oslobodenie<\/h3>\n<p>Od poplatkov je osloboden\u00e9 podanie \u017eiadosti o vydanie ob\u010dianskeho preukazu ako n\u00e1hrady za zni\u010den\u00fd, straten\u00fd, odcudzen\u00fd alebo po\u0161koden\u00fd ob\u010diansky preukaz u ob\u010danov star\u0161\u00edch ako 60 rokov veku alebo dr\u017eite\u0161a preukazu ob\u010dana s \u0165a\u017ek\u00fdm zdravotn\u00fdm postihnut\u00edm a podanie \u017eiadosti o vydanie ob\u010dianskeho preukazu ako n\u00e1hrady za zni\u010den\u00fd, straten\u00fd, odcudzen\u00fd alebo po\u0161koden\u00fd ob\u010diansky preukaz opakovane v priebehu dvoch po sebe nasleduj\u00facich rokoch u ob\u010danov star\u0161\u00edch ako 60 rokov veku alebo dr\u017eite\u013ea preukazu ob\u010dana s \u0165a\u017ek\u00fdm zdravotn\u00fdm postihnut\u00edm.<\/p>\n<p>&nbsp;<\/p>\n","protected":false},"excerpt":{"rendered":"<p>Ob\u010dania, ktor\u00ed maj\u00fa vydan\u00fd ob\u010diansky preukaz form\u00e1tu Eur\u00f3pskej \u00fanie (vyd\u00e1van\u00fd od 1. j\u00fala 2008) m\u00f4\u017eu z d\u00f4vodu straty, odcudzenia, zni\u010denia a po\u0161kodenia ob\u010dianskeho preukazu, ako aj z d\u00f4vodu zmeny mena, \u010di priezviska po\u017eiada\u0165 o vydanie nov\u00e9ho ob\u010dianskeho preukazu aj prostredn\u00edctvom zastupite\u013esk\u00fdch \u00faradov Slovenskej republiky v zahrani\u010d\u00ed (\u010falej len \u201ezastupite\u013esk\u00fd \u00farad\u201c). Od 1. decembra 2013 vyd\u00e1va [&hellip;]<\/p>\n","protected":false},"author":1,"featured_media":0,"parent":8,"menu_order":0,"comment_status":"closed","ping_status":"closed","template":"","meta":{"spay_email":"","footnotes":""},"_links":{"self":[{"href":"https:\/\/preukaz.sk\/index.php\/wp-json\/wp\/v2\/pages\/516"}],"collection":[{"href":"https:\/\/preukaz.sk\/index.php\/wp-json\/wp\/v2\/pages"}],"about":[{"href":"https:\/\/preukaz.sk\/index.php\/wp-json\/wp\/v2\/types\/page"}],"author":[{"embeddable":true,"href":"https:\/\/preukaz.sk\/index.php\/wp-json\/wp\/v2\/users\/1"}],"replies":[{"embeddable":true,"href":"https:\/\/preukaz.sk\/index.php\/wp-json\/wp\/v2\/comments?post=516"}],"version-history":[{"count":1,"href":"https:\/\/preukaz.sk\/index.php\/wp-json\/wp\/v2\/pages\/516\/revisions"}],"predecessor-version":[{"id":643,"href":"https:\/\/preukaz.sk\/index.php\/wp-json\/wp\/v2\/pages\/516\/revisions\/643"}],"up":[{"embeddable":true,"href":"https:\/\/preukaz.sk\/index.php\/wp-json\/wp\/v2\/pages\/8"}],"wp:attachment":[{"href":"https:\/\/preukaz.sk\/index.php\/wp-json\/wp\/v2\/media?parent=516"}],"curies":[{"name":"wp","href":"https:\/\/api.w.org\/{rel}","templated":true}]}}