{"id":529,"date":"2016-11-12T15:24:30","date_gmt":"2016-11-12T14:24:30","guid":{"rendered":"http:\/\/www.preukaz.sk\/?page_id=529"},"modified":"2019-07-07T09:39:25","modified_gmt":"2019-07-07T07:39:25","slug":"elektronicka-identifikacna-karta-eid","status":"publish","type":"page","link":"https:\/\/preukaz.sk\/index.php\/obciansky-preukaz\/elektronicka-identifikacna-karta-eid\/","title":{"rendered":"Elektronick\u00e1 identifika\u010dn\u00e1 karta (eID) | Ob\u010diansky preukaz"},"content":{"rendered":"<p>1. \u010co je to elektronick\u00e1 identifika\u010dn\u00e1 karta (eID)?<br \/>\nOb\u010diansky preukaz s elektronick\u00fdm kontaktn\u00fdm \u010dipom sa naz\u00fdva elektronick\u00e1 identifika\u010dn\u00e1 karta (eID).<\/p>\n<p>2. Kedy sa za\u010dala vyd\u00e1va\u0165 eID ?<br \/>\nElektronick\u00e9 identifika\u010dne karty (eID) sa za\u010dali vyd\u00e1va\u0165 2. decembra 2013. Ich vyd\u00e1vanie je s\u00fa\u010das\u0165ou procesu elektroniz\u00e1cie verejnej spr\u00e1vy, v r\u00e1mci ktorej bud\u00fa ob\u010danom spr\u00edstupnen\u00e9 slu\u017eby verejnej spr\u00e1vy cez Internet prostredn\u00edctvom elektronick\u00fdch eGovernment slu\u017eieb.<\/p>\n<p>3. Ako vyzer\u00e1 eID?<br \/>\nElektronick\u00e1 identifika\u010dn\u00e1 karta (eID)je zobrazen\u00e1 na nasledovnom obr\u00e1zku. Na zadnej strane karty je umiestnen\u00fd kontaktn\u00fd \u010dip.<\/p>\n<p><a href=\"http:\/\/www.preukaz.sk\/wp-content\/uploads\/2016\/11\/preukaz-obciansky.jpg\"><img loading=\"lazy\" decoding=\"async\" class=\"size-medium wp-image-458 alignnone\" src=\"http:\/\/www.preukaz.sk\/wp-content\/uploads\/2016\/11\/preukaz-obciansky-595x218.jpg\" alt=\"preukaz-obciansky\" width=\"595\" height=\"218\" \/><\/a><\/p>\n<p>4. Ako je mo\u017en\u00e9 z\u00edska\u0165 nov\u00fa eID kartu?<br \/>\n\u017diados\u0165 o vydanie eID je mo\u017en\u00e9 poda\u0165 na ktoromko\u013evek (plat\u00ed len pre OP vo form\u00e1te ID1, ktor\u00fdch vyd\u00e1vanie za\u010dalo 01.07.2008) Okresnom riadite\u013estve Policajn\u00e9ho zboru, nie len v mieste trval\u00e9ho pobytu, pri\u010dom pracovn\u00edci bud\u00fa m\u00f4c\u0165 pr\u00eds\u0165 aj s mobiln\u00fdmi pracoviskami za ob\u010danmi, ktor\u00ed \u017eiados\u0165 napr. pre bezvl\u00e1dnos\u0165 nem\u00f4\u017eu osobne poda\u0165 . \u010eal\u0161ou zmenou, z poh\u013eadu \u017eiadate\u013ea, je vo\u013eba BOK k\u00f3du, ktor\u00fd chr\u00e1ni \u00fadaje na \u010dipe ID, pr\u00edpadne mo\u017enos\u0165 necha\u0165 si doru\u010di\u0165 eID na \u013eubovo\u013en\u00fa adresu na \u00fazem\u00ed SR. Vyd\u00e1vanie eID kariet bude spoplatnen\u00e9 sumou 4.50 euro.<\/p>\n<p>5. Ak\u00e1 je d\u013a\u017eka platnosti eID karty?<br \/>\nZ\u00e1konom stanoven\u00e1 d\u013a\u017eka platnosti eID karty je 10 rokov.<\/p>\n<p>6. Ak\u00e9 \u00fadaje s\u00fa ulo\u017een\u00e9 na \u010dipe eID?<br \/>\nNa \u010dipe eID bud\u00fa ulo\u017een\u00e9 jednak identifika\u010dn\u00e9 \u00fadaje ob\u010dana, ak\u00fdmi s\u00fa napr\u00edklad: meno, priezvisko, adresa bydliska, d\u00e1tum narodenia ob\u010dana, \u00fadaje o platnosti dokladu. Na \u010dipe m\u00f4\u017eu by\u0165 ulo\u017een\u00e9 taktie\u017e certifik\u00e1ty pre zaru\u010den\u00fd elektronick\u00fd podpis (ZEP), certifik\u00e1ty potrebn\u00e9 na \u0161ifrovanie komunik\u00e1cie s eID, \u010di pr\u00edpadne in\u00e9 \u00fadaje.<\/p>\n<p>7. Pre\u010do je eID vybaven\u00e1 elektronick\u00fdm \u010dipom?<br \/>\nElektronick\u00fd \u010dip z\u00e1sadne roz\u0161iruje mo\u017enosti pou\u017eitia ob\u010dianskeho preukazu. Pri identifika\u010dnom doklade bez elektronick\u00e9ho \u010dipu je nutn\u00fd osobn\u00fd kontakt pri preukazovan\u00ed toto\u017enosti dr\u017eite\u013ea s verejn\u00fdmi alebo komer\u010dn\u00fdmi in\u0161tit\u00faciami. eID s elektronick\u00fdm \u010dipom roz\u0161iruje toto pou\u017eitie aj na elektronick\u00fa komunik\u00e1ciu prostredn\u00edctvom Internetu. Na \u010dipe eID bud\u00fa ulo\u017een\u00e9 identifika\u010dn\u00e9 \u00fadaje ob\u010dana. Taktie\u017e v\u010faka elektronick\u00e9mu \u010dipu bude eID sl\u00fa\u017ei\u0165 aj ako prostriedok pre vytv\u00e1ranie zaru\u010den\u00e9ho elektronick\u00e9ho podpisu (ZEP).<\/p>\n<p>8. \u010co je BOK k\u00f3d?<br \/>\nBOK k\u00f3d je bezpe\u010dnostn\u00fd osobn\u00fd k\u00f3d, ktor\u00fd spolu s eID sl\u00fa\u017ei na potvrdenie toto\u017enosti dr\u017eite\u013ea eID pri elektronickej komunik\u00e1cii s informa\u010dn\u00fdmi syst\u00e9mami org\u00e1nov verejnej spr\u00e1vy, alebo s in\u00fdmi fyzick\u00fdmi osobami \u010di pr\u00e1vnick\u00fdmi osobami.<\/p>\n<p>9. \u010co je d\u00f4le\u017eit\u00e9 pri vo\u013ebe nov\u00e9ho BOK k\u00f3du?<br \/>\nBOK je kombin\u00e1ciou \u0161iestich (6) \u010d\u00edslic, ktor\u00fa si zvol\u00ed dr\u017eite\u013e pri podan\u00ed \u017eiadosti o vydanie ob\u010dianskeho preukazu alebo nesk\u00f4r osobne na okresnom riadite\u013estve na z\u00e1klade osobitnej \u017eiadosti. Po dobu platnosti ob\u010dianskeho preukazu m\u00f4\u017ee dr\u017eite\u013e bezpe\u010dnostn\u00fd osobn\u00fd k\u00f3d zmeni\u0165. Zmena bezpe\u010dnostn\u00e9ho osobn\u00e9ho k\u00f3du sa vykon\u00e1va na okresnom riadite\u013estve alebo na inom mieste, ktor\u00e9 zverejn\u00ed Ministerstvo vn\u00fatra Slovenskej republiky, alebo prostredn\u00edctvom aplika\u010dn\u00e9ho programov\u00e9ho vybavenia zverejnen\u00e9ho na tento \u00fa\u010del Ministerstvom vn\u00fatra Slovenskej republiky.<\/p>\n<p>10. \u010co sa stane ak dr\u017eite\u013e zad\u00e1 nespr\u00e1vny BOK k\u00f3d?<br \/>\nAk dr\u017eite\u013e ob\u010dianskeho preukazu pri elektronickej komunik\u00e1cii p\u00e4\u0165kr\u00e1t (5) po sebe chybne uvedie bezpe\u010dnostn\u00fd osobn\u00fd k\u00f3d, \u010fal\u0161ia mo\u017enos\u0165 jeho elektronickej komunik\u00e1cie sa zablokuje. N\u00e1sledne odblokovanie vykon\u00e1 na \u017eiados\u0165 dr\u017eite\u013ea eID Okresn\u00e9 riadite\u013estvo Policajn\u00e9ho zboru.<\/p>\n<p>11. \u010co sa stane ak pou\u017e\u00edvate\u013e zabudne jeho BOK k\u00f3d?<br \/>\nV pr\u00edpade, ak dr\u017eite\u013e eID zabudne svoj BOK k\u00f3d, je mo\u017en\u00e9 po\u017eiada\u0165 o zadanie nov\u00e9ho BOK k\u00f3du na ktoromko\u013evek Okresnom riadite\u013estve Policajn\u00e9ho zboru. Pracovn\u00edk Okresn\u00e9ho riadite\u013estva skontroluje toto\u017enos\u0165 dr\u017eite\u013ea eID a spr\u00edstupn\u00ed ob\u010danovi mo\u017enos\u0165 zadania nov\u00e9ho BOK k\u00f3du<\/p>\n<p>12. \u010co zaru\u010d\u00ed bezpe\u010dnos\u0165 \u00fadajov ulo\u017een\u00fdch na \u010dipe eID?<br \/>\nNa \u010dipe eID bud\u00fa ulo\u017een\u00e9 aj citliv\u00e9 \u00fadaje ob\u010dana. Z toho d\u00f4vodu je bezpe\u010dnos\u0165 t\u00fdchto \u00fadajov podstatnou s\u00fa\u010das\u0165ou rie\u0161enia. \u00dadaje na \u010dipe eID bud\u00fa chr\u00e1nen\u00e9 bezpe\u010dnostn\u00fdmi mechanizmami a BOK k\u00f3dom. Taktie\u017e z\u00edska\u0165 \u00fadaje z \u010dipu bud\u00fa m\u00f4c\u0165 len opr\u00e1vnen\u00e9 subjekty, ktor\u00e9 bud\u00fa disponova\u0165 pr\u00edslu\u0161n\u00fdm pr\u00edstupov\u00fdm certifik\u00e1tom. Doklad je \u00fa\u010dinne chr\u00e1nen\u00fd vo\u010di bezpe\u010dnostn\u00fdm hrozb\u00e1m ako s\u00fa napr\u00edklad imitovanie, kr\u00e1de\u017e alebo pozme\u0148ovanie \u00fadajov \u010di klonovanie.<\/p>\n<p>13. Bude mo\u017en\u00e9 vy\u010d\u00edta\u0165 z eID v\u0161etky \u00fadaje?<br \/>\nNie, z eID bude mo\u017en\u00e9 \u010d\u00edta\u0165 len tie \u00fadaje, ktor\u00e9 ob\u010dan (dr\u017eite\u013e dokladu) povol\u00ed a ods\u00fahlas\u00ed na \u010d\u00edtanie.<br \/>\nPr\u00edstup k zvolen\u00fdm \u00fadajom ob\u010dan potvrdzuje zadan\u00edm BOK k\u00f3du. Pri \u010d\u00edtan\u00ed \u00fadajov z eID sa vytvor\u00ed medzi serverom a eID d\u00f4veryhodn\u00fd \u0161ifrovan\u00fd komunika\u010dn\u00fd kan\u00e1l, cez ktor\u00fd server pre\u010d\u00edta ob\u010danom ods\u00fahlasen\u00e9 \u00fadaje.<\/p>\n<p>14. M\u00e1 dr\u017eite\u013e eID mo\u017enos\u0165 pristupova\u0165 k d\u00e1tam ulo\u017een\u00fdm na \u010dipe karty?<br \/>\n\u00c1no, dr\u017eite\u013e eID m\u00f4\u017ee pristupova\u0165 k \u00fadajom, ulo\u017een\u00fdm na kontaktnom \u010dipe eID. Dr\u017eite\u013e eID si m\u00f4\u017ee \u00fadaje zap\u00edsan\u00e9 v elektronickom \u010dipe overi\u0165 na Kiosku na Okresnom riadite\u013estve Policajn\u00e9ho zboru.<\/p>\n<p>15. \u010co m\u00e1 dr\u017eite\u013e eID robi\u0165, ke\u010f svoju eID kartu strat\u00ed alebo mu je odcudzen\u00e1? M\u00f4\u017ee by\u0165 eID zneu\u017eit\u00e1?<br \/>\nV pr\u00edpade straty alebo odcudzenia Va\u0161ej eID karty je nutn\u00e9 stratu alebo odcudzenie okam\u017eite nahl\u00e1si\u0165 na najbli\u017e\u0161om Okresnom riadite\u013estve Policajn\u00e9ho zboru alebo prostredn\u00edctvom k tomu ur\u010denej elektronickej slu\u017eby.<br \/>\nZneu\u017eitie eID karty nie je mo\u017en\u00e9, ke\u010f\u017ee na jej pou\u017eitie v elektronickom styku je potrebn\u00e1 znalos\u0165 bezpe\u010dnostn\u00e9ho osobn\u00e9ho k\u00f3du BOK, resp. ZEP PIN v pr\u00edpade ZEP. Nahl\u00e1sen\u00edm straty je pre dan\u00fd doklad eID automaticky zru\u0161en\u00e1 mo\u017enos\u0165 elektronickej identifik\u00e1cie pri internetovej komunik\u00e1cii s verejnou spr\u00e1vou.<br \/>\nV pr\u00edpade, \u017ee je na eID karte ulo\u017een\u00fd kvalifikovan\u00fd certifik\u00e1t, o jeho zru\u0161enie mus\u00ed dr\u017eite\u013e po\u017eiada\u0165 certifika\u010dn\u00fa autoritu, ktor\u00e1 mu certifik\u00e1t vydala. In\u0161trukcie, ako tak m\u00f4\u017ee spravi\u0165, z\u00edska od pr\u00edslu\u0161n\u00e9ho pracovn\u00edka pri podan\u00ed \u017eiadosti o vydanie kvalifikovan\u00e9ho certifik\u00e1tu na Okresnom riadite\u013estve Policajn\u00e9ho zboru.<\/p>\n<p>16. Ak\u00fd je \u00fa\u010del eID?<br \/>\nZavedenie eID s\u00favis\u00ed s postupn\u00fdm procesom elektroniz\u00e1cie slu\u017eieb verejnej spr\u00e1vy. eID sl\u00fa\u017eia ako bezpe\u010dn\u00e9 m\u00e9dium pre ulo\u017eenie identifika\u010dn\u00fdch \u00fadajov ob\u010dana, ako aj na elektronick\u00fa identifik\u00e1ciu a autentifik\u00e1ciu ob\u010dana pri pou\u017e\u00edvan\u00ed elektronick\u00fdch slu\u017eieb verejnej spr\u00e1vy. eID bude taktie\u017e sl\u00fa\u017ei\u0165 ako prostriedok pre vytv\u00e1ranie zaru\u010den\u00e9ho elektronick\u00e9ho podpisu, ktor\u00fd bude v elektronickej komunik\u00e1cii ob\u010dana s verejnou spr\u00e1vou plni\u0165 ekvivalentn\u00fa \u00falohu ako ru\u010dne vytvoren\u00fd podpis vyu\u017e\u00edvan\u00fd v neelektronickom styku s \u0148ou.<\/p>\n<p>17. Ak\u00e9 mo\u017enosti pou\u017eitia poskytuje eID?<br \/>\nElektronick\u00e1 identifika\u010dn\u00e1 karta (eID) sl\u00fa\u017ei na preukazovanie toto\u017enosti pri osobnom styku s \u00faradmi a in\u0161tit\u00faciami, av\u0161ak eID poskytuje aj mo\u017enos\u0165 preukazovania toto\u017enosti v elektronickom prostred\u00ed.<br \/>\nFunkcia preukazovania toto\u017enosti dr\u017eite\u013ea je z\u00e1kladn\u00e1 a nevyhnutn\u00e1 funkcia pri pou\u017e\u00edvan\u00ed elektronick\u00fdch slu\u017eieb, \u010di u\u017e vo verejnom, alebo v s\u00fakromnom sektore. Medzi elektronick\u00e9 slu\u017eby vo verejnom sektore patria napr\u00edklad: nahlasovanie zmien, pod\u00e1vanie \u017eiadost\u00ed, s\u0165a\u017enost\u00ed, \u017eal\u00f4b, aukcie, verejn\u00e9 obstar\u00e1vanie, slu\u017eby katastra, slu\u017eby da\u0148ov\u00e9ho \u00faradu, eHealth (elektronick\u00e9 zdravotn\u00edctvo), eVoting (elektronick\u00e9 vo\u013eby a referend\u00e1) a podobne.<\/p>\n<p>18. \u010co je Online eID Funkcia?<br \/>\nOnline eID Funkciu elektronickej identifika\u010dnej karty m\u00f4\u017ee pou\u017ei\u0165 jej dr\u017eite\u013e na d\u00f4veryhodn\u00e9<br \/>\npreuk\u00e1zanie svojej toto\u017enosti (autentifik\u00e1ciu) pri pr\u00edstupe k elektronick\u00fdm slu\u017eb\u00e1m. Tieto slu\u017eby bud\u00fa zo za\u010diatku zah\u0155\u0148a\u0165 len eGovernment slu\u017eby verejnej spr\u00e1vy. Nesk\u00f4r bud\u00fa zahrnut\u00e9 aj on-line slu\u017eby pon\u00fakan\u00e9 s\u00fakromn\u00fdmi spolo\u010dnos\u0165ami, ako s\u00fa on-line obchody alebo slu\u017eby pois\u0165ovn\u00ed, \u010di b\u00e1nk a podobne. Je predpoklad, \u017ee pre st\u00e1le viac a viac poskytovate\u013eov internetov\u00fdch slu\u017eieb, ktor\u00ed pon\u00fakaj\u00fa individu\u00e1lne slu\u017eby, bude pou\u017e\u00edvanie Online eID Funkcie ove\u013ea jednoduch\u0161ie, bezpe\u010dnej\u0161ie a pohodlnej\u0161ie ako alternat\u00edvne met\u00f3dy na identifik\u00e1ciu a autentifik\u00e1ciu.<\/p>\n<p>19. Ako funguje Online eID Funkcia?<br \/>\nPrinc\u00edp bude vysvetlen\u00fd na pr\u00edklade prihl\u00e1senia sa na str\u00e1nky port\u00e1lu Ministerstva vn\u00fatra SR.<br \/>\nNa str\u00e1nke port\u00e1lu si dr\u017eite\u013e eID vyberie sp\u00f4sob prihl\u00e1senia &#8222;eID&#8220;. Str\u00e1nka port\u00e1lu ho presmeruje na prihlasovac\u00ed syst\u00e9m eID (naz\u00fdvan\u00fd aj eID autentifika\u010dn\u00fd syst\u00e9m &#8211; eID AS), ktor\u00fd sa cez bezpe\u010dn\u00fd \u0161ifrovan\u00fd kan\u00e1l pripoj\u00ed na eID kartu. N\u00e1sledne bude dr\u017eite\u013e vyzvan\u00fd zada\u0165 BOK. Po zadan\u00ed BOK eID AS over\u00ed pomocou bezpe\u010dn\u00fdch \u0161ifrovac\u00edch algoritmov, \u017ee pou\u017eit\u00e1 eID karta je platn\u00e1 (tzn. nebola straten\u00e1, odcudzen\u00e1, klonovan\u00e1 a jej \u00fadaje neboli pozmenen\u00e9) a pre\u010d\u00edta z nej dr\u017eite\u013eovu identitu. eID AS potom vystav\u00ed do\u010dasn\u00e9 potvrdenie o vykonan\u00ed elektronickej identifik\u00e1cie, ktor\u00fd prehliada\u010d dr\u017eite\u013ea za\u0161le na port\u00e1l Ministerstva vn\u00fatra SR. Toto potvrdenie je takisto zabezpe\u010den\u00e9 \u0161ifrovac\u00edmi<br \/>\nprostriedkami pred zneu\u017eit\u00edm. Port\u00e1l z potvrdenia o elektronickej identifik\u00e1cii zist\u00ed identitu dr\u017eite\u013ea a umo\u017en\u00ed mu pr\u00edstup k poskytovan\u00fdm elektronick\u00fdm slu\u017eb\u00e1m.<\/p>\n<p>20. Kto prev\u00e1dzkuje eID AS?<br \/>\neID AS prev\u00e1dzkuje Ministerstvo vn\u00fatra Slovenskej Republiky.<\/p>\n<p>21. Ako je mo\u017en\u00e9 Online eID Funkciu pou\u017ei\u0165?<br \/>\nAby bolo mo\u017en\u00e9 t\u00fato funkciu pou\u017ei\u0165 pri pr\u00edstupe k elektronick\u00fdm slu\u017eb\u00e1m prostredn\u00edctvom Internetu, je potrebn\u00e9 ju najprv aktivova\u0165 zadan\u00edm osobn\u00e9ho BOK k\u00f3du dr\u017eite\u013ea.<\/p>\n<p>22. Je dr\u017eite\u013e eID povinn\u00fd Online eID Funkciu pou\u017e\u00edva\u0165 ?<br \/>\nNie. Aktiv\u00e1cia tejto funkcie je vo\u013ebou pre dr\u017eite\u013ea eID. Online eID Funkcia roz\u0161iruje mo\u017enosti pou\u017eitia ob\u010dianskeho preukazu o jeho pou\u017eitie aj v elektronickom styku. Jej aktiv\u00e1cia je preto pre tak\u00fdto typ pou\u017eitia nutnou podmienkou. Aktiv\u00e1cia sa vykon\u00e1 nastaven\u00edm osobn\u00e9ho BOK k\u00f3du, ktor\u00e9ho hodnotu si zvol\u00ed dr\u017eite\u013e eID pri podan\u00ed \u017eiadosti o vydanie ob\u010dianskeho preukazu alebo nesk\u00f4r osobne na Okresnom riadite\u013estve Policajn\u00e9ho zboru na z\u00e1klade osobitnej \u017eiadosti.<\/p>\n<p>23. Mus\u00ed by\u0165 online eID funkcia aktivovan\u00e1 okam\u017eite po vydan\u00ed eID?<br \/>\nNie, m\u00f4\u017ee by aktivovan\u00e1 nesk\u00f4r na Okresnom riadite\u013estve Policajn\u00e9ho zboru na z\u00e1klade po\u017eiadavky dr\u017eite\u013ea eID.<\/p>\n<p>24. Ak\u00e9 technick\u00e9 vybavenie je potrebn\u00e9 na pou\u017e\u00edvanie online eID?<br \/>\nDr\u017eite\u013e potrebuje eID, pr\u00edslu\u0161n\u00e9 softv\u00e9rov\u00e9 vybavenie a kontaktn\u00fa \u010d\u00edta\u010dku \u010dipov\u00fdch kariet pripojen\u00fa k svojmu PC. Softv\u00e9rov\u00e9 vybavenie k eID bude zverejnen\u00e9 na internetovom port\u00e1li Ministerstva vn\u00fatra SR.<\/p>\n<p>25. Kto m\u00f4\u017ee akceptova\u0165 Online eID Funkciu?<br \/>\nPoskytovatelia online slu\u017eieb, ktor\u00ed maj\u00fa autorizovan\u00fd pr\u00edstup k tejto funkcii eID na b\u00e1ze pr\u00edstupov\u00e9ho certifik\u00e1tu, ktor\u00e9ho vyd\u00e1vanie je pod kontrolu \u0161t\u00e1tnej certifika\u010dnej autority.<\/p>\n<p>26. M\u00f4\u017ee by\u0165 Online eID Funkcia pou\u017eit\u00e1 len cez Internet?<br \/>\nNie. eID funkcia nebola navrhnut\u00e1 iba pre pou\u017eitie na Internete. M\u00f4\u017ee byt pou\u017eit\u00e1 napr. aj na<br \/>\nKioskoch MV, kde si m\u00f4\u017ee dr\u017eite\u013e eID pre\u010d\u00edta\u0165 napr. \u00fadaje ulo\u017een\u00e9 na \u010dipe eID. V bud\u00facnosti sa<br \/>\npredpoklad\u00e1, \u017ee bude k dispoz\u00edcii viac tak\u00fdchto zariaden\u00ed aj v komer\u010dnej sf\u00e9re.<\/p>\n<p>27. Ak\u00e9 \u010d\u00edta\u010dky kontaktn\u00fdch \u010dipov\u00fdch kariet m\u00f4\u017ee ob\u010dan s eID pou\u017e\u00edva\u0165? Existuj\u00fa odpor\u00fa\u010dania?<br \/>\n\u0160tandard ISO 7816 Rozhranie do PC USB CCID Nap\u00e1janie Z USB Protokol komunik\u00e1cie s \u010dipom T=0, T=1 Ve\u013ekos\u0165 karty ID-1 R\u00fdchlos\u0165 komunik\u00e1cie s \u010dipom \u010c\u00edta\u010dka mus\u00ed podporova\u0165 r\u00fdchlos\u0165 115,2 kbaud Frekvencia hod\u00edn \u010dipu \u010c\u00edta\u010dka mus\u00ed podporova\u0165 frekvenciu 3,5 MHz Typy \u010dipov\u00fdch kariet 5V, 3V a 1.8V (ISO 7816 Class A, B and C) Rozhranie PC \/ SC PC \/ SC pre OS Windows XP\/Vista\/7\/8, Linux, Mac OS X (32\/64 bit)<br \/>\nV\u00e4\u010d\u0161ina dnes pred\u00e1van\u00fdch \u010d\u00edta\u010diek uveden\u00e9 parametre sp\u013a\u0148a.<\/p>\n<p>Ide\u00e1lne je, aby \u010d\u00edta\u010dka mala aj certifik\u00e1ty konformity a bezpe\u010dnosti, napr.: Konformita a certifik\u00e1ty Microsoft WHQL, EMV 2000 Level 1, ISO 7816, HBCI4, USB 2.0 (kompatibilita s USB 1.1), CCID, GSA FIPS 201 approved product list Bezpe\u010dnos\u0165 zariadenia CE, WEEE, FCC, UL, VCCI, MIC, RoHS Ministerstvo vn\u00fatra SR neud\u00e1va \u017eiadne odpor\u00fa\u010danie na pou\u017e\u00edvanie konkr\u00e9tneho modelu \u010d\u00edta\u010dky kontaktn\u00fdch \u010dipov\u00fdch kariet.<\/p>\n<p>28. Kde m\u00f4\u017ee ob\u010dan z\u00edska\u0165 softv\u00e9rov\u00e9 vybavenie potrebn\u00e9 pre pou\u017e\u00edvanie eID?<br \/>\nOvl\u00e1da\u010de k \u010d\u00edta\u010dke kontaktn\u00fdch \u010dipov\u00fdch kariet z\u00edska ob\u010dan od jej v\u00fdrobcu napr. pri jej k\u00fape na CD\/DVD alebo na internetovej str\u00e1nke podpory konkr\u00e9tneho v\u00fdrobcu.<br \/>\nSoftv\u00e9rov\u00e9 vybavenie pre eID si ob\u010dan m\u00f4\u017ee bezplatne stiahnu\u0165 na internetovom port\u00e1li Ministerstva vn\u00fatra SR.<\/p>\n<p>29. \u010co je softv\u00e9rov\u00e9 vybavenie pre eID?<br \/>\nSoftv\u00e9rov\u00e9 vybavenie pre eID zabezpe\u010duje riadenie procesu elektronickej identifik\u00e1cie a poskytuje \u0161tandardn\u00e9 programovacie rozhrania umo\u017e\u0148uj\u00face in\u00fdm aplik\u00e1ci\u00e1m integrova\u0165 sa na funkcie eID \u2013 napr. aplik\u00e1cii pre vytv\u00e1ranie ZEP umo\u017e\u0148uje komunikova\u0165 s pr\u00edslu\u0161n\u00fdmi ZEP funkciami na eID.<br \/>\nElektronick\u00e1 identifik\u00e1cia ob\u010dana v elektronickom styku s pou\u017eit\u00edm Online eID Funkcie je zabezpe\u010dovan\u00e1 aplik\u00e1ciou s n\u00e1zvom eID klient, ktor\u00e1 je s\u00fa\u010das\u0165ou softv\u00e9rov\u00e9ho vybavenia pre eID.<br \/>\nAplik\u00e1cia po\u010das priebehu elektronickej identifik\u00e1cie zabezpe\u010duje interakciu s pou\u017e\u00edvate\u013eom a umo\u017e\u0148uje eID AS serveru komunikova\u0165 s eID kartou na dia\u013eku.<br \/>\nProstredn\u00edctvom softv\u00e9rov\u00e9ho vybavenia pre eID je mo\u017en\u00e9 vykona\u0165 aj zmenu BOK k\u00f3du na eID karte.<\/p>\n<p>30. Ako si nain\u0161talujem softv\u00e9rov\u00e9 vybavenie pre eID?<br \/>\nZ internetov\u00e9ho port\u00e1lu Ministerstva vn\u00fatra SR je potrebn\u00e9 stiahnu\u0165 in\u0161tala\u010dn\u00fd bal\u00ed\u010dek eID klient a in\u0161tala\u010dn\u00fa pr\u00edru\u010dku pre po\u017eadovan\u00fd opera\u010dn\u00fd syst\u00e9m a postupova\u0165 pod\u013ea in\u0161trukci\u00ed v pr\u00edru\u010dke.<\/p>\n<p>31. \u010co m\u00e1 ob\u010dan robi\u0165 ak \u010dip jav\u00ed zn\u00e1mky \u201ezo\u0161\u00fachania\u201c a \u010d\u00edta\u010dka na neho prestane reagova\u0165?<br \/>\nPri \u010dastom pou\u017e\u00edvan\u00ed m\u00f4\u017ee nasta\u0165 stav, ke\u010f na trec\u00edch ploch\u00e1ch \u010dipu vznikne vrstva zne\u010distenia, ktor\u00e1 m\u00f4\u017ee poch\u00e1dza\u0165 napr. aj z procesu trenia \u010dipu s kontaktn\u00fdmi plochami \u010d\u00edta\u010dky. \u010cip je nutn\u00e9 v takom pr\u00edpade pretrie\u0165.<\/p>\n<p>32. Existuje podobn\u00e9 rie\u0161enie aj v okolit\u00fdch krajin\u00e1ch?<br \/>\nSlovensk\u00e1 republika sa prip\u00e1ja ku krajin\u00e1m, ktor\u00e9 u\u017e elektronick\u00fd ob\u010diansky preukaz svoj\u00edm ob\u010danom vyd\u00e1vaj\u00fa, ako s\u00fa napr\u00edklad Nemecko, Est\u00f3nsko, Belgicko, Taliansko, \u010cesk\u00e1 republika a mnoh\u00e9 \u010fal\u0161ie.<br \/>\nSlovensk\u00e1 eID karta je in\u0161pirovan\u00e1 aj t\u00fdmito \u00faspe\u0161n\u00fdmi konceptami, ktor\u00e9 v\u0161ak dop\u013a\u0148a o vyu\u017eitie najnov\u0161\u00edch technol\u00f3gi\u00ed a bezpe\u010dnostn\u00fdch \u0161tandardov.<\/p>\n","protected":false},"excerpt":{"rendered":"<p>1. \u010co je to elektronick\u00e1 identifika\u010dn\u00e1 karta (eID)? Ob\u010diansky preukaz s elektronick\u00fdm kontaktn\u00fdm \u010dipom sa naz\u00fdva elektronick\u00e1 identifika\u010dn\u00e1 karta (eID). 2. Kedy sa za\u010dala vyd\u00e1va\u0165 eID ? Elektronick\u00e9 identifika\u010dne karty (eID) sa za\u010dali vyd\u00e1va\u0165 2. decembra 2013. Ich vyd\u00e1vanie je s\u00fa\u010das\u0165ou procesu elektroniz\u00e1cie verejnej spr\u00e1vy, v r\u00e1mci ktorej bud\u00fa ob\u010danom spr\u00edstupnen\u00e9 slu\u017eby verejnej spr\u00e1vy cez [&hellip;]<\/p>\n","protected":false},"author":1,"featured_media":0,"parent":8,"menu_order":0,"comment_status":"closed","ping_status":"closed","template":"","meta":{"spay_email":"","footnotes":""},"_links":{"self":[{"href":"https:\/\/preukaz.sk\/index.php\/wp-json\/wp\/v2\/pages\/529"}],"collection":[{"href":"https:\/\/preukaz.sk\/index.php\/wp-json\/wp\/v2\/pages"}],"about":[{"href":"https:\/\/preukaz.sk\/index.php\/wp-json\/wp\/v2\/types\/page"}],"author":[{"embeddable":true,"href":"https:\/\/preukaz.sk\/index.php\/wp-json\/wp\/v2\/users\/1"}],"replies":[{"embeddable":true,"href":"https:\/\/preukaz.sk\/index.php\/wp-json\/wp\/v2\/comments?post=529"}],"version-history":[{"count":1,"href":"https:\/\/preukaz.sk\/index.php\/wp-json\/wp\/v2\/pages\/529\/revisions"}],"predecessor-version":[{"id":639,"href":"https:\/\/preukaz.sk\/index.php\/wp-json\/wp\/v2\/pages\/529\/revisions\/639"}],"up":[{"embeddable":true,"href":"https:\/\/preukaz.sk\/index.php\/wp-json\/wp\/v2\/pages\/8"}],"wp:attachment":[{"href":"https:\/\/preukaz.sk\/index.php\/wp-json\/wp\/v2\/media?parent=529"}],"curies":[{"name":"wp","href":"https:\/\/api.w.org\/{rel}","templated":true}]}}