{"id":70,"date":"2016-07-08T15:30:32","date_gmt":"2016-07-08T13:30:32","guid":{"rendered":"http:\/\/www.preukaz.sk\/?page_id=70"},"modified":"2019-07-07T09:40:09","modified_gmt":"2019-07-07T07:40:09","slug":"vydanie-obcianskeho-preukazu","status":"publish","type":"page","link":"https:\/\/preukaz.sk\/index.php\/obciansky-preukaz\/vydanie-obcianskeho-preukazu\/","title":{"rendered":"Vydanie ob\u010dianskeho preukazu | Ob\u010diansky preukaz"},"content":{"rendered":"<p> \u2022 ob\u010diansky preukaz vyd\u00e1va okresn\u00e9 riadite\u013estvo Policajn\u00e9ho zboru v \u00fazemnom obvode, v ktorom m\u00e1 ob\u010dan trval\u00fd pobyt, <\/p>\n<p> \u2022 \u017eiados\u0165 o vydanie ob\u010dianskeho preukazu sa pod\u00e1va pr\u00edslu\u0161n\u00e9mu \u00faradu osobne. <\/p>\n<p>Pri tejto povinnosti plat\u00ed jedna v\u00fdnimka a to v pr\u00edpade, ke\u010f o vydanie ob\u010dianskeho preukazu m\u00f4\u017ee za ob\u010dana, ktor\u00fd nem\u00f4\u017ee pre bezvl\u00e1dnos\u0165 z d\u00f4vodu dlhodob\u00e9ho prip\u00fatania na l\u00f4\u017eko poda\u0165 \u017eiados\u0165 osobne (\u010falej len bezvl\u00e1dny ob\u010dan ), aj in\u00fd ob\u010dan po predlo\u017een\u00ed svojho ob\u010dianskeho preukazu a p\u00edsomn\u00e9ho plnomocenstva na zastupovanie, na ktorom mus\u00ed by\u0165 podpis bezvl\u00e1dneho ob\u010dana podpis bezvl\u00e1dneho ob\u010dana sa nevy\u017eaduje, ak ob\u010dan nie je sp\u00f4sobil\u00fd sa podp\u00edsa\u0165. <\/p>\n<p>K \u017eiadosti bezvl\u00e1dneho ob\u010dana sa mus\u00ed predlo\u017ei\u0165 potvrdenie lek\u00e1ra o tom, \u017ee tak\u00fdto ob\u010dan nem\u00f4\u017ee poda\u0165 \u017eiados\u0165 osobne z d\u00f4vodu dlhodob\u00e9ho prip\u00fatania na l\u00f4\u017eko.<\/p>\n","protected":false},"excerpt":{"rendered":"<p>\u2022 ob\u010diansky preukaz vyd\u00e1va okresn\u00e9 riadite\u013estvo Policajn\u00e9ho zboru v \u00fazemnom obvode, v ktorom m\u00e1 ob\u010dan trval\u00fd pobyt, \u2022 \u017eiados\u0165 o vydanie ob\u010dianskeho preukazu sa pod\u00e1va pr\u00edslu\u0161n\u00e9mu \u00faradu osobne. Pri tejto povinnosti plat\u00ed jedna v\u00fdnimka a to v pr\u00edpade, ke\u010f o vydanie ob\u010dianskeho preukazu m\u00f4\u017ee za ob\u010dana, ktor\u00fd nem\u00f4\u017ee pre bezvl\u00e1dnos\u0165 z d\u00f4vodu dlhodob\u00e9ho prip\u00fatania na [&hellip;]<\/p>\n","protected":false},"author":1,"featured_media":0,"parent":8,"menu_order":2,"comment_status":"closed","ping_status":"closed","template":"","meta":{"spay_email":"","footnotes":""},"_links":{"self":[{"href":"https:\/\/preukaz.sk\/index.php\/wp-json\/wp\/v2\/pages\/70"}],"collection":[{"href":"https:\/\/preukaz.sk\/index.php\/wp-json\/wp\/v2\/pages"}],"about":[{"href":"https:\/\/preukaz.sk\/index.php\/wp-json\/wp\/v2\/types\/page"}],"author":[{"embeddable":true,"href":"https:\/\/preukaz.sk\/index.php\/wp-json\/wp\/v2\/users\/1"}],"replies":[{"embeddable":true,"href":"https:\/\/preukaz.sk\/index.php\/wp-json\/wp\/v2\/comments?post=70"}],"version-history":[{"count":1,"href":"https:\/\/preukaz.sk\/index.php\/wp-json\/wp\/v2\/pages\/70\/revisions"}],"predecessor-version":[{"id":646,"href":"https:\/\/preukaz.sk\/index.php\/wp-json\/wp\/v2\/pages\/70\/revisions\/646"}],"up":[{"embeddable":true,"href":"https:\/\/preukaz.sk\/index.php\/wp-json\/wp\/v2\/pages\/8"}],"wp:attachment":[{"href":"https:\/\/preukaz.sk\/index.php\/wp-json\/wp\/v2\/media?parent=70"}],"curies":[{"name":"wp","href":"https:\/\/api.w.org\/{rel}","templated":true}]}}