{"id":71,"date":"2016-07-08T15:29:22","date_gmt":"2016-07-08T13:29:22","guid":{"rendered":"http:\/\/www.preukaz.sk\/obciansky-preukaz\/doklady-potrebne-pri-ziadosti-o-vydanie-obcianskeho-preukazu\/"},"modified":"2019-07-18T01:59:48","modified_gmt":"2019-07-17T23:59:48","slug":"doklady-potrebne-pri-ziadosti-o-vydanie-obcianskeho-preukazu","status":"publish","type":"page","link":"https:\/\/preukaz.sk\/index.php\/obciansky-preukaz\/doklady-potrebne-pri-ziadosti-o-vydanie-obcianskeho-preukazu\/","title":{"rendered":"Doklady potrebn\u00e9 pri \u017eiadosti | Ob\u010diansky preukaz"},"content":{"rendered":"\n<h3 class=\"wp-block-heading\"><strong>Pri \u017eiadosti o vydanie prv\u00e9ho ob\u010dianskeho preukazu je ob\u010dan alebo z\u00e1konn\u00fd z\u00e1stupca malolet\u00e9ho povinn\u00fd predlo\u017ei\u0165:<\/strong><\/h3>\n\n\n\n<p><strong>rodn\u00fd list<\/strong>; ak nie je na rodnom liste uveden\u00e9 rodn\u00e9 \u010d\u00edslo, aj doklad o\u00a0rodnom \u010d\u00edsle (napr\u00edklad cestovn\u00fd doklad).<\/p>\n\n\n\n<p><strong>potvrdenie o\u00a0hl\u00e1sen\u00ed trval\u00e9ho pobytu<\/strong> vydan\u00e9 pr\u00edslu\u0161n\u00fdm org\u00e1nom (ohlasov\u0148ou obecn\u00e9ho alebo mestsk\u00e9ho \u00faradu), potvrdenie sa nevy\u017eaduje, ak tento pr\u00edslu\u0161n\u00fd org\u00e1n zaznamenal priamym vstupom do registra obyvate\u013eov Slovenskej republiky \u00fadaje o\u00a0aktu\u00e1lnom trvalom pobyte ob\u010dana. <\/p>\n\n\n\n<p>\u010fal\u0161ie doklady osved\u010duj\u00face skuto\u010dnosti, ktor\u00e9 sa uv\u00e1dzaj\u00fa v&nbsp;ob\u010dianskom preukaze (napr\u00edklad potvrdenie od lek\u00e1ra pri z\u00e1pise krvnej skupiny).<\/p>\n\n\n\n<h4 class=\"wp-block-heading\">Pri \u017eiadosti o&nbsp;vydanie nov\u00e9ho ob\u010dianskeho preukazu je ob\u010dan alebo z\u00e1konn\u00fd z\u00e1stupca povinn\u00fd predlo\u017ei\u0165:<\/h4>\n\n\n\n<p><strong>svoj doteraj\u0161\u00ed ob\u010diansky preukaz<\/strong> alebo <strong>potvrdenie o\u00a0ob\u010dianskom preukaze,<\/strong> ak mu bolo vydan\u00e9; <\/p>\n\n\n\n<p>ak ob\u010dan nem\u00f4\u017ee predlo\u017ei\u0165 svoj doteraj\u0161\u00ed ob\u010diansky preukaz (napr\u00edklad z\u00a0d\u00f4vodu straty, odcudzenia OP), je povinn\u00fd predlo\u017ei\u0165 doklad preukazuj\u00faci jeho rodn\u00e9 \u010d\u00edslo (rodn\u00fd list alebo cestovn\u00fd doklad).<\/p>\n\n\n\n<h4 class=\"wp-block-heading\"><strong>Zmena mena, priezviska, rodn\u00e9ho \u010d\u00edsla alebo trval\u00e9ho pobytu<\/strong><\/h4>\n\n\n\n<p>ak je d\u00f4vodom na vydanie nov\u00e9ho ob\u010dianskeho preukazu zmena mena, priezviska, rodn\u00e9ho \u010d\u00edsla alebo trval\u00e9ho pobytu alebo ak ob\u010dan pri \u017eiadosti o&nbsp;vydanie nov\u00e9ho ob\u010dianskeho preukazu s\u00fa\u010dasne \u017eiada o&nbsp;vyzna\u010denie nov\u00e9ho \u00fadaju, je povinn\u00fd predlo\u017ei\u0165 aj doklad o&nbsp;tejto zmene alebo doklad potvrdzuj\u00faci nov\u00fd&nbsp;\u00fadaj.<\/p>\n\n\n\n<h4 class=\"wp-block-heading\"><strong>Pozbaven\u00fd sp\u00f4sobilosti na pr\u00e1vne \u00fakony<\/strong><\/h4>\n\n\n\n<p>opatrovn\u00edk ob\u010dana, ktor\u00fd bol <strong>pozbaven\u00fd sp\u00f4sobilosti na pr\u00e1vne \u00fakony<\/strong>, je povinn\u00fd k&nbsp;\u017eiadosti tak\u00e9ho ob\u010dana predlo\u017ei\u0165 aj svoj ob\u010diansky preukaz a pr\u00e1voplatn\u00e9 rozhodnutie s\u00fadu o&nbsp;pozbaven\u00ed ob\u010dana sp\u00f4sobilosti na pr\u00e1vne \u00fakony. <\/p>\n\n\n\n<p>Ak nebol opatrovn\u00edk ur\u010den\u00fd do funkcie opatrovn\u00edka priamo v&nbsp;rozhodnut\u00ed s\u00fadu o&nbsp;pozbaven\u00ed ob\u010dana sp\u00f4sobilosti na pr\u00e1vne \u00fakony, je povinn\u00fd predlo\u017ei\u0165 aj uznesenie s\u00fadu, ktor\u00fdm bol ur\u010den\u00fd do funkcie opatrovn\u00edka<\/p>\n\n\n\n<h4 class=\"wp-block-heading\"><strong>Po zru\u0161en\u00ed pozbavenia sp\u00f4sobilosti na pr\u00e1vne \u00fakony<\/strong><\/h4>\n\n\n\n<p>ob\u010dan, ktor\u00fd \u017eiada o&nbsp;<strong>vydanie ob\u010dianskeho preukazu po zru\u0161en\u00ed pozbavenia sp\u00f4sobilosti na pr\u00e1vne \u00fakony<\/strong>, je povinn\u00fd predlo\u017ei\u0165 pr\u00e1voplatn\u00e9 rozhodnutie s\u00fadu o&nbsp;zru\u0161en\u00ed pozbavenia sp\u00f4sobilosti na pr\u00e1vne&nbsp;\u00fakony.<\/p>\n\n\n\n<h4 class=\"wp-block-heading\"><strong>Po obmedzen\u00ed sp\u00f4sobilosti na pr\u00e1vne \u00fakony<\/strong><\/h4>\n\n\n\n<p>ob\u010dan, ktor\u00fd \u017eiada o&nbsp;<strong>vydanie ob\u010dianskeho preukazu po obmedzen\u00ed sp\u00f4sobilosti na pr\u00e1vne \u00fakony,<\/strong> je povinn\u00fd predlo\u017ei\u0165 pr\u00e1voplatn\u00e9 rozhodnutie s\u00fadu o&nbsp;obmedzen\u00ed sp\u00f4sobilosti na pr\u00e1vne \u00fakony. <\/p>\n\n\n\n<p>Ob\u010dan, ktor\u00fd \u017eiada o&nbsp;vydanie ob\u010dianskeho preukazu po zru\u0161en\u00ed obmedzenia sp\u00f4sobilosti na pr\u00e1vne \u00fakony, je povinn\u00fd predlo\u017ei\u0165 pr\u00e1voplatn\u00e9 rozhodnutie s\u00fadu o&nbsp;zru\u0161en\u00ed obmedzenia sp\u00f4sobilosti na pr\u00e1vne&nbsp;\u00fakony.<\/p>\n\n\n\n<h4 class=\"wp-block-heading\">Z\u00e1kaz pobytu<\/h4>\n\n\n\n<p>ob\u010dan, ktor\u00fd \u017eiada o&nbsp;<strong>vydanie ob\u010dianskeho preukazu po ulo\u017een\u00ed trestu z\u00e1kazu pobytu<\/strong>, je povinn\u00fd predlo\u017ei\u0165 pr\u00e1voplatn\u00e9 rozhodnutie s\u00fadu o&nbsp;tejto skuto\u010dnosti. <\/p>\n\n\n\n<p>Ob\u010dan, ktor\u00fd \u017eiada o&nbsp;vydanie ob\u010dianskeho preukazu po upusten\u00ed od v\u00fdkonu zvy\u0161ku trestu z\u00e1kazu pobytu, je povinn\u00fd predlo\u017ei\u0165 pr\u00e1voplatn\u00e9 rozhodnutie s\u00fadu o&nbsp;tejto skuto\u010dnosti,<\/p>\n\n\n\n<h4 class=\"wp-block-heading\">Po nadobudnut\u00ed \u0161t\u00e1tneho ob\u010dianstva<\/h4>\n\n\n\n<p>ob\u010dan, jeho opatrovn\u00edk alebo z\u00e1konn\u00fd z\u00e1stupca malolet\u00e9ho, ktor\u00fd \u017eiada o&nbsp;<strong>vydanie ob\u010dianskeho preukazu po nadobudnut\u00ed \u0161t\u00e1tneho ob\u010dianstva<\/strong>, je povinn\u00fd predlo\u017ei\u0165 listinu o&nbsp;udelen\u00ed \u0161t\u00e1tneho ob\u010dianstva a osved\u010denie o&nbsp;\u0161t\u00e1tnom ob\u010dianstve. <\/p>\n\n\n\n<p>Ak vznikn\u00fa pochybnosti o&nbsp;\u0161t\u00e1tnom ob\u010dianstve ob\u010dana, je ob\u010dan, jeho opatrovn\u00edk alebo z\u00e1konn\u00fd z\u00e1stupca malolet\u00e9ho povinn\u00fd na vyzvanie pr\u00edslu\u0161n\u00e9ho \u00faradu predlo\u017ei\u0165 osved\u010denie o&nbsp;\u0161t\u00e1tnom ob\u010dianstve (vydanie osved\u010denia o&nbsp;\u0161t\u00e1tnom ob\u010dianstva na \u00fa\u010dely vydania prv\u00e9ho ob\u010dianskeho preukazu je osloboden\u00e9 od spr\u00e1vneho poplatku).<\/p>\n","protected":false},"excerpt":{"rendered":"<p>Pri \u017eiadosti o vydanie prv\u00e9ho ob\u010dianskeho preukazu je ob\u010dan alebo z\u00e1konn\u00fd z\u00e1stupca malolet\u00e9ho povinn\u00fd predlo\u017ei\u0165: rodn\u00fd list; ak nie je na rodnom liste uveden\u00e9 rodn\u00e9 \u010d\u00edslo, aj doklad o\u00a0rodnom \u010d\u00edsle (napr\u00edklad cestovn\u00fd doklad). potvrdenie o\u00a0hl\u00e1sen\u00ed trval\u00e9ho pobytu vydan\u00e9 pr\u00edslu\u0161n\u00fdm org\u00e1nom (ohlasov\u0148ou obecn\u00e9ho alebo mestsk\u00e9ho \u00faradu), potvrdenie sa nevy\u017eaduje, ak tento pr\u00edslu\u0161n\u00fd org\u00e1n zaznamenal priamym vstupom [&hellip;]<\/p>\n","protected":false},"author":1,"featured_media":0,"parent":8,"menu_order":3,"comment_status":"closed","ping_status":"closed","template":"","meta":{"spay_email":"","footnotes":""},"_links":{"self":[{"href":"https:\/\/preukaz.sk\/index.php\/wp-json\/wp\/v2\/pages\/71"}],"collection":[{"href":"https:\/\/preukaz.sk\/index.php\/wp-json\/wp\/v2\/pages"}],"about":[{"href":"https:\/\/preukaz.sk\/index.php\/wp-json\/wp\/v2\/types\/page"}],"author":[{"embeddable":true,"href":"https:\/\/preukaz.sk\/index.php\/wp-json\/wp\/v2\/users\/1"}],"replies":[{"embeddable":true,"href":"https:\/\/preukaz.sk\/index.php\/wp-json\/wp\/v2\/comments?post=71"}],"version-history":[{"count":3,"href":"https:\/\/preukaz.sk\/index.php\/wp-json\/wp\/v2\/pages\/71\/revisions"}],"predecessor-version":[{"id":708,"href":"https:\/\/preukaz.sk\/index.php\/wp-json\/wp\/v2\/pages\/71\/revisions\/708"}],"up":[{"embeddable":true,"href":"https:\/\/preukaz.sk\/index.php\/wp-json\/wp\/v2\/pages\/8"}],"wp:attachment":[{"href":"https:\/\/preukaz.sk\/index.php\/wp-json\/wp\/v2\/media?parent=71"}],"curies":[{"name":"wp","href":"https:\/\/api.w.org\/{rel}","templated":true}]}}