{"id":75,"date":"2016-07-08T15:32:52","date_gmt":"2016-07-08T13:32:52","guid":{"rendered":"http:\/\/www.preukaz.sk\/?page_id=75"},"modified":"2019-07-07T09:40:25","modified_gmt":"2019-07-07T07:40:25","slug":"nasnimanie-podoby","status":"publish","type":"page","link":"https:\/\/preukaz.sk\/index.php\/obciansky-preukaz\/nasnimanie-podoby\/","title":{"rendered":"Nasn\u00edmanie podoby | Ob\u010diansky preukaz"},"content":{"rendered":"<p><strong> \u2022 ob\u010dan, ktor\u00e9mu m\u00e1 by\u0165 ob\u010diansky preukaz vydan\u00fd, je povinn\u00fd podrobi\u0165 sa nasn\u00edmaniu podoby jeho tv\u00e1re a jeho podpisu na pr\u00edslu\u0161nom okresnom riadite\u013estve Policajn\u00e9ho zboru<\/strong>. <\/p>\n<p>Nasn\u00edmanie podoby bezvl\u00e1dneho ob\u010dana mo\u017eno vykona\u0165 aj v mieste, kde sa zdr\u017euje, <\/p>\n<p><strong> \u2022 nasn\u00edmanie podoby tv\u00e1re sa vykon\u00e1 v ob\u010dianskom odeve, bez prikr\u00fdvky hlavy a bez okuliarov s tmav\u00fdmi sklami. <\/strong><\/p>\n<p>V od\u00f4vodnen\u00fdch pr\u00edpadoch je mo\u017en\u00e9 zo zdravotn\u00fdch alebo n\u00e1bo\u017eensk\u00fdch d\u00f4vodov nasn\u00edma\u0165 podobu tv\u00e1re s prikr\u00fdvkou hlavy; t\u00e1to prikr\u00fdvka nesmie zakr\u00fdva\u0165 tv\u00e1rov\u00fa \u010das\u0165 sp\u00f4sobom, ktor\u00fd by znemo\u017e\u0148oval identifik\u00e1ciu. <\/p>\n<p>Nasn\u00edmanie podoby nevidiaceho ob\u010dana mo\u017eno vykona\u0165 s okuliarmi s tmav\u00fdmi sklami po predlo\u017een\u00ed potvrdenia lek\u00e1ra, \u017ee tento ob\u010dan je nevidiaci,<\/p>\n<p>namiesto nasn\u00edmania podoby sa k \u017eiadosti bezvl\u00e1dneho ob\u010dana mus\u00ed predlo\u017ei\u0165 jedna ostr\u00e1 neretu\u0161ovan\u00e1 fotografia s rozmermi 3, 5 cm x 4, 5 cm na hladkom, lesklom polokart\u00f3ne, zobrazuj\u00faca skuto\u010dn\u00fa podobu jeho tv\u00e1re v \u010delnom poh\u013eade, v ob\u010dianskom odeve, bez prikr\u00fdvky hlavy a bez okuliarov s tmav\u00fdmi sklami, s v\u00fd\u0161kou tv\u00e1rovej \u010dasti hlavy od o\u010d\u00ed po bradu minim\u00e1lne 13 mm, so svetl\u00fdm pozad\u00edm; to neplat\u00ed, ak sa vykon\u00e1 nasn\u00edmanie podoby v mieste, kde sa zdr\u017euje.<\/p>\n","protected":false},"excerpt":{"rendered":"<p>\u2022 ob\u010dan, ktor\u00e9mu m\u00e1 by\u0165 ob\u010diansky preukaz vydan\u00fd, je povinn\u00fd podrobi\u0165 sa nasn\u00edmaniu podoby jeho tv\u00e1re a jeho podpisu na pr\u00edslu\u0161nom okresnom riadite\u013estve Policajn\u00e9ho zboru. Nasn\u00edmanie podoby bezvl\u00e1dneho ob\u010dana mo\u017eno vykona\u0165 aj v mieste, kde sa zdr\u017euje, \u2022 nasn\u00edmanie podoby tv\u00e1re sa vykon\u00e1 v ob\u010dianskom odeve, bez prikr\u00fdvky hlavy a bez okuliarov s tmav\u00fdmi sklami. [&hellip;]<\/p>\n","protected":false},"author":1,"featured_media":0,"parent":8,"menu_order":5,"comment_status":"closed","ping_status":"closed","template":"","meta":{"spay_email":"","footnotes":""},"_links":{"self":[{"href":"https:\/\/preukaz.sk\/index.php\/wp-json\/wp\/v2\/pages\/75"}],"collection":[{"href":"https:\/\/preukaz.sk\/index.php\/wp-json\/wp\/v2\/pages"}],"about":[{"href":"https:\/\/preukaz.sk\/index.php\/wp-json\/wp\/v2\/types\/page"}],"author":[{"embeddable":true,"href":"https:\/\/preukaz.sk\/index.php\/wp-json\/wp\/v2\/users\/1"}],"replies":[{"embeddable":true,"href":"https:\/\/preukaz.sk\/index.php\/wp-json\/wp\/v2\/comments?post=75"}],"version-history":[{"count":1,"href":"https:\/\/preukaz.sk\/index.php\/wp-json\/wp\/v2\/pages\/75\/revisions"}],"predecessor-version":[{"id":649,"href":"https:\/\/preukaz.sk\/index.php\/wp-json\/wp\/v2\/pages\/75\/revisions\/649"}],"up":[{"embeddable":true,"href":"https:\/\/preukaz.sk\/index.php\/wp-json\/wp\/v2\/pages\/8"}],"wp:attachment":[{"href":"https:\/\/preukaz.sk\/index.php\/wp-json\/wp\/v2\/media?parent=75"}],"curies":[{"name":"wp","href":"https:\/\/api.w.org\/{rel}","templated":true}]}}