{"id":77,"date":"2016-07-08T15:34:11","date_gmt":"2016-07-08T13:34:11","guid":{"rendered":"http:\/\/www.preukaz.sk\/?page_id=77"},"modified":"2019-07-07T09:40:31","modified_gmt":"2019-07-07T07:40:31","slug":"lehoty-pre-prijatie-ziadosti-o-vydanie-obcianskeho-preukazu","status":"publish","type":"page","link":"https:\/\/preukaz.sk\/index.php\/obciansky-preukaz\/lehoty-pre-prijatie-ziadosti-o-vydanie-obcianskeho-preukazu\/","title":{"rendered":"Lehoty pre prijatie \u017eiadosti | Ob\u010diansky preukaz"},"content":{"rendered":"<h2><strong>Lehoty pre prijatie \u017eiadosti o vydanie ob\u010dianskeho preukazu<\/strong><\/h2>\n<ul>\n<li>o vydanie <strong>prv\u00e9ho ob\u010dianskeho preukazu<\/strong> pre malolet\u00e9ho ob\u010dana je povinn\u00fd po\u017eiada\u0165 rodi\u010d ob\u010dana alebo opatrovn\u00edk, poru\u010dn\u00edk, in\u00e1 fyzick\u00e1 osoba ako rodi\u010d, ktor\u00ed maj\u00fa die\u0165a zveren\u00e9 do n\u00e1hradnej rodinnej starostlivosti, pest\u00fan, osoba, ktor\u00e1 m\u00e1 z\u00e1ujem sta\u0165 sa pest\u00fanom a m\u00e1 die\u0165a do\u010dasne zveren\u00e9 do pest\u00fanskej starostlivosti, alebo \u0161tatut\u00e1rny org\u00e1n zariadenia, v ktorom sa vykon\u00e1va rozhodnutie s\u00fadu o nariaden\u00ed \u00fastavnej starostlivosti alebo rozhodnutie s\u00fadu o nariaden\u00ed ochrannej v\u00fdchovy, <strong>najsk\u00f4r 90 dn\u00ed a najnesk\u00f4r 30 dn\u00ed<\/strong> pred dov\u0155\u0161en\u00edm p\u00e4tn\u00e1steho roku veku ob\u010dana,<\/li>\n<\/ul>\n<ul>\n<li>o vydanie nov\u00e9ho ob\u010dianskeho preukazu je ob\u010dan povinn\u00fd po\u017eiada\u0165 pr\u00edslu\u0161n\u00e9 okresn\u00e9 riadite\u013estvo Policajn\u00e9ho zboru <strong>do 30 dn\u00ed<\/strong> od neplatnosti ob\u010dianskeho preukazu (napr. zmena mena , priezviska, trval\u00e9ho pobytu, rodn\u00e9ho \u010d\u00edsla),<\/li>\n<\/ul>\n<ul>\n<li>ob\u010dan m\u00f4\u017ee poda\u0165 \u017eiados\u0165 o vydanie nov\u00e9ho ob\u010dianskeho preukazu pred skon\u010den\u00edm (\u010dasovej) doby jeho platnosti. V tomto pr\u00edpade mo\u017eno \u017eiados\u0165 poda\u0165 najsk\u00f4r <strong>180 dn\u00ed<\/strong>\u00a0pred uplynut\u00edm (\u010dasovej) doby platnosti.<\/li>\n<\/ul>\n","protected":false},"excerpt":{"rendered":"<p>Lehoty pre prijatie \u017eiadosti o vydanie ob\u010dianskeho preukazu o vydanie prv\u00e9ho ob\u010dianskeho preukazu pre malolet\u00e9ho ob\u010dana je povinn\u00fd po\u017eiada\u0165 rodi\u010d ob\u010dana alebo opatrovn\u00edk, poru\u010dn\u00edk, in\u00e1 fyzick\u00e1 osoba ako rodi\u010d, ktor\u00ed maj\u00fa die\u0165a zveren\u00e9 do n\u00e1hradnej rodinnej starostlivosti, pest\u00fan, osoba, ktor\u00e1 m\u00e1 z\u00e1ujem sta\u0165 sa pest\u00fanom a m\u00e1 die\u0165a do\u010dasne zveren\u00e9 do pest\u00fanskej starostlivosti, alebo \u0161tatut\u00e1rny [&hellip;]<\/p>\n","protected":false},"author":1,"featured_media":0,"parent":8,"menu_order":6,"comment_status":"closed","ping_status":"closed","template":"","meta":{"spay_email":"","footnotes":""},"_links":{"self":[{"href":"https:\/\/preukaz.sk\/index.php\/wp-json\/wp\/v2\/pages\/77"}],"collection":[{"href":"https:\/\/preukaz.sk\/index.php\/wp-json\/wp\/v2\/pages"}],"about":[{"href":"https:\/\/preukaz.sk\/index.php\/wp-json\/wp\/v2\/types\/page"}],"author":[{"embeddable":true,"href":"https:\/\/preukaz.sk\/index.php\/wp-json\/wp\/v2\/users\/1"}],"replies":[{"embeddable":true,"href":"https:\/\/preukaz.sk\/index.php\/wp-json\/wp\/v2\/comments?post=77"}],"version-history":[{"count":1,"href":"https:\/\/preukaz.sk\/index.php\/wp-json\/wp\/v2\/pages\/77\/revisions"}],"predecessor-version":[{"id":650,"href":"https:\/\/preukaz.sk\/index.php\/wp-json\/wp\/v2\/pages\/77\/revisions\/650"}],"up":[{"embeddable":true,"href":"https:\/\/preukaz.sk\/index.php\/wp-json\/wp\/v2\/pages\/8"}],"wp:attachment":[{"href":"https:\/\/preukaz.sk\/index.php\/wp-json\/wp\/v2\/media?parent=77"}],"curies":[{"name":"wp","href":"https:\/\/api.w.org\/{rel}","templated":true}]}}