{"id":79,"date":"2009-07-08T15:35:07","date_gmt":"2009-07-08T13:35:07","guid":{"rendered":"http:\/\/www.preukaz.sk\/?page_id=79"},"modified":"2019-07-07T09:38:35","modified_gmt":"2019-07-07T07:38:35","slug":"prevzatie-vyhotoveneho-vodicskeho-preukazu","status":"publish","type":"page","link":"https:\/\/preukaz.sk\/index.php\/vodicsky-preukaz\/prevzatie-vyhotoveneho-vodicskeho-preukazu\/","title":{"rendered":"Prevzatie vyhotoven\u00e9ho vodi\u010dsk\u00e9ho preukazu | Vodi\u010dsk\u00fd preukaz"},"content":{"rendered":"<p>K prevzatiu nov\u00e9ho vodi\u010dsk\u00e9ho preukazu \u017eiadate\u013e predlo\u017e\u00ed doklad toto\u017enosti (pre ur\u00fdchlenie \u010dinnosti aj potvrden\u00fa z\u00e1v\u00e4zn\u00fa \u017eiados\u0165 o vyhotovenie vodi\u010dsk\u00e9ho preukazu), odovzd\u00e1 star\u00fd vodi\u010dsk\u00fd preukaz a prevzatie nov\u00e9ho vodi\u010dsk\u00e9ho preukazu potvrd\u00ed vlastnoru\u010dn\u00fdm podpisom.<\/p>\n<p>In\u00e1 osoba m\u00f4\u017ee za dr\u017eite\u013ea vodi\u010dsk\u00e9ho preukazu prevzia\u0165 nov\u00fd vodi\u010dsk\u00fd preukaz, len ak jej bolo udelen\u00e9 p\u00edsomn\u00e9 splnomocnenie s \u00faradne osved\u010den\u00fdm podpisom dr\u017eite\u013ea vodi\u010dsk\u00e9ho preukazu.<\/p>\n<p>Prevzia\u0165 vodi\u010dsk\u00fd preukaz m\u00f4\u017ee aj osoba bl\u00edzka (pr\u00edbuzn\u00fd v priamom rade, s\u00farodenec a man\u017eel) dr\u017eite\u013eovi vodi\u010dsk\u00e9ho opr\u00e1vnenia, pri\u010dom na tento \u00fakon sa nevy\u017eaduje p\u00edsomn\u00e9 plnomocenstvo dr\u017eite\u013ea vodi\u010dsk\u00e9ho preukazu.<\/p>\n","protected":false},"excerpt":{"rendered":"<p>K prevzatiu nov\u00e9ho vodi\u010dsk\u00e9ho preukazu \u017eiadate\u013e predlo\u017e\u00ed doklad toto\u017enosti (pre ur\u00fdchlenie \u010dinnosti aj potvrden\u00fa z\u00e1v\u00e4zn\u00fa \u017eiados\u0165 o vyhotovenie vodi\u010dsk\u00e9ho preukazu), odovzd\u00e1 star\u00fd vodi\u010dsk\u00fd preukaz a prevzatie nov\u00e9ho vodi\u010dsk\u00e9ho preukazu potvrd\u00ed vlastnoru\u010dn\u00fdm podpisom. In\u00e1 osoba m\u00f4\u017ee za dr\u017eite\u013ea vodi\u010dsk\u00e9ho preukazu prevzia\u0165 nov\u00fd vodi\u010dsk\u00fd preukaz, len ak jej bolo udelen\u00e9 p\u00edsomn\u00e9 splnomocnenie s \u00faradne osved\u010den\u00fdm podpisom dr\u017eite\u013ea [&hellip;]<\/p>\n","protected":false},"author":1,"featured_media":0,"parent":62,"menu_order":25,"comment_status":"closed","ping_status":"closed","template":"","meta":{"spay_email":"","footnotes":""},"_links":{"self":[{"href":"https:\/\/preukaz.sk\/index.php\/wp-json\/wp\/v2\/pages\/79"}],"collection":[{"href":"https:\/\/preukaz.sk\/index.php\/wp-json\/wp\/v2\/pages"}],"about":[{"href":"https:\/\/preukaz.sk\/index.php\/wp-json\/wp\/v2\/types\/page"}],"author":[{"embeddable":true,"href":"https:\/\/preukaz.sk\/index.php\/wp-json\/wp\/v2\/users\/1"}],"replies":[{"embeddable":true,"href":"https:\/\/preukaz.sk\/index.php\/wp-json\/wp\/v2\/comments?post=79"}],"version-history":[{"count":1,"href":"https:\/\/preukaz.sk\/index.php\/wp-json\/wp\/v2\/pages\/79\/revisions"}],"predecessor-version":[{"id":634,"href":"https:\/\/preukaz.sk\/index.php\/wp-json\/wp\/v2\/pages\/79\/revisions\/634"}],"up":[{"embeddable":true,"href":"https:\/\/preukaz.sk\/index.php\/wp-json\/wp\/v2\/pages\/62"}],"wp:attachment":[{"href":"https:\/\/preukaz.sk\/index.php\/wp-json\/wp\/v2\/media?parent=79"}],"curies":[{"name":"wp","href":"https:\/\/api.w.org\/{rel}","templated":true}]}}