{"id":8,"date":"2016-07-08T03:16:20","date_gmt":"2016-07-08T01:16:20","guid":{"rendered":"http:\/\/www.preukaz.sk\/?page_id=3"},"modified":"2019-07-18T01:42:17","modified_gmt":"2019-07-17T23:42:17","slug":"obciansky-preukaz","status":"publish","type":"page","link":"https:\/\/preukaz.sk\/","title":{"rendered":"Ob\u010diansky preukaz"},"content":{"rendered":"\n<h4 class=\"wp-block-heading\">Cena za ob\u010diansky preukaz | <strong>V\u00fd\u0161ka spr\u00e1vnych poplatkov<\/strong> <\/h4>\n\n\n\n<ul><li>Podanie \u017eiadosti o vydanie OP (z d\u00f4vodu zmeny alebo z\u00e1pisu nov\u00fdch \u00fadajov) 4,50 eura.<\/li><li> Podanie \u017eiadosti o OP ako n\u00e1hrady za zni\u010den\u00fd, straten\u00fd, odcudzen\u00fd alebo po\u0161koden\u00fd ob\u010diansky preukaz 16,50 eura,<\/li><li> Podanie \u017eiadosti o OP ako n\u00e1hrady za zni\u010den\u00fd, straten\u00fd, odcudzen\u00fd alebo po\u0161koden\u00fd ob\u010diansky preukaz, opakovane v priebehu dvoch po sebe nasleduj\u00facich rokoch 33 eur.<\/li><li> Podanie \u017eiadosti o OP ur\u00fdchlene do dvoch pracovn\u00fdch dn\u00ed na \u017eiados\u0165 \u017eiadate\u013ea 20 eur + z\u00e1kladn\u00fd poplatok.<\/li><li> Doru\u010denie OP na adresu na Slovensku slu\u017ebou na tento \u00fa\u010del zriadenou 3 eur\u00e1 + z\u00e1kladn\u00fd poplatok.<\/li><\/ul>\n\n\n\n<h4 class=\"wp-block-heading\">Oslobodenie od poplatkov<\/h4>\n\n\n\n<ul><li> Od spr\u00e1vnych poplatkov je osloboden\u00e9 podanie \u017eiadosti o vydanie prv\u00e9ho ob\u010dianskeho preukazu a nov\u00e9ho ob\u010dianskeho preukazu pod\u013ea \u00a7 7 ods. 2 (napr. po skon\u010den\u00ed doby platnosti ob\u010dianskeho preukazu) a \u00a7 17 ods. 4 z\u00e1kona \u010d. 224\/2006 Z. z. o ob\u010dianskych preukazoch.<\/li><li> Od poplatkov je osloboden\u00e9 podanie \u017eiadosti o vydanie ob\u010dianskeho preukazu ako n\u00e1hrady za straten\u00fd alebo odcudzen\u00fd ob\u010diansky preukaz u ob\u010danov star\u0161\u00edch ako 60 rokov veku alebo u dr\u017eite\u013eov preukazu ob\u010dana s \u0165a\u017ek\u00fdm zdravotn\u00fdm postihnut\u00edm.<\/li><li> Od poplatkov je osloboden\u00e9 podanie \u017eiadosti o vydanie ob\u010dianskeho preukazu ako n\u00e1hrady za straten\u00fd alebo odcudzen\u00fd ob\u010diansky preukaz, opakovane v priebehu dvoch po sebe nasleduj\u00facich rokov u ob\u010danov star\u0161\u00edch ako 60 rokov veku alebo u dr\u017eite\u013eov preukazu ob\u010dana s \u0165a\u017ek\u00fdm zdravotn\u00fdm postihnut\u00edm.<\/li><\/ul>\n\n\n\n<h4 class=\"wp-block-heading\">Elektronick\u00e1 \u017eiados\u0165 o vydanie nov\u00e9ho ob\u010dianskeho preukazu<\/h4>\n\n\n\n<ul><li>Podanie \u017eiadosti o vydanie ob\u010dianskeho preukazu s \u010dipom  | Elektronick\u00e1 slu\u017eba ministerstva vn\u00fatra umo\u017e\u0148uje prihl\u00e1sen\u00e9mu pou\u017e\u00edvate\u013eovi poda\u0165 \u017eiados\u0165 o vydanie ob\u010dianskeho preukazu s \u010dipom bez nutnosti nav\u0161t\u00edvi\u0165 pracovisko dokladov Policajn\u00e9ho zboru. <\/li><li>Elektronick\u00e1 \u017eiados\u0165 o vydanie nov\u00e9ho ob\u010dianskeho preukazu s \u010dipom m\u00f4\u017ee by\u0165 podan\u00e1 len z d\u00f4vodu zmeny trval\u00e9ho pobytu alebo z d\u00f4vodu ukon\u010denia platnosti ob\u010dianskeho preukazu s \u010dipom. <\/li><li>Predpokladom pou\u017eitia tejto slu\u017eby je, aby mal pou\u017e\u00edvate\u013e v spr\u00e1vnych agend\u00e1ch rezortu vn\u00fatra evidovan\u00fa podobu tv\u00e1re a podpis, ktor\u00e9 nie s\u00fa star\u0161ie ako p\u00e4\u0165 rokov. V pr\u00edpade pou\u017e\u00edvate\u013ea mlad\u0161ieho ako 18 rokov podoba tv\u00e1re a podpis nesm\u00fa by\u0165 star\u0161ie ako tri roky. <\/li><li>podanie \u017eiadosti o vydanie OP (zmena alebo z\u00e1pis nov\u00fdch \u00fadajov) 4,50 eura<\/li><li> podanie \u017eiadosti o vydanie OP do 2 pracovn\u00fdch dn\u00ed 20 eur + z\u00e1kladn\u00fd poplatok <\/li><li>Z\u00e1konn\u00e1 lehota pre vydanie ob\u010dianskeho preukazu s \u010dipom za\u010dne plyn\u00fa\u0165 a\u017e po uhraden\u00ed spr\u00e1vneho poplatku.<\/li><\/ul>\n\n\n<p><strong>Ob\u010diansky preukaz je<\/strong><br>\nosobn\u00fd doklad toto\u017enosti.&nbsp;Ob\u010diansky preukaz je povinn\u00fd ma\u0165 ka\u017ed\u00fd ob\u010dan, ktor\u00fd dov\u0155\u0161il p\u00e4tn\u00e1sty rok veku a m\u00e1 trval\u00fd pobyt na \u00fazem\u00ed Slovenskej republiky, ak z\u00e1kon neustanovuje inak.<\/p>\n<p><strong>Ob\u010dianskym preukazom ob\u010dan Slovenskej republiky preukazuje<\/strong><br>\nsvoju toto\u017enos\u0165, \u0161t\u00e1tne ob\u010dianstvo Slovenskej republiky a \u010fal\u0161ie \u00fadaje zap\u00edsan\u00e9 v ob\u010dianskom preukaze. Vzh\u013eadom k tomu, \u017ee ka\u017ed\u00fd ob\u010dan Slovenskej republiky star\u0161\u00ed ako 15 rokov s trval\u00fdm pobytom na \u00fazem\u00ed Slovenska je povinn\u00fd ma\u0165 ob\u010diansky preukaz, je potrebn\u00e9 si o tento doklad za\u017eiada\u0165.<\/p>\n<h3>Naj\u010dastej\u0161ie ot\u00e1zky na \u00faseku vyd\u00e1vania ob\u010dianskych preukazov:<\/h3>\n<div class=\"ff-root fruitful_tabs type-accordion from-shortcodes\" data-type=\"accordion\"\n\t data-break=\"767\" >\n\t<br>\n<div class=\"fruitful_tabs_tab\">\n\t<div class=\"ff-inside\">\n\t\t\t\t\t<h4 class=\"ff-title\">1. Mus\u00edm si po\u017eiada\u0165 o vydanie ob\u010dianskeho preukazu v mieste trval\u00e9ho bydliska alebo m\u00f4\u017eem kdeko\u013evek?<\/h4>\n\t\t\t\t<div class=\"ff-tab-content\">\n\t\t\t O vydanie ob\u010dianskeho preukazu (prv\u00e9ho alebo nov\u00e9ho) m\u00f4\u017eete po\u017eiada\u0165 na ktoromko\u013evek oddelen\u00ed dokladov okresn\u00e9ho riadite\u013estva PZ. \t\t<\/div>\n\t<\/div>\n<\/div><br>\n<div class=\"fruitful_tabs_tab\">\n\t<div class=\"ff-inside\">\n\t\t\t\t\t<h4 class=\"ff-title\">2. Kedy m\u00f4\u017eem najsk\u00f4r po\u017eiada\u0165 o vydanie ob\u010dianskeho preukazu pred skon\u010den\u00edm jeho platnosti a je to bez poplatku?<\/h4>\n\t\t\t\t<div class=\"ff-tab-content\">\n\t\t\t&nbsp;Najsk\u00f4r m\u00f4\u017eete po\u017eiada\u0165 o vydanie ob\u010dianskeho preukazu 180 dn\u00ed pred skon\u010den\u00edm jeho platnosti a v uvedenom pr\u00edpade je to bez poplatku.\t\t<\/div>\n\t<\/div>\n<\/div><br>\n<div class=\"fruitful_tabs_tab\">\n\t<div class=\"ff-inside\">\n\t\t\t\t\t<h4 class=\"ff-title\">3. Mus\u00edm by\u0165 prihl\u00e1sen\u00fd na trval\u00fd pobyt v Slovenskej republike, ke\u010f chcem po\u017eiada\u0165 o vydanie ob\u010dianskeho preukazu?<\/h4>\n\t\t\t\t<div class=\"ff-tab-content\">\n\t\t\t &nbsp;\u00c1no &#8211; ob\u010dan mus\u00ed by\u0165 prihl\u00e1sen\u00fd na trval\u00fd pobyt na \u00fazem\u00ed Slovenskej republiky, je to z\u00e1konn\u00e1 podmienka.\t\t<\/div>\n\t<\/div>\n<\/div><br>\n<div class=\"fruitful_tabs_tab\">\n\t<div class=\"ff-inside\">\n\t\t\t\t\t<h4 class=\"ff-title\">4. Ke\u010f chcem ob\u010diansky preukaz s elektronick\u00fdm \u010dipom, m\u00f4\u017eem o jeho vydanie po\u017eiada\u0165 aj bez in\u00e9ho z\u00e1konn\u00e9ho d\u00f4vodu?<\/h4>\n\t\t\t\t<div class=\"ff-tab-content\">\n\t\t\t &nbsp;\u00c1no &#8211; je to d\u00f4vod na vydanie ob\u010dianskeho preukazu, to znamen\u00e1, ak e\u0161te nem\u00e1te tzv. elektronick\u00fd ob\u010diansky preukaz, m\u00f4\u017eete o jeho vydanie po\u017eiada\u0165; v tomto pr\u00edpade za \u0161tandardn\u00fd spr\u00e1vny poplatok vo v\u00fd\u0161ke 4,50 eur.\t\t<\/div>\n\t<\/div>\n<\/div><br>\n<div class=\"fruitful_tabs_tab\">\n\t<div class=\"ff-inside\">\n\t\t\t\t\t<h4 class=\"ff-title\">5. M\u00f4\u017eem niekoho splnomocni\u0165 na prevzatie m\u00f4jho ob\u010dianskeho preukazu?<\/h4>\n\t\t\t\t<div class=\"ff-tab-content\">\n\t\t\t &nbsp;\u00c1no je to mo\u017en\u00e9, bl\u00edzka osoba (rodi\u010d, prarodi\u010d, s\u00farodenec, man\u017eel\/ka, dospel\u00e9 die\u0165a) m\u00f4\u017ee prevzia\u0165 V\u00e1\u0161 ob\u010diansky preukaz aj bez splnomocnenia po predlo\u017een\u00ed ich dokladu toto\u017enosti; in\u00e1 osoba m\u00f4\u017ee V\u00e1\u0161 ob\u010diansky preukaz prevzia\u0165 po predlo\u017een\u00ed svojho dokladu toto\u017enosti a plnomocenstva na zastupovanie s osved\u010den\u00fdm podpisom. Plnomocenstvo sa v\u0161ak nevy\u017eaduje, ak ob\u010dan star\u0161\u00ed ako 15 rokov pri podan\u00ed \u017eiadosti splnomocn\u00ed na prevzatie in\u00fa osobu a t\u00fato skuto\u010dnos\u0165 uvedie do \u017eiadosti a podp\u00ed\u0161e pred org\u00e1nom, ktor\u00fd ob\u010diansky preukaz vyd\u00e1va, alebo zastupite\u013esk\u00fdm \u00faradom.\t\t<\/div>\n\t<\/div>\n<\/div><br>\n<div class=\"fruitful_tabs_tab\">\n\t<div class=\"ff-inside\">\n\t\t\t\t\t<h4 class=\"ff-title\">6. M\u00f4\u017eem po\u017eiada\u0165 o vydanie ob\u010dianskeho preukazu aj v zahrani\u010d\u00ed?<\/h4>\n\t\t\t\t<div class=\"ff-tab-content\">\n\t\t\t &nbsp;\u00c1no &#8211; ob\u010dania m\u00f4\u017eu z d\u00f4vodu straty, odcudzenia, zni\u010denia a po\u0161kodenia ob\u010dianskeho preukazu, ako aj z d\u00f4vodu zmeny mena, \u010di priezviska a z d\u00f4vodu v\u00fdmeny za ob\u010diansky preukaz s elektronick\u00fdm \u010dipom po\u017eiada\u0165 o vydanie nov\u00e9ho ob\u010dianskeho preukazu aj <a href=\"http:\/\/www.preukaz.sk\/obciansky-preukaz\/vydanie-noveho-obcianskeho-preukazu-prostrednictvom-zastupitelskych-uradov-sr-v-zahranici\/\">prostredn\u00edctvom zastupite\u013esk\u00fdch \u00faradov<\/a> Slovenskej republiky v zahrani\u010d\u00ed.\t\t<\/div>\n\t<\/div>\n<\/div><br>\n<div class=\"fruitful_tabs_tab\">\n\t<div class=\"ff-inside\">\n\t\t\t\t\t<h4 class=\"ff-title\">7. M\u00f4\u017eem si da\u0165 doru\u010di\u0165 vyhotoven\u00fd ob\u010diansky preukaz aj na adresu, pr\u00edpadne na in\u00e9 oddelenie dokladov ako to, kde som si po\u017eiadal o ob\u010diansky preukaz?<\/h4>\n\t\t\t\t<div class=\"ff-tab-content\">\n\t\t\t &nbsp;Je to mo\u017en\u00e9 &#8211; ob\u010dan si m\u00f4\u017ee prevzia\u0165 ob\u010diansky preukaz na ktoromko\u013evek okresnom riadite\u013estve, ktor\u00e9 uviedol pri podan\u00ed \u017eiadosti o vydanie ob\u010dianskeho preukazu, alebo ob\u010dan tie\u017e m\u00f4\u017ee po\u017eiada\u0165 o doru\u010denie ob\u010dianskeho preukazu na adresu na \u00fazem\u00ed Slovenskej republiky kuri\u00e9rnou slu\u017ebou zavedenou na tento \u00fa\u010del. Bli\u017e\u0161ie inform\u00e1cie v sekcii &#8222;Prevzatie dokladu&#8220;.\t\t<\/div>\n\t<\/div>\n<\/div><br>\n<div class=\"fruitful_tabs_tab\">\n\t<div class=\"ff-inside\">\n\t\t\t\t\t<h4 class=\"ff-title\">8. V pr\u00edpade zmeny \u00fadajov v ob\u010dianskom preukaze (zmena mena, priezviska, z\u00e1pis titulu) je potrebn\u00e9 odovzda\u0165 osved\u010den\u00e9 k\u00f3pie dokladov?<\/h4>\n\t\t\t\t<div class=\"ff-tab-content\">\n\t\t\t &nbsp;Doklady potrebn\u00e9 na vydanie ob\u010dianskeho preukazu sa predkladaj\u00fa v prvopise (origin\u00e1l), osved\u010denom odpise alebo osved\u010denej k\u00f3pii ak nem\u00e1te origin\u00e1l. Dokumenty sa predkladaj\u00fa k nahliadnutiu a bud\u00fa ob\u010danovi vr\u00e1ten\u00e9, nie je potrebn\u00e9 vyhotovova\u0165 fotok\u00f3piu, ktor\u00fa ob\u010dan odovzd\u00e1.\t\t<\/div>\n\t<\/div>\n<\/div><br>\n<div class=\"fruitful_tabs_tab\">\n\t<div class=\"ff-inside\">\n\t\t\t\t\t<h4 class=\"ff-title\">9. \u010co v pr\u00edpade ak ob\u010danovi uplynie platnos\u0165 ob\u010dianskeho preukazu a nepo\u017eiada o vydanie nov\u00e9ho v z\u00e1konom stanovenej lehote do 30 dn\u00ed?<\/h4>\n\t\t\t\t<div class=\"ff-tab-content\">\n\t\t\t &nbsp;V pr\u00edpade, \u017ee si ob\u010dan nespln\u00ed povinnos\u0165 po\u017eiada\u0165 o vydanie ob\u010dianskeho preukazu do 30 dn\u00ed od jeho neplatnosti, dopust\u00ed sa priestupku, pri\u010dom za tento priestupok ob\u010danovi mo\u017eno ulo\u017ei\u0165 pokutu do v\u00fd\u0161ky 33 \u20ac.<br>\nOd ulo\u017eenia sankcie mo\u017eno tie\u017e upusti\u0165 a pri ur\u010den\u00ed jej druhu a v\u00fdmery sa prihliada na z\u00e1va\u017enos\u0165 priestupku, najm\u00e4 na sp\u00f4sob jeho sp\u00e1chania a okolnost\u00ed, za ktor\u00fdch bol sp\u00e1chan\u00fd. Rozhodnutie o ulo\u017een\u00ed sankcie je na pos\u00faden\u00ed pracovn\u00edka, ktor\u00fd V\u00e1m bude prij\u00edma\u0165 \u017eiados\u0165 o vydanie nov\u00e9ho ob\u010dianskeho preukazu.\t\t<\/div>\n\t<\/div>\n<\/div><br>\n<div class=\"fruitful_tabs_tab\">\n\t<div class=\"ff-inside\">\n\t\t\t\t\t<h4 class=\"ff-title\">10. Ak som si podal \u017eiados\u0165 o vydanie ob\u010dianskeho preukazu v z\u00e1konnej lehote (do 30 dn\u00ed) d\u00e1 sa t\u00e1to skr\u00e1ti\u0165 a doplati\u0165 si za dvojd\u0148ov\u00fa expresn\u00fa lehotu na vydanie ob\u010dianskeho preukazu?<\/h4>\n\t\t\t\t<div class=\"ff-tab-content\">\n\t\t\t &nbsp;V pr\u00edpade, ak si ob\u010dan podal \u017eiados\u0165 o vydanie ob\u010dianskeho preukazu v z\u00e1konnej lehote, do tohto procesu sa u\u017e technicky ned\u00e1 zasiahnu\u0165 a po\u017eiada\u0165 o expresn\u00fa dvojd\u0148ov\u00fa lehotu, ob\u010dan mus\u00ed po\u010dka\u0165 pokia\u013e mu bude doru\u010den\u00fd ob\u010diansky preukaz v z\u00e1konnej 30 d\u0148ovej lehote.\t\t<\/div>\n\t<\/div>\n<\/div><br>\n<div class=\"fruitful_tabs_tab\">\n\t<div class=\"ff-inside\">\n\t\t\t\t\t<h4 class=\"ff-title\">11. D\u00e1 sa vyu\u017ei\u0165 \u201e\u017diados\u0165 o vydanie ob\u010dianskeho preukazu\u201c alebo \u201ePotvrdenie o ob\u010dianskom preukaze\u201c ako n\u00e1hradn\u00fd doklad, pokia\u013e mi bude vydan\u00fd nov\u00fd ob\u010diansky preukaz?<\/h4>\n\t\t\t\t<div class=\"ff-tab-content\">\n\t\t\t &nbsp;&#8222;\u017diados\u0165 o vydanie ob\u010dianskeho preukazu&#8220; ani &#8222;Potvrdenie o ob\u010dianskom preukaze&#8220; nie je dokladom toto\u017enosti a z\u00e1vis\u00ed od ka\u017edej in\u0161tit\u00facie, kde sa nimi bude ob\u010dan preukazova\u0165, \u010di ich bude akceptova\u0165.\t\t<\/div>\n\t<\/div>\n<\/div><br>\n<\/div>","protected":false},"excerpt":{"rendered":"<p>Cena za ob\u010diansky preukaz | V\u00fd\u0161ka spr\u00e1vnych poplatkov Podanie \u017eiadosti o vydanie OP (z d\u00f4vodu zmeny alebo z\u00e1pisu nov\u00fdch \u00fadajov) 4,50 eura. Podanie \u017eiadosti o OP ako n\u00e1hrady za zni\u010den\u00fd, straten\u00fd, odcudzen\u00fd alebo po\u0161koden\u00fd ob\u010diansky preukaz 16,50 eura, Podanie \u017eiadosti o OP ako n\u00e1hrady za zni\u010den\u00fd, straten\u00fd, odcudzen\u00fd alebo po\u0161koden\u00fd ob\u010diansky preukaz, opakovane v priebehu [&hellip;]<\/p>\n","protected":false},"author":1,"featured_media":470,"parent":0,"menu_order":1,"comment_status":"closed","ping_status":"closed","template":"","meta":{"spay_email":"","footnotes":""},"_links":{"self":[{"href":"https:\/\/preukaz.sk\/index.php\/wp-json\/wp\/v2\/pages\/8"}],"collection":[{"href":"https:\/\/preukaz.sk\/index.php\/wp-json\/wp\/v2\/pages"}],"about":[{"href":"https:\/\/preukaz.sk\/index.php\/wp-json\/wp\/v2\/types\/page"}],"author":[{"embeddable":true,"href":"https:\/\/preukaz.sk\/index.php\/wp-json\/wp\/v2\/users\/1"}],"replies":[{"embeddable":true,"href":"https:\/\/preukaz.sk\/index.php\/wp-json\/wp\/v2\/comments?post=8"}],"version-history":[{"count":1,"href":"https:\/\/preukaz.sk\/index.php\/wp-json\/wp\/v2\/pages\/8\/revisions"}],"predecessor-version":[{"id":705,"href":"https:\/\/preukaz.sk\/index.php\/wp-json\/wp\/v2\/pages\/8\/revisions\/705"}],"wp:featuredmedia":[{"embeddable":true,"href":"https:\/\/preukaz.sk\/index.php\/wp-json\/"}],"wp:attachment":[{"href":"https:\/\/preukaz.sk\/index.php\/wp-json\/wp\/v2\/media?parent=8"}],"curies":[{"name":"wp","href":"https:\/\/api.w.org\/{rel}","templated":true}]}}