{"id":81,"date":"2016-07-08T15:36:09","date_gmt":"2016-07-08T13:36:09","guid":{"rendered":"http:\/\/www.preukaz.sk\/?page_id=81"},"modified":"2019-07-18T02:15:38","modified_gmt":"2019-07-18T00:15:38","slug":"poplatky-za-vydanie-obcianskeho-preukazu","status":"publish","type":"page","link":"https:\/\/preukaz.sk\/index.php\/obciansky-preukaz\/poplatky-za-vydanie-obcianskeho-preukazu\/","title":{"rendered":"Poplatky za vydanie ob\u010dianskeho preukazu | Ob\u010diansky preukaz"},"content":{"rendered":"\n<h3 class=\"wp-block-heading\">Cena za ob\u010diansky preukaz |&nbsp;<strong>V\u00fd\u0161ka spr\u00e1vnych poplatkov<\/strong><\/h3>\n\n\n\n<h4 class=\"wp-block-heading\">zmeny alebo z\u00e1pis nov\u00fdch \u00fadajov<\/h4>\n\n\n\n<p>Podanie \u017eiadosti o vydanie OP (z d\u00f4vodu zmeny alebo z\u00e1pisu nov\u00fdch \u00fadajov) 4,50 eura.<\/p>\n\n\n\n<h4 class=\"wp-block-heading\">zni\u010den\u00fd, straten\u00fd, odcudzen\u00fd alebo po\u0161koden\u00fd ob\u010diansky<\/h4>\n\n\n\n<p>Podanie \u017eiadosti o OP ako n\u00e1hrady za zni\u010den\u00fd, straten\u00fd, odcudzen\u00fd alebo po\u0161koden\u00fd ob\u010diansky preukaz 16,50 eura,<\/p>\n\n\n\n<p>Podanie \u017eiadosti o OP ako n\u00e1hrady za zni\u010den\u00fd, straten\u00fd, odcudzen\u00fd alebo po\u0161koden\u00fd ob\u010diansky preukaz, opakovane v priebehu dvoch po sebe nasleduj\u00facich rokoch 33 eur.<\/p>\n\n\n\n<h4 class=\"wp-block-heading\">vydanie do 2 dn\u00ed<\/h4>\n\n\n\n<p>Podanie \u017eiadosti o OP ur\u00fdchlene do dvoch pracovn\u00fdch dn\u00ed na \u017eiados\u0165 \u017eiadate\u013ea 20 eur + z\u00e1kladn\u00fd poplatok.<\/p>\n\n\n\n<h4 class=\"wp-block-heading\">po\u0161tovn\u00e9<\/h4>\n\n\n\n<p>Doru\u010denie OP na adresu na Slovensku slu\u017ebou na tento \u00fa\u010del zriadenou 3 eur\u00e1 + z\u00e1kladn\u00fd poplatok.<\/p>\n\n\n\n<h4 class=\"wp-block-heading\">Oslobodenie od poplatkov<\/h4>\n\n\n\n<p>Od spr\u00e1vnych poplatkov je osloboden\u00e9 podanie \u017eiadosti o vydanie prv\u00e9ho ob\u010dianskeho preukazu a nov\u00e9ho ob\u010dianskeho preukazu pod\u013ea \u00a7 7 ods. 2 (napr. po skon\u010den\u00ed doby platnosti ob\u010dianskeho preukazu) a \u00a7 17 ods. 4 z\u00e1kona \u010d. 224\/2006 Z. z. o ob\u010dianskych preukazoch.<\/p>\n\n\n\n<p>Od poplatkov je osloboden\u00e9 podanie \u017eiadosti o vydanie ob\u010dianskeho preukazu ako n\u00e1hrady za straten\u00fd alebo odcudzen\u00fd ob\u010diansky preukaz u ob\u010danov star\u0161\u00edch ako 60 rokov veku alebo u dr\u017eite\u013eov preukazu ob\u010dana s \u0165a\u017ek\u00fdm zdravotn\u00fdm postihnut\u00edm.<\/p>\n\n\n\n<p>Od poplatkov je osloboden\u00e9 podanie \u017eiadosti o vydanie ob\u010dianskeho preukazu ako n\u00e1hrady za straten\u00fd alebo odcudzen\u00fd ob\u010diansky preukaz, opakovane v priebehu dvoch po sebe nasleduj\u00facich rokov u ob\u010danov star\u0161\u00edch ako 60 rokov veku alebo u dr\u017eite\u013eov preukazu ob\u010dana s \u0165a\u017ek\u00fdm zdravotn\u00fdm postihnut\u00edm.<\/p>\n","protected":false},"excerpt":{"rendered":"<p>Cena za ob\u010diansky preukaz |&nbsp;V\u00fd\u0161ka spr\u00e1vnych poplatkov zmeny alebo z\u00e1pis nov\u00fdch \u00fadajov Podanie \u017eiadosti o vydanie OP (z d\u00f4vodu zmeny alebo z\u00e1pisu nov\u00fdch \u00fadajov) 4,50 eura. zni\u010den\u00fd, straten\u00fd, odcudzen\u00fd alebo po\u0161koden\u00fd ob\u010diansky Podanie \u017eiadosti o OP ako n\u00e1hrady za zni\u010den\u00fd, straten\u00fd, odcudzen\u00fd alebo po\u0161koden\u00fd ob\u010diansky preukaz 16,50 eura, Podanie \u017eiadosti o OP ako n\u00e1hrady za [&hellip;]<\/p>\n","protected":false},"author":1,"featured_media":0,"parent":8,"menu_order":8,"comment_status":"closed","ping_status":"closed","template":"","meta":{"spay_email":"","footnotes":""},"_links":{"self":[{"href":"https:\/\/preukaz.sk\/index.php\/wp-json\/wp\/v2\/pages\/81"}],"collection":[{"href":"https:\/\/preukaz.sk\/index.php\/wp-json\/wp\/v2\/pages"}],"about":[{"href":"https:\/\/preukaz.sk\/index.php\/wp-json\/wp\/v2\/types\/page"}],"author":[{"embeddable":true,"href":"https:\/\/preukaz.sk\/index.php\/wp-json\/wp\/v2\/users\/1"}],"replies":[{"embeddable":true,"href":"https:\/\/preukaz.sk\/index.php\/wp-json\/wp\/v2\/comments?post=81"}],"version-history":[{"count":2,"href":"https:\/\/preukaz.sk\/index.php\/wp-json\/wp\/v2\/pages\/81\/revisions"}],"predecessor-version":[{"id":712,"href":"https:\/\/preukaz.sk\/index.php\/wp-json\/wp\/v2\/pages\/81\/revisions\/712"}],"up":[{"embeddable":true,"href":"https:\/\/preukaz.sk\/index.php\/wp-json\/wp\/v2\/pages\/8"}],"wp:attachment":[{"href":"https:\/\/preukaz.sk\/index.php\/wp-json\/wp\/v2\/media?parent=81"}],"curies":[{"name":"wp","href":"https:\/\/api.w.org\/{rel}","templated":true}]}}