{"id":85,"date":"2016-07-08T15:38:46","date_gmt":"2016-07-08T13:38:46","guid":{"rendered":"http:\/\/www.preukaz.sk\/?page_id=85"},"modified":"2019-07-07T09:40:51","modified_gmt":"2019-07-07T07:40:51","slug":"priestupky-na-useku-obcianskych-preukazoch","status":"publish","type":"page","link":"https:\/\/preukaz.sk\/index.php\/obciansky-preukaz\/priestupky-na-useku-obcianskych-preukazoch\/","title":{"rendered":"Priestupky na \u00faseku ob\u010dianskych preukazoch | Ob\u010diansky preukaz"},"content":{"rendered":"<div class=\"main02next\">\n<h3>Priestupku sa dopust\u00ed ten, kto<\/h3>\n<p>Za tieto priestupky sa ulo\u017e\u00ed pokuta <strong>od<\/strong> <strong>165 \u20ac<\/strong>\u00a0<strong>do 331 \u20ac<\/strong><\/p>\n<ul>\n<li>\u00famyselne pou\u017eije neopr\u00e1vnene pozmenen\u00fd ob\u010diansky preukaz alebo zneu\u017eije cudz\u00ed ob\u010diansky preukaz,<\/li>\n<li>\u00famyselne zni\u010d\u00ed alebo po\u0161kod\u00ed ob\u010diansky preukaz,<\/li>\n<li>sa neopr\u00e1vnene zmocn\u00ed cudzieho ob\u010dianskeho preukazu,<\/li>\n<li>vykon\u00e1 alebo si vedome nech\u00e1 vykona\u0165 neopr\u00e1vnen\u00e9 zmeny v ob\u010dianskom preukaze,<\/li>\n<li>poskytne inej osobe ob\u010diansky preukaz na \u00fa\u010dely jeho zneu\u017eitia,<\/li>\n<\/ul>\n<p>Za tieto priestupky mo\u017eno ulo\u017ei\u0165 pokutu <strong>do\u00a0165 \u20ac<\/strong><\/p>\n<ul>\n<li>prijme ob\u010diansky preukaz ako predmet z\u00e1lo\u017en\u00e9ho pr\u00e1va alebo ho odoberie pri vstupe do objektu, na pozemok alebo v s\u00favislosti s poskytovan\u00edm slu\u017eieb,<\/li>\n<li>sa nedostavil na v\u00fdzvu pr\u00edslu\u0161n\u00e9ho \u00faradu na vybavenie \u017eiadosti t\u00fdkaj\u00facej sa ob\u010dianskeho preukazu,<\/li>\n<\/ul>\n<p>Za tieto priestupky mo\u017eno ulo\u017ei\u0165 pokutu <strong>do\u00a033 \u20ac<\/strong><\/p>\n<ul>\n<li>neodkladne neodovzd\u00e1 ob\u010diansky preukaz, hoci je povinn\u00fd tak urobi\u0165 (napr. \u00a7 11 p\u00edsm.\u00a0h) a \u00a7 12 ods. 1, a 2 z\u00e1kona \u010d. 224\/2006 Z. z. o ob\u010dianskych preukazoch v znen\u00ed neskor\u0161\u00edch predpisov),<\/li>\n<li>ani po opakovanej v\u00fdzve nepredlo\u017e\u00ed doklady potrebn\u00e9 na vydanie ob\u010dianskeho preukazu,<\/li>\n<li>nepo\u017eiada o vydanie ob\u010dianskeho preukazu v lehote ur\u010denej t\u00fdmto z\u00e1konom,<\/li>\n<li>odovzd\u00e1 ob\u010diansky preukaz ako predmet z\u00e1lo\u017en\u00e9ho pr\u00e1va alebo ho odovzd\u00e1 pri vstupe do objektu, na pozemok alebo v s\u00favislosti s poskytovan\u00edm slu\u017eieb,<\/li>\n<li>neodkladne neohl\u00e1si zni\u010denie, po\u0161kodenie, stratu, odcudzenie alebo zneu\u017eitie ob\u010dianskeho preukazu,<\/li>\n<li>po lehote 90 dn\u00ed a ani po opakovanej v\u00fdzve si neprevezme ob\u010diansky preukaz,<\/li>\n<li>poru\u0161\u00ed povinnos\u0165 chr\u00e1ni\u0165 ob\u010diansky preukaz pred zni\u010den\u00edm, po\u0161koden\u00edm, stratou, odcudzen\u00edm a zneu\u017eit\u00edm,<\/li>\n<\/ul>\n<p>Za tento priestupok mo\u017eno ulo\u017ei\u0165 pokutu <strong>do\u00a016 \u20ac<\/strong><\/p>\n<ul>\n<li>poru\u0161\u00ed in\u00fa povinnos\u0165 uveden\u00fa v z\u00e1kone o ob\u010dianskych preukazoch, ak sa tak\u00fdm konan\u00edm s\u0165a\u017e\u00ed plnenie \u00faloh verejnej spr\u00e1vy.<\/li>\n<\/ul>\n<\/div>\n","protected":false},"excerpt":{"rendered":"<p>Priestupku sa dopust\u00ed ten, kto Za tieto priestupky sa ulo\u017e\u00ed pokuta od 165 \u20ac\u00a0do 331 \u20ac \u00famyselne pou\u017eije neopr\u00e1vnene pozmenen\u00fd ob\u010diansky preukaz alebo zneu\u017eije cudz\u00ed ob\u010diansky preukaz, \u00famyselne zni\u010d\u00ed alebo po\u0161kod\u00ed ob\u010diansky preukaz, sa neopr\u00e1vnene zmocn\u00ed cudzieho ob\u010dianskeho preukazu, vykon\u00e1 alebo si vedome nech\u00e1 vykona\u0165 neopr\u00e1vnen\u00e9 zmeny v ob\u010dianskom preukaze, poskytne inej osobe ob\u010diansky preukaz [&hellip;]<\/p>\n","protected":false},"author":1,"featured_media":0,"parent":8,"menu_order":10,"comment_status":"closed","ping_status":"closed","template":"","meta":{"spay_email":"","footnotes":""},"_links":{"self":[{"href":"https:\/\/preukaz.sk\/index.php\/wp-json\/wp\/v2\/pages\/85"}],"collection":[{"href":"https:\/\/preukaz.sk\/index.php\/wp-json\/wp\/v2\/pages"}],"about":[{"href":"https:\/\/preukaz.sk\/index.php\/wp-json\/wp\/v2\/types\/page"}],"author":[{"embeddable":true,"href":"https:\/\/preukaz.sk\/index.php\/wp-json\/wp\/v2\/users\/1"}],"replies":[{"embeddable":true,"href":"https:\/\/preukaz.sk\/index.php\/wp-json\/wp\/v2\/comments?post=85"}],"version-history":[{"count":1,"href":"https:\/\/preukaz.sk\/index.php\/wp-json\/wp\/v2\/pages\/85\/revisions"}],"predecessor-version":[{"id":654,"href":"https:\/\/preukaz.sk\/index.php\/wp-json\/wp\/v2\/pages\/85\/revisions\/654"}],"up":[{"embeddable":true,"href":"https:\/\/preukaz.sk\/index.php\/wp-json\/wp\/v2\/pages\/8"}],"wp:attachment":[{"href":"https:\/\/preukaz.sk\/index.php\/wp-json\/wp\/v2\/media?parent=85"}],"curies":[{"name":"wp","href":"https:\/\/api.w.org\/{rel}","templated":true}]}}