{"id":87,"date":"2016-07-08T15:39:29","date_gmt":"2016-07-08T13:39:29","guid":{"rendered":"http:\/\/www.preukaz.sk\/?page_id=87"},"modified":"2019-07-07T09:40:45","modified_gmt":"2019-07-07T07:40:45","slug":"povinnosti-vlastnikov-obcianskeho-preukazu","status":"publish","type":"page","link":"https:\/\/preukaz.sk\/index.php\/obciansky-preukaz\/povinnosti-vlastnikov-obcianskeho-preukazu\/","title":{"rendered":"Povinnosti vlastn\u00edkov ob\u010dianskeho preukazu | Ob\u010diansky preukaz"},"content":{"rendered":"<h3><strong>Ob\u010dan alebo jeho opatrovn\u00edk je povinn\u00fd<\/strong><\/h3>\n<ul>\n<li>chr\u00e1ni\u0165 ob\u010diansky preukaz pred zni\u010den\u00edm, po\u0161koden\u00edm, stratou, odcudzen\u00edm a zneu\u017eit\u00edm,<\/li>\n<li>po\u017eiada\u0165 pr\u00edslu\u0161n\u00fd \u00farad o vydanie nov\u00e9ho ob\u010dianskeho preukazu do 30 dn\u00ed od neplatnosti ob\u010dianskeho preukazu,<\/li>\n<li>odovzda\u0165 pr\u00edslu\u0161n\u00e9mu \u00faradu ob\u010diansky preukaz neplatn\u00fd z d\u00f4vodov uveden\u00fdch v <a href=\"http:\/\/www.minv.sk\/?znenie-10-ods-1-pism-c-az-h\" target=\"_parent\" rel=\"noopener noreferrer\">\u00a7 10 ods. 1 p\u00edsm. c) a\u017e h)<\/a> pri po\u017eiadan\u00ed o vydanie nov\u00e9ho ob\u010dianskeho preukazu,<\/li>\n<li>odovzda\u0165 pr\u00edslu\u0161n\u00e9mu \u00faradu doteraj\u0161\u00ed ob\u010diansky preukaz pri prevzat\u00ed nov\u00e9ho ob\u010dianskeho preukazu pred skon\u010den\u00edm doby platnosti uvedenej v doteraj\u0161om ob\u010dianskom preukaze pod\u013ea <a href=\"http:\/\/www.minv.sk\/?znenie-7-ods-2-pism-d-zakona-c-224-2006-z-z-o-obcianskych-preukazoch\" target=\"_parent\" rel=\"noopener noreferrer\">\u00a7 7 ods. 2 p\u00edsm. d)<\/a>,<\/li>\n<li>ohl\u00e1si\u0165 neodkladne stratu alebo odcudzenie ob\u010dianskeho preukazu pr\u00edslu\u0161n\u00e9mu \u00faradu alebo ktor\u00e9muko\u013evek \u00fatvaru Policajn\u00e9ho zboru, dostavi\u0165 sa na vyzvanie pr\u00edslu\u0161n\u00e9ho \u00faradu na vybavenie z\u00e1le\u017eitost\u00ed t\u00fdkaj\u00facich sa ob\u010dianskeho preukazu s v\u00fdnimkou bezvl\u00e1dneho ob\u010dana; povinnos\u0165 plat\u00ed rovnako aj pre z\u00e1konn\u00e9ho z\u00e1stupcu malolet\u00e9ho,<\/li>\n<li>uvies\u0165 v \u017eiadosti o vydanie ob\u010dianskeho preukazu pravdivo a \u00faplne po\u017eadovan\u00e9 \u00fadaje a ich spr\u00e1vnos\u0165 potvrdi\u0165 svoj\u00edm podpisom; povinnos\u0165 plat\u00ed rovnako aj pre z\u00e1konn\u00e9ho z\u00e1stupcu malolet\u00e9ho,<\/li>\n<li>odovzda\u0165 neodkladne ob\u010diansky preukaz pr\u00edslu\u0161n\u00e9mu \u00faradu, ak ob\u010dan stratil \u0161t\u00e1tne ob\u010dianstvo alebo ukon\u010dil trval\u00fd pobyt na \u00fazem\u00ed Slovenskej republiky,<\/li>\n<li>odovzda\u0165 pri vzat\u00ed do v\u00e4zby alebo pri n\u00e1stupe v\u00fdkonu trestu od\u0148atia slobody ob\u010diansky preukaz do \u00faschovy \u00fastavu na v\u00fdkon v\u00e4zby, \u00fastavu na v\u00fdkon trestu od\u0148atia slobody, \u00fastavu na v\u00fdkon trestu od\u0148atia slobody pre mladistv\u00fdch alebo nemocnici pre obvinen\u00fdch a ods\u00faden\u00fdch, kde bude vykon\u00e1va\u0165 v\u00e4zbu alebo trest od\u0148atia slobody,<\/li>\n<li>po\u017eiada\u0165 o vydanie ob\u010dianskeho preukazu najnesk\u00f4r 30 dn\u00ed po nadobudnut\u00ed \u0161t\u00e1tneho ob\u010dianstva alebo po prihl\u00e1sen\u00ed sa na trval\u00fd pobyt na \u00fazem\u00ed Slovenskej republiky,<\/li>\n<li>ohl\u00e1si\u0165 neodkladne obmedzenie sp\u00f4sobilosti na pr\u00e1vne \u00fakony, pozbavenie sp\u00f4sobilosti na pr\u00e1vne \u00fakony alebo ulo\u017eenie trestu z\u00e1kazu pobytu,<\/li>\n<li>odovzda\u0165 ob\u010diansky preukaz pri podan\u00ed \u017eiadosti o vydanie nov\u00e9ho ob\u010dianskeho preukazu, ak \u017eiada o doru\u010denie ob\u010dianskeho preukazu na adresu slu\u017ebou zriadenou na tento \u00fa\u010del.<\/li>\n<\/ul>\n<p>Ob\u010diansky preukaz sa <strong>nesmie odovzda\u0165<\/strong> alebo <strong>prija\u0165<\/strong> ako predmet z\u00e1lo\u017en\u00e9ho pr\u00e1va, <strong>nesmie sa odovzda\u0165<\/strong> alebo <strong>odobra\u0165<\/strong> pri vstupe do objektu alebo na pozemok a <strong>nesmie sa odovzda\u0165<\/strong> alebo <strong>odobra\u0165<\/strong> v s\u00favislosti s poskytovan\u00edm slu\u017eieb.<\/p>\n","protected":false},"excerpt":{"rendered":"<p>Ob\u010dan alebo jeho opatrovn\u00edk je povinn\u00fd chr\u00e1ni\u0165 ob\u010diansky preukaz pred zni\u010den\u00edm, po\u0161koden\u00edm, stratou, odcudzen\u00edm a zneu\u017eit\u00edm, po\u017eiada\u0165 pr\u00edslu\u0161n\u00fd \u00farad o vydanie nov\u00e9ho ob\u010dianskeho preukazu do 30 dn\u00ed od neplatnosti ob\u010dianskeho preukazu, odovzda\u0165 pr\u00edslu\u0161n\u00e9mu \u00faradu ob\u010diansky preukaz neplatn\u00fd z d\u00f4vodov uveden\u00fdch v \u00a7 10 ods. 1 p\u00edsm. c) a\u017e h) pri po\u017eiadan\u00ed o vydanie nov\u00e9ho ob\u010dianskeho [&hellip;]<\/p>\n","protected":false},"author":1,"featured_media":0,"parent":8,"menu_order":9,"comment_status":"closed","ping_status":"closed","template":"","meta":{"spay_email":"","footnotes":""},"_links":{"self":[{"href":"https:\/\/preukaz.sk\/index.php\/wp-json\/wp\/v2\/pages\/87"}],"collection":[{"href":"https:\/\/preukaz.sk\/index.php\/wp-json\/wp\/v2\/pages"}],"about":[{"href":"https:\/\/preukaz.sk\/index.php\/wp-json\/wp\/v2\/types\/page"}],"author":[{"embeddable":true,"href":"https:\/\/preukaz.sk\/index.php\/wp-json\/wp\/v2\/users\/1"}],"replies":[{"embeddable":true,"href":"https:\/\/preukaz.sk\/index.php\/wp-json\/wp\/v2\/comments?post=87"}],"version-history":[{"count":1,"href":"https:\/\/preukaz.sk\/index.php\/wp-json\/wp\/v2\/pages\/87\/revisions"}],"predecessor-version":[{"id":653,"href":"https:\/\/preukaz.sk\/index.php\/wp-json\/wp\/v2\/pages\/87\/revisions\/653"}],"up":[{"embeddable":true,"href":"https:\/\/preukaz.sk\/index.php\/wp-json\/wp\/v2\/pages\/8"}],"wp:attachment":[{"href":"https:\/\/preukaz.sk\/index.php\/wp-json\/wp\/v2\/media?parent=87"}],"curies":[{"name":"wp","href":"https:\/\/api.w.org\/{rel}","templated":true}]}}