{"id":99,"date":"2015-07-08T16:01:11","date_gmt":"2015-07-08T14:01:11","guid":{"rendered":"http:\/\/www.preukaz.sk\/?page_id=99"},"modified":"2015-07-08T16:01:11","modified_gmt":"2015-07-08T14:01:11","slug":"vybavujem-vodicsky-preukaz","status":"publish","type":"page","link":"https:\/\/preukaz.sk\/index.php\/vodicsky-preukaz\/vybavujem-vodicsky-preukaz\/","title":{"rendered":"Vybavujem vodi\u010dsk\u00fd preukaz"},"content":{"rendered":"<p>Vodi\u010dsk\u00fd preukaz je doklad, ktor\u00fd opr\u00e1v\u0148uje jeho dr\u017eite\u013ea vies\u0165 motorov\u00e9 vozidlo. Vodi\u010d je povinn\u00fd ma\u0165 pri sebe pri jazde platn\u00fd vodi\u010dsk\u00fd preukaz.<\/p>\n<p>Vodi\u010dsk\u00fd preukaz mi udel\u00ed org\u00e1n Policajn\u00e9ho zboru, pr\u00edslu\u0161n\u00fd pod\u013ea miesta, kde sklad\u00e1m sk\u00fa\u0161ky z odbornej sp\u00f4sobilosti, pokia\u013e som dosiahol vek 18 rokov a splnil z\u00e1konom stanoven\u00e9 podmienky, predov\u0161etk\u00fdm absolvoval pr\u00edpravu v auto\u0161kole, preuk\u00e1zal na sk\u00fa\u0161ke schopnos\u0165 vies\u0165 motorov\u00e9 vozidlo a som na to zdravotne sp\u00f4sobil\u00fd. <\/p>\n<p>Vodi\u010dsk\u00e9 preukazy sa \u010dlenia pod\u013ea skup\u00edn a podskup\u00edn, v z\u00e1vislosti od toho na riadenie ak\u00fdch vozidiel m\u00e1m opr\u00e1vnenie.<\/p>\n<p><strong>Na vydanie prv\u00e9ho i nov\u00e9ho vodi\u010dsk\u00e9ho preukazu mus\u00edm predlo\u017ei\u0165:<\/strong><\/p>\n<p> \u2022 vyplnen\u00e9 \u00faradn\u00e9 tla\u010divo so \u017eiados\u0165ou o vodi\u010dsk\u00fd preukaz <\/p>\n<p> \u2022 doklad toto\u017enosti. <\/p>\n<p>Bude mi tie\u017e nasn\u00edman\u00e1  podoba a vlastnoru\u010dn\u00fd podpis, ako s\u00fa\u010das\u0165 vodi\u010dsk\u00e9ho preukazu.<\/p>\n<p>Prv\u00e9 vodi\u010dsk\u00e9 opr\u00e1vnenie sa ude\u013euje na sk\u00fa\u0161obn\u00fa lehotu dvoch rokov, ktor\u00e1 za\u010d\u00edna plyn\u00fa\u0165 odo d\u0148a vydania vodi\u010dsk\u00e9ho preukazu.<\/p>\n<p>V pr\u00edpade \u017ee je m\u00f4j vodi\u010dsk\u00fd preukaz zni\u010den\u00fd, straten\u00fd, alebo ukradnut\u00fd, m\u00e1m povinnos\u0165 toto ozn\u00e1mi\u0165 do siedmich dn\u00ed okresn\u00e9mu dopravn\u00e9mu in\u0161pektor\u00e1tu.<\/p>\n<p>Pokia\u013e cestujem za hranice Slovenskej republiky, m\u00f4\u017eem vo v\u00e4\u010d\u0161ine eur\u00f3pskych kraj\u00edn pou\u017e\u00edva\u0165 slovensk\u00fd vodi\u010dsk\u00fd preukaz. V niektor\u00fdch krajin\u00e1ch Eur\u00f3py a mimo n\u00e1\u0161ho kontinentu je potrebn\u00e9 sa preuk\u00e1za\u0165 <a href=\"http:\/\/www.preukaz.sk\/vodicsky-preukaz\/medzinarodny-vodicsky-preukaz\/\">medzin\u00e1rodn\u00fdm vodi\u010dsk\u00fdm preukazom<\/a>, preto je vhodn\u00e9 si ho pred cestou do zahrani\u010dia vybavi\u0165.<\/p>\n","protected":false},"excerpt":{"rendered":"<p>Vodi\u010dsk\u00fd preukaz je doklad, ktor\u00fd opr\u00e1v\u0148uje jeho dr\u017eite\u013ea vies\u0165 motorov\u00e9 vozidlo. Vodi\u010d je povinn\u00fd ma\u0165 pri sebe pri jazde platn\u00fd vodi\u010dsk\u00fd preukaz. Vodi\u010dsk\u00fd preukaz mi udel\u00ed org\u00e1n Policajn\u00e9ho zboru, pr\u00edslu\u0161n\u00fd pod\u013ea miesta, kde sklad\u00e1m sk\u00fa\u0161ky z odbornej sp\u00f4sobilosti, pokia\u013e som dosiahol vek 18 rokov a splnil z\u00e1konom stanoven\u00e9 podmienky, predov\u0161etk\u00fdm absolvoval pr\u00edpravu v auto\u0161kole, preuk\u00e1zal [&hellip;]<\/p>\n","protected":false},"author":1,"featured_media":0,"parent":62,"menu_order":21,"comment_status":"closed","ping_status":"closed","template":"","meta":{"spay_email":"","footnotes":""},"_links":{"self":[{"href":"https:\/\/preukaz.sk\/index.php\/wp-json\/wp\/v2\/pages\/99"}],"collection":[{"href":"https:\/\/preukaz.sk\/index.php\/wp-json\/wp\/v2\/pages"}],"about":[{"href":"https:\/\/preukaz.sk\/index.php\/wp-json\/wp\/v2\/types\/page"}],"author":[{"embeddable":true,"href":"https:\/\/preukaz.sk\/index.php\/wp-json\/wp\/v2\/users\/1"}],"replies":[{"embeddable":true,"href":"https:\/\/preukaz.sk\/index.php\/wp-json\/wp\/v2\/comments?post=99"}],"version-history":[{"count":0,"href":"https:\/\/preukaz.sk\/index.php\/wp-json\/wp\/v2\/pages\/99\/revisions"}],"up":[{"embeddable":true,"href":"https:\/\/preukaz.sk\/index.php\/wp-json\/wp\/v2\/pages\/62"}],"wp:attachment":[{"href":"https:\/\/preukaz.sk\/index.php\/wp-json\/wp\/v2\/media?parent=99"}],"curies":[{"name":"wp","href":"https:\/\/api.w.org\/{rel}","templated":true}]}}